{"id":650,"date":"2025-01-05T10:55:13","date_gmt":"2025-01-05T15:55:13","guid":{"rendered":"http:\/\/schapendoesclub.ca\/?page_id=650"},"modified":"2026-01-16T16:59:09","modified_gmt":"2026-01-16T21:59:09","slug":"club-membership","status":"publish","type":"page","link":"https:\/\/schapendoesclub.ca\/fr\/club-membership\/","title":{"rendered":"Adh\u00e9sion\\Renouvellement"},"content":{"rendered":"<div class=\"x14z9mp xat24cr x1lziwak x1vvkbs xtlvy1s x126k92a\">\n<div dir=\"auto\">Il vous suffit d\u2019envoyer un courriel \u00e0 <a href=\"mailto:communications@SchapendoesClub.ca\">communications@SchapendoesClub.ca<\/a> en fournissant les informations suivantes :<\/div>\n<div dir=\"auto\"><\/div>\n<\/div>\n<div class=\"x14z9mp xat24cr x1lziwak x1vvkbs xtlvy1s x126k92a\">\n<div dir=\"auto\"><strong>Type d\u2019adh\u00e9sion :<\/strong> (Individuelle, Familiale ou Internationale)<\/div>\n<div dir=\"auto\"><strong>Pr\u00e9nom et nom :<\/strong> (pour une adh\u00e9sion familiale, inclure tous les membres)<\/div>\n<div dir=\"auto\"><strong>Adresse postale:<\/strong><\/div>\n<div dir=\"auto\"><strong>Province:<\/strong><\/div>\n<div dir=\"auto\"><strong>Code postal:<\/strong><\/div>\n<div dir=\"auto\"><strong>Num\u00e9ro de t\u00e9l\u00e9phone:<\/strong><a href=\"http:\/\/schapendoesclub.ca\/wp-content\/uploads\/2026\/01\/Adhesion_Schapendoes.jpg\"><img loading=\"lazy\" decoding=\"async\" class=\"size-medium wp-image-1953 alignright\" src=\"http:\/\/schapendoesclub.ca\/wp-content\/uploads\/2026\/01\/Adhesion_Schapendoes-200x300.jpg\" alt=\"\" width=\"200\" height=\"300\" data-wp-pid=\"1953\" srcset=\"https:\/\/schapendoesclub.ca\/wp-content\/uploads\/2026\/01\/Adhesion_Schapendoes-200x300.jpg 200w, https:\/\/schapendoesclub.ca\/wp-content\/uploads\/2026\/01\/Adhesion_Schapendoes.jpg 526w\" sizes=\"auto, (max-width: 200px) 100vw, 200px\" \/><\/a><\/div>\n<div dir=\"auto\"><strong>Courriel :<\/strong> (inclure toutes les adresses pour une adh\u00e9sion familiale)<\/div>\n<div dir=\"auto\"><strong>Nom du ou des chiens, ann\u00e9e de naissance et nom de l\u2019\u00e9leveur :<\/strong><\/div>\n<div dir=\"auto\">Exemple : Paddington, 2025, Messy Hair Kennels<\/div>\n<\/div>\n<div class=\"x14z9mp xat24cr x1lziwak x1vvkbs xtlvy1s x126k92a\">\n<div dir=\"auto\"><\/div>\n<div dir=\"auto\">Les frais d\u2019adh\u00e9sion sont les suivants :<\/div>\n<\/div>\n<div class=\"x14z9mp xat24cr x1lziwak x1vvkbs xtlvy1s x126k92a\">\n<div dir=\"auto\"><\/div>\n<div dir=\"auto\">Adh\u00e9sion individuelle : 25 $ (inclut un droit de vote \u00e0 l\u2019assembl\u00e9e g\u00e9n\u00e9rale annuelle)<\/div>\n<div dir=\"auto\">Adh\u00e9sion familiale : 30 $ (inclut deux droits de vote \u00e0 l\u2019assembl\u00e9e g\u00e9n\u00e9rale annuelle)<\/div>\n<div dir=\"auto\">Adh\u00e9sion internationale (non-r\u00e9sident canadien) : 30 $ (sans droit de vote \u00e0 l\u2019assembl\u00e9e g\u00e9n\u00e9rale annuelle)<\/div>\n<div dir=\"auto\"><\/div>\n<div dir=\"auto\">Le paiement peut \u00eatre effectu\u00e9 par virement Interac \u00e0 l\u2019adresse suivante :<\/div>\n<\/div>\n<div class=\"x14z9mp xat24cr x1lziwak x1vvkbs xtlvy1s x126k92a\">\n<div dir=\"auto\"><a href=\"mailto:treasurer@schapendoesclub.ca\">treasurer@schapendoesclub.ca<\/a><\/div>\n<\/div>\n<div class=\"x14z9mp xat24cr x1lziwak x1vvkbs xtlvy1s x126k92a\">\n<div dir=\"auto\"><\/div>\n<div dir=\"auto\">Un courriel de confirmation vous sera envoy\u00e9 suivant la r\u00e9ception de votre renouvellement et du paiement.<\/div>\n<div dir=\"auto\"><\/div>\n<\/div>\n<p>&nbsp;<\/p>\n","protected":false},"excerpt":{"rendered":"<p>Il vous suffit d\u2019envoyer un courriel \u00e0 communications@SchapendoesClub.ca en fournissant les informations suivantes : Type d\u2019adh\u00e9sion : (Individuelle, Familiale ou Internationale) Pr\u00e9nom et nom : (pour une adh\u00e9sion familiale, inclure tous les membres) Adresse postale: Province: Code postal: Num\u00e9ro de<\/p>\n","protected":false},"author":5,"featured_media":0,"parent":0,"menu_order":0,"comment_status":"closed","ping_status":"closed","template":"","meta":{"_monsterinsights_skip_tracking":false,"_monsterinsights_sitenote_active":false,"_monsterinsights_sitenote_note":"","_monsterinsights_sitenote_category":0,"footnotes":""},"tags":[],"class_list":["post-650","page","type-page","status-publish","hentry"],"translation":{"provider":"WPGlobus","version":"3.0.2","language":"fr","enabled_languages":["en","fr"],"languages":{"en":{"title":true,"content":true,"excerpt":false},"fr":{"title":true,"content":true,"excerpt":false}}},"yoast_head":"<!-- This site is optimized with the Yoast SEO plugin v27.3 - https:\/\/yoast.com\/product\/yoast-seo-wordpress\/ -->\n<title>Adh\u00e9sion\\Renouvellement - Club des Schapendoes du Canada<\/title>\n<meta name=\"robots\" content=\"index, follow, max-snippet:-1, max-image-preview:large, max-video-preview:-1\" \/>\n<link rel=\"canonical\" href=\"http:\/\/schapendoesclub.ca\/club-membership\/\" \/>\n<meta name=\"twitter:label1\" content=\"Est. reading time\" \/>\n\t<meta name=\"twitter:data1\" content=\"1 minute\" \/>\n<!-- \/ Yoast SEO plugin. -->","yoast_head_json":{"title":"Adh\u00e9sion\\Renouvellement - Club des Schapendoes du Canada","robots":{"index":"index","follow":"follow","max-snippet":"max-snippet:-1","max-image-preview":"max-image-preview:large","max-video-preview":"max-video-preview:-1"},"canonical":"http:\/\/schapendoesclub.ca\/club-membership\/","twitter_misc":{"Est. reading time":"1 minute"},"schema":{"@context":"https:\/\/schema.org","@graph":[{"@type":"WebPage","@id":"http:\/\/schapendoesclub.ca\/club-membership\/","url":"http:\/\/schapendoesclub.ca\/club-membership\/","name":"Adh\u00e9sion\\Renouvellement - Club des Schapendoes du Canada","isPartOf":{"@id":"http:\/\/schapendoesclub.ca\/#website"},"primaryImageOfPage":{"@id":"http:\/\/schapendoesclub.ca\/club-membership\/#primaryimage"},"image":{"@id":"http:\/\/schapendoesclub.ca\/club-membership\/#primaryimage"},"thumbnailUrl":"http:\/\/schapendoesclub.ca\/wp-content\/uploads\/2026\/01\/Adhesion_Schapendoes-200x300.jpg","datePublished":"2025-01-05T15:55:13+00:00","dateModified":"2026-01-16T21:59:09+00:00","breadcrumb":{"@id":"http:\/\/schapendoesclub.ca\/club-membership\/#breadcrumb"},"inLanguage":"fr-FR","potentialAction":[{"@type":"ReadAction","target":["http:\/\/schapendoesclub.ca\/club-membership\/"]}]},{"@type":"ImageObject","inLanguage":"fr-FR","@id":"http:\/\/schapendoesclub.ca\/club-membership\/#primaryimage","url":"http:\/\/schapendoesclub.ca\/wp-content\/uploads\/2026\/01\/Adhesion_Schapendoes-200x300.jpg","contentUrl":"http:\/\/schapendoesclub.ca\/wp-content\/uploads\/2026\/01\/Adhesion_Schapendoes-200x300.jpg"},{"@type":"BreadcrumbList","@id":"http:\/\/schapendoesclub.ca\/club-membership\/#breadcrumb","itemListElement":[{"@type":"ListItem","position":1,"name":"Home","item":"https:\/\/schapendoesclub.ca\/"},{"@type":"ListItem","position":2,"name":"Club Membership"}]},{"@type":"WebSite","@id":"http:\/\/schapendoesclub.ca\/#website","url":"http:\/\/schapendoesclub.ca\/","name":"Club des Schapendoes du Canada","description":"The Schapendoes Breed of Dogs in Canada","potentialAction":[{"@type":"SearchAction","target":{"@type":"EntryPoint","urlTemplate":"http:\/\/schapendoesclub.ca\/?s={search_term_string}"},"query-input":{"@type":"PropertyValueSpecification","valueRequired":true,"valueName":"search_term_string"}}],"inLanguage":"fr-FR"}]}},"jetpack_sharing_enabled":true,"jetpack_shortlink":"https:\/\/wp.me\/P4I34Z-au","_links":{"self":[{"href":"https:\/\/schapendoesclub.ca\/fr\/wp-json\/wp\/v2\/pages\/650","targetHints":{"allow":["GET"]}}],"collection":[{"href":"https:\/\/schapendoesclub.ca\/fr\/wp-json\/wp\/v2\/pages"}],"about":[{"href":"https:\/\/schapendoesclub.ca\/fr\/wp-json\/wp\/v2\/types\/page"}],"author":[{"embeddable":true,"href":"https:\/\/schapendoesclub.ca\/fr\/wp-json\/wp\/v2\/users\/5"}],"replies":[{"embeddable":true,"href":"https:\/\/schapendoesclub.ca\/fr\/wp-json\/wp\/v2\/comments?post=650"}],"version-history":[{"count":60,"href":"https:\/\/schapendoesclub.ca\/fr\/wp-json\/wp\/v2\/pages\/650\/revisions"}],"predecessor-version":[{"id":1659,"href":"https:\/\/schapendoesclub.ca\/fr\/wp-json\/wp\/v2\/pages\/650\/revisions\/1659"}],"wp:attachment":[{"href":"https:\/\/schapendoesclub.ca\/fr\/wp-json\/wp\/v2\/media?parent=650"}],"wp:term":[{"taxonomy":"post_tag","embeddable":true,"href":"https:\/\/schapendoesclub.ca\/fr\/wp-json\/wp\/v2\/tags?post=650"}],"curies":[{"name":"wp","href":"https:\/\/api.w.org\/{rel}","templated":true}]}}