{"id":641,"date":"2014-08-10T14:35:35","date_gmt":"2014-08-10T18:35:35","guid":{"rendered":"http:\/\/schapendoesclub.ca\/?page_id=641"},"modified":"2015-10-11T07:30:35","modified_gmt":"2015-10-11T11:30:35","slug":"health","status":"publish","type":"page","link":"https:\/\/schapendoesclub.ca\/fr\/health\/health\/","title":{"rendered":"Sant\u00e9 et soins"},"content":{"rendered":"<p><strong>Sant\u00e9<\/strong><strong><br \/>\n<\/strong>Le Schapendoes est un chien rustique et robuste dont la sant\u00e9 ne pose g\u00e9n\u00e9ralement aucun probl\u00e8me. Comme c\u2019est une race rare et peu connue, il n\u2019a pas fait l\u2019objet d\u2019un grand engouement. En cons\u00e9quence, il n\u2019a pas fait l\u2019objet non plus d\u2019accouplements excessifs et irr\u00e9fl\u00e9chis comme cela est arriv\u00e9 \u00e0 de nombreuses races populaires. Ils n\u2019ont donc pas de probl\u00e8mes h\u00e9r\u00e9ditaires et g\u00e9n\u00e9tiques particuliers. Leur dur\u00e9e de vie moyenne est d&#8217;environ 14 ans.<\/p>\n<p>&nbsp;<\/p>\n<p><strong>Soins<br \/>\n<\/strong>Le principaux soins concernent principalement la peau mais il y a aussi d&#8217;autres aspects qui n\u00e9cessitent une attention particuli\u00e8re. C\u2019est ce dont il sera question maintenant.<\/p>\n<p>&nbsp;<\/p>\n<p><strong>Toilettage\u2028<\/strong><br \/>\nLe Schapendoes a une magnifique fourrure qui se compose d\u2019un sous-poil laineux et de longs poils \u00e9bouriff\u00e9s et secs. Le sous-poil est un bon isolant et, combin\u00e9 aux longs poils secs, il est \u00e9galement imperm\u00e9able \u00e0 la pluie.<\/p>\n<p>Il est donc important de conserver ce sous-poil qui prot\u00e8ge \u00e0 la fois le Schapendoes des grands froids et des journ\u00e9es chaudes de l\u2019\u00e9t\u00e9. C\u2019est pourquoi, il est recommand\u00e9 de faire un entretien r\u00e9gulier de sa fourrure avec un peigne \u00e0 larges dents de fa\u00e7on \u00e0 \u00e9liminer les noeuds sans enlever tout le sous-poil.<\/p>\n<p>L\u2019\u00e9leveur est en mesure de vous donner une d\u00e9monstration de la fa\u00e7on de peigner votre chien. Aussi les prochaines informations ne constituent qu\u2019un coup de main suppl\u00e9mentaire \u00e0 ce qu\u2019il vous aura montr\u00e9. Enfin, si vous rencontrez des probl\u00e8mes au niveau du toilettage de votre chien, n\u2019h\u00e9sitez pas \u00e0 le contacter puisqu\u2019il est le plus \u00e0 m\u00eame de vous donner des conseils.<\/p>\n<p>&nbsp;<\/p>\n<p><strong>Les outils recommand\u00e9s pour un bon toilettage sont les suivants:<\/strong><\/p>\n<ul>\n<li>une table de toilettage qui vous facilitera la t\u00e2che;<\/li>\n<li>un peigne \u00e0 larges dents;<\/li>\n<li>une paire de ciseau sculpteur pour amincir poil devant yeux;<\/li>\n<li>un clipper pour les orteils et les parties g\u00e9nitales.<\/li>\n<\/ul>\n<p><strong><img loading=\"lazy\" decoding=\"async\" class=\"alignnone\" title=\"Combs for Schapendoes\" src=\"http:\/\/www.groomersmall.com\/images\/RS-80_Combs-lg.jpg\" alt=\"Combs for Schapendoes\" width=\"487\" height=\"473\" \/><\/strong><\/p>\n<p><strong>Toilettage d\u2019un chiot<br \/>\n<\/strong>Il est important d\u2019apprendre \u00e0 votre chiot qu\u2019il est agr\u00e9able d\u2019\u00eatre toilett\u00e9 afin qu\u2019il soit facile de le faire quand il sera plus vieux. Alors, d\u00e8s son arriv\u00e9e \u00e0 la maison, peignez-le m\u00eame s\u2019il a le poil court. Et faites-le plusieurs fois par semaine tout en le f\u00e9licitant et le r\u00e9compensant pour son bon comportement. Profitez-en en m\u00eame temps pour l\u2019habituer \u00e0 \u00eatre manipul\u00e9. Ainsi, regardez dans ses oreilles, v\u00e9rifiez ses yeux, ouvrez-lui la bouche et regardez ses dents, prenez chacune de ses pattes et manipulez chacun de ses orteils pour le pr\u00e9parer \u00e0 la coupe des griffes. Et vous faites tout cela en continuant \u00e0 le f\u00e9liciter.<\/p>\n<p>Quand votre chiot sera un peu plus \u00e2g\u00e9, allez un peu plus loin et couchez-le sur le c\u00f4t\u00e9 pendant que vous le peignez. Vous pouvez travailler avec un partenaire qui le f\u00e9licitera et lui donnera \u00e0 l\u2019occasion une g\u00e2terie pendant que vous le peignerez. L\u2019objectif \u00e9tant toujours d\u2019apprendre \u00e0 votre chiot que le toilettage peut \u00eatre amusant.<\/p>\n<p><u>\u00a0<\/u><\/p>\n<p><strong>Toilettage d\u2019un adolescent<br \/>\n<\/strong>La fourrure du Schapendoes commence \u00e0 changer aux alentours de 8 \u00e0 12 mois. C\u2019est en effet durant cette p\u00e9riode que la texture de sa fourrure se met \u00e0 ressembler de plus en plus \u00e0 celle d\u2019un adulte. Ainsi, sa fourrure devient de plus en plus s\u00e8che tout en rallongeant ce qui entra\u00eene la formation de nombreux noeuds. Il est donc important de le peigner plus r\u00e9guli\u00e8rement, au moins 2-3 fois par semaine si ce n\u2019est tous les jours. Si vous ne le faites pas, votre chien sera rapidement plein de noeuds et son sous-poil sera tout feutr\u00e9 et vous ne serez plus capable de bien le peigner. Vous devez donc \u00eatre bien constant sur le toilettage \u00e0 partir de 8-12 mois jusqu\u2019\u00e0 18 mois, et m\u00eame 2 ans pour certains chiens. \u00c0 ce moment-l\u00e0, votre chien aura son pelage adulte et d\u00e9finitif et un bon brossage hebdomadaire suffira.<\/p>\n<p>Alors qu\u2019il commence \u00e0 changer de fourrure, votre Schapendoes entre \u00e9galement dans l\u2019adolescence. P\u00e9riode o\u00f9 le chien semble avoir oublier tout ce qu\u2019il a appris au cours des semaines et des mois pr\u00e9c\u00e9dents et il en est de m\u00eame pour la session de toilettage. Il est judicieux \u00e0 cette \u00e9poque de vous faire aider par une autre personne qui pourra veiller \u00e0 ce que votre chien reste bien tranquille. Et vous aurez ainsi vos deux mains pour d\u00e9m\u00ealer les noeuds et pour bien d\u00e9bourrer le sous-poil, sans tout enlever bien s\u00fbr.<\/p>\n<p>&nbsp;<\/p>\n<p><strong>Toilettage d\u2019un adulte<br \/>\n<\/strong>Vous trouverez s\u00fbrement que le toilettage d\u2019un chien adulte est moins contraignant. Une fois qu\u2019il a son poil mature, soit aux alentours de 18 mois et 24 mois, le Schapendoes ne demande habituellement qu\u2019un bon brossage une fois par semaine. Certains Schapendoes ne demandent qu\u2019un brossage aux deux semaines et d\u2019autres encore moins. Cette diff\u00e9rence dans la quantit\u00e9 de brossages n\u00e9cessaires est reli\u00e9e g\u00e9n\u00e9ralement \u00e0 la couleur de la fourrure de votre chien. G\u00e9n\u00e9ralement, la fourrure noire de m\u00eame que la marron demande un brossage plus r\u00e9gulier que la fourrure blanche et grise.<\/p>\n<p>&nbsp;<\/p>\n<p><strong>Technique de brossage<br \/>\n<\/strong>La meilleure fa\u00e7on de peigner votre Schapendoes est de le faire par couches. Pensez \u00e0 votre coiffeuse qui fait une raie et rel\u00e8ve vos cheveux pour couper les cheveux de votre nuque. C\u2019est de la m\u00eame fa\u00e7on qu\u2019il faut proc\u00e9der pour bien peigner votre Schapendoes et ce, sur toutes les parties de son corps.<\/p>\n<p><a href=\"http:\/\/schapendoesclub.ca\/wp-content\/uploads\/2014\/08\/hair.jpg\"><img loading=\"lazy\" decoding=\"async\" class=\"alignnone wp-image-822 size-full\" title=\"Unbrushed Schapendoes hair\" src=\"http:\/\/schapendoesclub.ca\/wp-content\/uploads\/2014\/08\/hair.jpg\" alt=\"Unbrushed Schapendoes hair\" width=\"640\" height=\"480\" srcset=\"https:\/\/schapendoesclub.ca\/wp-content\/uploads\/2014\/08\/hair.jpg 640w, https:\/\/schapendoesclub.ca\/wp-content\/uploads\/2014\/08\/hair-300x225.jpg 300w, https:\/\/schapendoesclub.ca\/wp-content\/uploads\/2014\/08\/hair-600x450.jpg 600w\" sizes=\"auto, (max-width: 640px) 100vw, 640px\" \/><\/a><\/p>\n<p>Commencer par une petite partie des cheveux. Une fois cette partie bien peign\u00e9e, abaisser une autre couche que vous peignerez et ainsi de suite.<\/p>\n<p><img loading=\"lazy\" decoding=\"async\" src=\"http:\/\/schapendoesclub.ca\/wp-content\/uploads\/2014\/08\/hair2.jpg\" alt=\"\" width=\"640\" height=\"480\" \/><\/p>\n<p>Il est pr\u00e9f\u00e9rable de commencer par peigner les pattes en commen\u00e7ant par le bas apr\u00e8s avoir lev\u00e9 une partie des poils. Une fois cette partie bross\u00e9e, vous attaquez une autre couche et ainsi de suite jusqu\u2019\u00e0 ce que vous atteignez le corps.<\/p>\n<p><a href=\"http:\/\/schapendoesclub.ca\/wp-content\/uploads\/2014\/08\/hair1.jpg\"><img loading=\"lazy\" decoding=\"async\" class=\"alignnone wp-image-826 size-full\" title=\"Schapendoes hair brushed piece by piece from bottom to top of dog\" src=\"http:\/\/schapendoesclub.ca\/wp-content\/uploads\/2014\/08\/hair1-e1408235940260.jpg\" alt=\"Schapendoes hair brushed piece by piece from bottom to top of dog\" width=\"640\" height=\"480\" srcset=\"https:\/\/schapendoesclub.ca\/wp-content\/uploads\/2014\/08\/hair1-e1408235940260.jpg 640w, https:\/\/schapendoesclub.ca\/wp-content\/uploads\/2014\/08\/hair1-e1408235940260-300x225.jpg 300w, https:\/\/schapendoesclub.ca\/wp-content\/uploads\/2014\/08\/hair1-e1408235940260-600x450.jpg 600w\" sizes=\"auto, (max-width: 640px) 100vw, 640px\" \/><\/a><\/p>\n<p>La technique est toujours la m\u00eame sur le corps de votre Schapendoes. Commencer au niveau de son ventre en soulevant toujours les cheveux. Et apr\u00e8s avoir peign\u00e9 la partie du ventre, vous baissez une petite partie un peu plus haut et ainsi de suite jusqu\u2019\u00e0 ce que vous atteigniez la colonne vert\u00e9brale.<\/p>\n<p><a href=\"http:\/\/schapendoesclub.ca\/wp-content\/uploads\/2014\/08\/hair-3.jpg\"><img loading=\"lazy\" decoding=\"async\" class=\"alignnone wp-image-823 size-full\" title=\"Schapendoes hair all brushed out\" src=\"http:\/\/schapendoesclub.ca\/wp-content\/uploads\/2014\/08\/hair-3.jpg\" alt=\"Schapendoes hair all brushed out\" width=\"640\" height=\"480\" srcset=\"https:\/\/schapendoesclub.ca\/wp-content\/uploads\/2014\/08\/hair-3.jpg 640w, https:\/\/schapendoesclub.ca\/wp-content\/uploads\/2014\/08\/hair-3-300x225.jpg 300w, https:\/\/schapendoesclub.ca\/wp-content\/uploads\/2014\/08\/hair-3-600x450.jpg 600w\" sizes=\"auto, (max-width: 640px) 100vw, 640px\" \/><\/a><\/p>\n<p>Pour ce qui est des endroits particuli\u00e8rement m\u00eal\u00e9s, vous devriez essayer de les peigner en allant des extr\u00e9mit\u00e9s ext\u00e9rieures du noeud vers l\u2019int\u00e9rieur. N\u2019utilisez les ciseaux qu\u2019en dernier recours. Et si vous utilisez des ciseaux, ne coupez pas le noeud mais passez plut\u00f4t le ciseau \u00e0 travers le noeud pour le s\u00e9parer (toujours couper le noeud du haut vers le bas et en mettant un c\u00f4t\u00e9 non tranchant sur la peau pour ne pas blesser votre chien). Par la suite, compl\u00e9tez en peignant le noeud ainsi s\u00e9par\u00e9.<\/p>\n<p>Certains endroits de votre chien sont plus propices aux noeuds: la barbe, sous les oreilles, en-dessous du cou, entre les pattes de derri\u00e8re et de devant, sous les aisselles et aux coudes. Il ne faut pas oublier les poils entre les orteils et les coussinets. \u00c0 couper avec un clipper. Il ne faut pas couper ou tailler les poils sur la t\u00eate et devant les yeux. Si l\u2019\u00e9paisseur du poil devant les yeux est important, utilisez un ciseau sculpteur pour les amincir. Si vous \u00eates int\u00e9ress\u00e9 \u00e0 faire de l\u2019agilit\u00e9 ou toute autre activit\u00e9 avec votre Schapendoes, vous pouvez lui relever les poils devant les yeux en queue de cheval. Utilisez \u00e0 cet effet, un \u00e9lastique qui ne lui brisera pas ses poils.<\/p>\n<p>Enfin, tailler avec un clipper les poils qui s\u2019accumulent autour de l\u2019anus, entre les testicules et \u00e0 l\u2019extr\u00e9mit\u00e9 du p\u00e9nis chez le m\u00e2le. Faites de m\u00eame pour la femelle autour de l\u2019anus et de la vulve.<\/p>\n<p>&nbsp;<\/p>\n<p><strong>Lavage<br \/>\n<\/strong>La fourrure du Schapendoes est auto-nettoyante. Une fois la salet\u00e9 s\u00e8che, elle tombe naturellement. Un coup de peigne peut aider.<\/p>\n<p>G\u00e9n\u00e9ralement un bain, deux \u00e0 trois fois par ann\u00e9e, est bien suffisant.<\/p>\n<p>&nbsp;<\/p>\n<p><strong>Entretien des oreilles<br \/>\n<\/strong>Comme le Schapendoes a les oreilles tombantes, il est important de v\u00e9rifier r\u00e9guli\u00e8rement ses oreilles. Il est g\u00e9n\u00e9ralement recommand\u00e9 de les nettoyer avec un produit sp\u00e9cialement destin\u00e9 \u00e0 cet usage. Votre v\u00e9t\u00e9rinaire tient g\u00e9n\u00e9ralement ces produits et il pourra vous indiquer comment proc\u00e9der.<\/p>\n<p>Du poil pousse dans le conduit auditif. Il se peut que cela cause des otites. Si c\u2019est le cas de votre Schapendoes, il serait indiqu\u00e9 de lui enlever le poil par petites touffes en vous servant du pouce et de l\u2019index ou d\u2019une pince \u00e0 \u00e9piler. Ce processus peut \u00eatre faciliter par l\u2019utilisation d\u2019une poudre que vous pouvez trouver chez votre v\u00e9t\u00e9rinaire ou dans une animalerie.<\/p>\n<p>Il se peut que le poil dans le conduit auditif n\u2019affecte pas du tout votre chien. Si c\u2019est le cas, contentez-vous de nettoyer r\u00e9guli\u00e8rement ses oreilles sans lui enlever le poil. Certains Schapendoes sont plus enclins \u00e0 avoir des otites quand on le leur enl\u00e8ve.<\/p>\n<p>&nbsp;<\/p>\n<p><strong>Dents<br \/>\n<\/strong>Jetez un oeil aux dents de votre chiot lors du toilettage, vous pourrez voir\u00a0\u00a0 ainsi o\u00f9 en est rendu le d\u00e9veloppement de sa dentition. Commence-t-il \u00e0 perdre ses dents de b\u00e9b\u00e9s? Ses dents d\u2019adulte commencent-elles \u00e0 remplacer les dents de b\u00e9b\u00e9s? Une dent d\u2019adulte est-elle en train de pousser alors que la dent de b\u00e9b\u00e9 n\u2019est pas tomb\u00e9 entra\u00eenant ainsi le mauvais d\u00e9veloppement de la dent? Si tel est le cas, il est important de faire enlever la dent de b\u00e9b\u00e9.<\/p>\n<p>Parfois, il s\u2019\u00e9coule beaucoup de temps entre la perte de la dent de b\u00e9b\u00e9 et l\u2019arriv\u00e9e de la dent adulte. La dent adulte a peut-\u00eatre de la difficult\u00e9 \u00e0 percer la gencive. Une petite incision faite par votre v\u00e9t\u00e9rinaire peut alors aider.<\/p>\n<p>En vieillissant, du tartre peut se former sur les dents de votre chien.<\/p>\n<p><a href=\"http:\/\/schapendoesclub.ca\/wp-content\/uploads\/2014\/08\/teeth1.jpg\"><img loading=\"lazy\" decoding=\"async\" class=\"alignnone wp-image-829 size-full\" title=\"Tartar build up on Schapendoes teeth\" src=\"http:\/\/schapendoesclub.ca\/wp-content\/uploads\/2014\/08\/teeth1.jpg\" alt=\"Tartar build up on Schapendoes teeth\" width=\"640\" height=\"480\" srcset=\"https:\/\/schapendoesclub.ca\/wp-content\/uploads\/2014\/08\/teeth1.jpg 640w, https:\/\/schapendoesclub.ca\/wp-content\/uploads\/2014\/08\/teeth1-300x225.jpg 300w, https:\/\/schapendoesclub.ca\/wp-content\/uploads\/2014\/08\/teeth1-600x450.jpg 600w\" sizes=\"auto, (max-width: 640px) 100vw, 640px\" \/><\/a><\/p>\n<p>Commencez t\u00f4t \u00e0 habituer votre chiot \u00e0 se faire v\u00e9rifier les dents et la bouche de m\u00eame qu\u2019\u00e0 se faire brosser les dents. De cette fa\u00e7on, ce sera facile pour vous et votre chien tout au long de sa vie.<\/p>\n<p><a href=\"http:\/\/schapendoesclub.ca\/wp-content\/uploads\/2014\/08\/teeth-2.jpg\"><img loading=\"lazy\" decoding=\"async\" class=\"alignnone wp-image-828 size-full\" title=\"Clean Schapendoes teeth\" src=\"http:\/\/schapendoesclub.ca\/wp-content\/uploads\/2014\/08\/teeth-2.jpg\" alt=\"Clean Schapendoes teeth\" width=\"640\" height=\"480\" srcset=\"https:\/\/schapendoesclub.ca\/wp-content\/uploads\/2014\/08\/teeth-2.jpg 640w, https:\/\/schapendoesclub.ca\/wp-content\/uploads\/2014\/08\/teeth-2-300x225.jpg 300w, https:\/\/schapendoesclub.ca\/wp-content\/uploads\/2014\/08\/teeth-2-600x450.jpg 600w\" sizes=\"auto, (max-width: 640px) 100vw, 640px\" \/><\/a><\/p>\n<p>La nourriture molle, la composition de la salive et la duret\u00e9 de l&#8217;eau influencent tous la formation de tartre. C\u2019est la raison pour laquelle un chien aura beaucoup plus de tartre qu\u2019un autre chien. Rappelez-vous que le tartre provoque une inflammation de la gencive et la mauvaise haleine.<\/p>\n<p>&nbsp;<\/p>\n<p><strong>Puces, punaises, mites, tiques\u2028<\/strong><br \/>\nProfitez-en, quand vous peignez votre chien, pour v\u00e9rifier s\u2019il y a pr\u00e9sence de puces, poux tiques et mites. Les puces laissent des d\u00e9jections de couleur brun\/noir sur la peau. C\u2019est parfois le seul signe vous permettant de penser \u00e0 la pr\u00e9sence de puces. Les poux et les mites ne sont pas aussi communs mais ils sont la cause de d\u00e9mangeaisons insupportables. Les tiques, quant \u00e0 elles, peuvent transmettre la maladie de Lyme \u00e0 votre chien.<\/p>\n<p>&nbsp;<\/p>\n<p><strong>Griffes<\/strong><br \/>\nLa plupart des Schapendoes ont les griffes noires. Il est donc difficile de voir la veine et il y a risque de couper trop court. Si vous ne vous sentez pas \u00e0 l\u2019aise, demander \u00e0 un toiletteur ou \u00e0 un technicien(ne) chez votre v\u00e9t\u00e9rinaire de le faire.<\/p>\n<p>N\u2019oubliez pas de couper ou faire couper les griffes des orteils \u00e0 l\u2019int\u00e9rieur des pattes avant. Si ce n\u2019est pas fait, la griffe va pousser jusqu\u2019\u00e0 m\u00eame p\u00e9n\u00e9trer dans la peau.<\/p>\n<p>&nbsp;<\/p>\n<p><strong>Glandes annals<br \/>\n<\/strong>Si votre chien se frotte l\u2019arri\u00e8re-train sur le sol, se gratte ou cherche \u00e0 se mordre dans cette r\u00e9gion, pensez \u00e0 la possibilit\u00e9 que ses glandes annales soient pleines.<\/p>\n<p>Il faut alors les vider. Ici encore, un toiletteur, un v\u00e9t\u00e9rinaire ou un technicien chez votre v\u00e9t\u00e9rinaire peut le faire.<\/p>\n","protected":false},"excerpt":{"rendered":"<p>Sant\u00e9 Le Schapendoes est un chien rustique et robuste dont la sant\u00e9 ne pose g\u00e9n\u00e9ralement aucun probl\u00e8me. Comme c\u2019est une race rare et peu connue, il n\u2019a pas fait l\u2019objet d\u2019un grand engouement. En cons\u00e9quence, il n\u2019a pas fait l\u2019objet<\/p>\n","protected":false},"author":2,"featured_media":0,"parent":547,"menu_order":4,"comment_status":"closed","ping_status":"closed","template":"","meta":{"_monsterinsights_skip_tracking":false,"_monsterinsights_sitenote_active":false,"_monsterinsights_sitenote_note":"","_monsterinsights_sitenote_category":0,"footnotes":""},"tags":[],"class_list":["post-641","page","type-page","status-publish","hentry"],"translation":{"provider":"WPGlobus","version":"3.0.2","language":"fr","enabled_languages":["en","fr"],"languages":{"en":{"title":true,"content":true,"excerpt":false},"fr":{"title":true,"content":true,"excerpt":false}}},"yoast_head":"<!-- This site is optimized with the Yoast SEO plugin v27.4 - https:\/\/yoast.com\/product\/yoast-seo-wordpress\/ -->\n<title>Sant\u00e9 et soins - Club des Schapendoes du Canada<\/title>\n<meta name=\"robots\" content=\"index, follow, max-snippet:-1, max-image-preview:large, max-video-preview:-1\" \/>\n<link rel=\"canonical\" href=\"http:\/\/schapendoesclub.ca\/health\/health\/\" \/>\n<meta name=\"twitter:label1\" content=\"Est. reading time\" \/>\n\t<meta name=\"twitter:data1\" content=\"21 minutes\" \/>\n<!-- \/ Yoast SEO plugin. -->","yoast_head_json":{"title":"Sant\u00e9 et soins - Club des Schapendoes du Canada","robots":{"index":"index","follow":"follow","max-snippet":"max-snippet:-1","max-image-preview":"max-image-preview:large","max-video-preview":"max-video-preview:-1"},"canonical":"http:\/\/schapendoesclub.ca\/health\/health\/","twitter_misc":{"Est. reading time":"21 minutes"},"schema":{"@context":"https:\/\/schema.org","@graph":[{"@type":"WebPage","@id":"http:\/\/schapendoesclub.ca\/health\/health\/","url":"http:\/\/schapendoesclub.ca\/health\/health\/","name":"Sant\u00e9 et soins - Club des Schapendoes du Canada","isPartOf":{"@id":"http:\/\/schapendoesclub.ca\/#website"},"primaryImageOfPage":{"@id":"http:\/\/schapendoesclub.ca\/health\/health\/#primaryimage"},"image":{"@id":"http:\/\/schapendoesclub.ca\/health\/health\/#primaryimage"},"thumbnailUrl":"http:\/\/www.groomersmall.com\/images\/RS-80_Combs-lg.jpg","datePublished":"2014-08-10T18:35:35+00:00","dateModified":"2015-10-11T11:30:35+00:00","breadcrumb":{"@id":"http:\/\/schapendoesclub.ca\/health\/health\/#breadcrumb"},"inLanguage":"fr-FR","potentialAction":[{"@type":"ReadAction","target":["http:\/\/schapendoesclub.ca\/health\/health\/"]}]},{"@type":"ImageObject","inLanguage":"fr-FR","@id":"http:\/\/schapendoesclub.ca\/health\/health\/#primaryimage","url":"http:\/\/www.groomersmall.com\/images\/RS-80_Combs-lg.jpg","contentUrl":"http:\/\/www.groomersmall.com\/images\/RS-80_Combs-lg.jpg"},{"@type":"BreadcrumbList","@id":"http:\/\/schapendoesclub.ca\/health\/health\/#breadcrumb","itemListElement":[{"@type":"ListItem","position":1,"name":"Home","item":"https:\/\/schapendoesclub.ca\/"},{"@type":"ListItem","position":2,"name":"About Schapendoes","item":"http:\/\/schapendoesclub.ca\/health\/"},{"@type":"ListItem","position":3,"name":"Health and Care"}]},{"@type":"WebSite","@id":"http:\/\/schapendoesclub.ca\/#website","url":"http:\/\/schapendoesclub.ca\/","name":"Club des Schapendoes du Canada","description":"The Schapendoes Breed of Dogs in Canada","potentialAction":[{"@type":"SearchAction","target":{"@type":"EntryPoint","urlTemplate":"http:\/\/schapendoesclub.ca\/?s={search_term_string}"},"query-input":{"@type":"PropertyValueSpecification","valueRequired":true,"valueName":"search_term_string"}}],"inLanguage":"fr-FR"}]}},"jetpack_sharing_enabled":true,"jetpack_shortlink":"https:\/\/wp.me\/P4I34Z-al","_links":{"self":[{"href":"https:\/\/schapendoesclub.ca\/fr\/wp-json\/wp\/v2\/pages\/641","targetHints":{"allow":["GET"]}}],"collection":[{"href":"https:\/\/schapendoesclub.ca\/fr\/wp-json\/wp\/v2\/pages"}],"about":[{"href":"https:\/\/schapendoesclub.ca\/fr\/wp-json\/wp\/v2\/types\/page"}],"author":[{"embeddable":true,"href":"https:\/\/schapendoesclub.ca\/fr\/wp-json\/wp\/v2\/users\/2"}],"replies":[{"embeddable":true,"href":"https:\/\/schapendoesclub.ca\/fr\/wp-json\/wp\/v2\/comments?post=641"}],"version-history":[{"count":18,"href":"https:\/\/schapendoesclub.ca\/fr\/wp-json\/wp\/v2\/pages\/641\/revisions"}],"predecessor-version":[{"id":817,"href":"https:\/\/schapendoesclub.ca\/fr\/wp-json\/wp\/v2\/pages\/641\/revisions\/817"}],"up":[{"embeddable":true,"href":"https:\/\/schapendoesclub.ca\/fr\/wp-json\/wp\/v2\/pages\/547"}],"wp:attachment":[{"href":"https:\/\/schapendoesclub.ca\/fr\/wp-json\/wp\/v2\/media?parent=641"}],"wp:term":[{"taxonomy":"post_tag","embeddable":true,"href":"https:\/\/schapendoesclub.ca\/fr\/wp-json\/wp\/v2\/tags?post=641"}],"curies":[{"name":"wp","href":"https:\/\/api.w.org\/{rel}","templated":true}]}}