{"id":954,"date":"2014-08-19T14:27:52","date_gmt":"2014-08-19T18:27:52","guid":{"rendered":"http:\/\/schapendoesclub.ca\/?page_id=954"},"modified":"2015-08-28T16:42:33","modified_gmt":"2015-08-28T20:42:33","slug":"introduction-3","status":"publish","type":"page","link":"http:\/\/schapendoesclub.ca\/fr\/health\/introduction-3\/","title":{"rendered":"Introduction"},"content":{"rendered":"<p>\u00c0 la fin du 19e si\u00e8cle et au d\u00e9but du si\u00e8cle dernier, le Schapendoes n\u00e9erlandais se rencontrait partout aux Pays-Bas o\u00f9 il y avait des bruy\u00e8res et des troupeaux de moutons. Les bergers l\u2019appr\u00e9ciaient pour son ardeur infatigable au travail et son intelligence.<\/p>\n<p>Le Schapendoes appartient au groupe disparate des chiens de troupeau \u00e0 poil long et face tr\u00e8s poilue et \u00e9bouriff\u00e9e. Il est apparent\u00e9 au Bearded-Collie, au Puli, au Nizinny, au Briard et au Bergamasque.<\/p>\n<p>Le cr\u00e9ateur de cette race est le cynophile P.M.C. Toepoel. Pendant la Seconde guerre mondiale, il a su faire na\u00eetre l\u2019int\u00e9r\u00eat pour cette race pratiquement disparue. Entre 1940 et 1945, on se borna \u00e0 faire de l\u2019\u00e9levage avec les quelques sujets existant encore dans le pays. D\u00e8s 1945, on commen\u00e7ait \u00e0 reconstruire s\u00e9rieusement la race.<\/p>\n<p>Le Club de race du Schapendoes n\u00e9erlandais a \u00e9t\u00e9 fond\u00e9 en 1947 et, en 1952, le Raad va Beheer acceptait provisoirement la race. Le standard a \u00e9t\u00e9 fix\u00e9 en 1954 et, d\u00e8s lors, les chiens sont inscrits dans un livre des origines. L\u2019acceptation d\u00e9finitive de la race a lieu en 1971 et, d\u00e8s ce jour, seuls les chiens inscrits sont admis \u00e0 l\u2019\u00e9levage.<\/p>\n<p><a href=\"http:\/\/schapendoesclub.ca\/wp-content\/uploads\/2014\/07\/three-schapendoes-photo.jpg\"><img loading=\"lazy\" decoding=\"async\" class=\"alignleft wp-image-1205 size-full\" src=\"http:\/\/schapendoesclub.ca\/wp-content\/uploads\/2014\/07\/three-schapendoes-photo.jpg\" alt=\"three-schapendoes-photo\" width=\"1900\" height=\"1425\" data-wp-pid=\"1205\" srcset=\"http:\/\/schapendoesclub.ca\/wp-content\/uploads\/2014\/07\/three-schapendoes-photo.jpg 1900w, http:\/\/schapendoesclub.ca\/wp-content\/uploads\/2014\/07\/three-schapendoes-photo-300x225.jpg 300w, http:\/\/schapendoesclub.ca\/wp-content\/uploads\/2014\/07\/three-schapendoes-photo-1024x768.jpg 1024w, http:\/\/schapendoesclub.ca\/wp-content\/uploads\/2014\/07\/three-schapendoes-photo-600x450.jpg 600w, http:\/\/schapendoesclub.ca\/wp-content\/uploads\/2014\/07\/three-schapendoes-photo-800x600.jpg 800w\" sizes=\"auto, (max-width: 1900px) 100vw, 1900px\" \/><br \/>\n<\/a><\/p>\n","protected":false},"excerpt":{"rendered":"<p>\u00c0 la fin du 19e si\u00e8cle et au d\u00e9but du si\u00e8cle dernier, le Schapendoes n\u00e9erlandais se rencontrait partout aux Pays-Bas o\u00f9 il y avait des bruy\u00e8res et des troupeaux de moutons. Les bergers l\u2019appr\u00e9ciaient pour son ardeur infatigable au travail<\/p>\n","protected":false},"author":2,"featured_media":0,"parent":547,"menu_order":1,"comment_status":"closed","ping_status":"closed","template":"","meta":{"_monsterinsights_skip_tracking":false,"_monsterinsights_sitenote_active":false,"_monsterinsights_sitenote_note":"","_monsterinsights_sitenote_category":0,"footnotes":""},"tags":[],"class_list":["post-954","page","type-page","status-publish","hentry"],"translation":{"provider":"WPGlobus","version":"3.0.2","language":"fr","enabled_languages":["en","fr"],"languages":{"en":{"title":true,"content":true,"excerpt":false},"fr":{"title":true,"content":true,"excerpt":false}}},"yoast_head":"<!-- This site is optimized with the Yoast SEO plugin v27.4 - https:\/\/yoast.com\/product\/yoast-seo-wordpress\/ -->\n<title>Introduction - Club des Schapendoes du Canada<\/title>\n<meta name=\"robots\" content=\"index, follow, max-snippet:-1, max-image-preview:large, max-video-preview:-1\" \/>\n<link rel=\"canonical\" href=\"https:\/\/schapendoesclub.ca\/fr\/health\/introduction-3\/\" \/>\n<meta name=\"twitter:label1\" content=\"Est. reading time\" \/>\n\t<meta name=\"twitter:data1\" content=\"2 minutes\" \/>\n<!-- \/ Yoast SEO plugin. -->","yoast_head_json":{"title":"Introduction - Club des Schapendoes du Canada","robots":{"index":"index","follow":"follow","max-snippet":"max-snippet:-1","max-image-preview":"max-image-preview:large","max-video-preview":"max-video-preview:-1"},"canonical":"https:\/\/schapendoesclub.ca\/fr\/health\/introduction-3\/","twitter_misc":{"Est. reading time":"2 minutes"},"schema":{"@context":"https:\/\/schema.org","@graph":[{"@type":"WebPage","@id":"https:\/\/schapendoesclub.ca\/fr\/health\/introduction-3\/","url":"https:\/\/schapendoesclub.ca\/fr\/health\/introduction-3\/","name":"Introduction - Club des Schapendoes du Canada","isPartOf":{"@id":"https:\/\/schapendoesclub.ca\/fr\/#website"},"primaryImageOfPage":{"@id":"https:\/\/schapendoesclub.ca\/fr\/health\/introduction-3\/#primaryimage"},"image":{"@id":"https:\/\/schapendoesclub.ca\/fr\/health\/introduction-3\/#primaryimage"},"thumbnailUrl":"http:\/\/www.dogwallpapers.net\/wallpapers\/three-schapendoes-photo.jpg","datePublished":"2014-08-19T18:27:52+00:00","dateModified":"2015-08-28T20:42:33+00:00","breadcrumb":{"@id":"https:\/\/schapendoesclub.ca\/fr\/health\/introduction-3\/#breadcrumb"},"inLanguage":"fr-FR","potentialAction":[{"@type":"ReadAction","target":["https:\/\/schapendoesclub.ca\/fr\/health\/introduction-3\/"]}]},{"@type":"ImageObject","inLanguage":"fr-FR","@id":"https:\/\/schapendoesclub.ca\/fr\/health\/introduction-3\/#primaryimage","url":"http:\/\/www.dogwallpapers.net\/wallpapers\/three-schapendoes-photo.jpg","contentUrl":"http:\/\/www.dogwallpapers.net\/wallpapers\/three-schapendoes-photo.jpg"},{"@type":"BreadcrumbList","@id":"https:\/\/schapendoesclub.ca\/fr\/health\/introduction-3\/#breadcrumb","itemListElement":[{"@type":"ListItem","position":1,"name":"Home","item":"https:\/\/schapendoesclub.ca\/"},{"@type":"ListItem","position":2,"name":"A propos du Schapendoes","item":"http:\/\/schapendoesclub.ca\/fr\/health\/"},{"@type":"ListItem","position":3,"name":"Introduction"}]},{"@type":"WebSite","@id":"https:\/\/schapendoesclub.ca\/fr\/#website","url":"https:\/\/schapendoesclub.ca\/fr\/","name":"Club des Schapendoes du Canada","description":"The Schapendoes Breed of Dogs in Canada","potentialAction":[{"@type":"SearchAction","target":{"@type":"EntryPoint","urlTemplate":"https:\/\/schapendoesclub.ca\/fr\/?s={search_term_string}"},"query-input":{"@type":"PropertyValueSpecification","valueRequired":true,"valueName":"search_term_string"}}],"inLanguage":"fr-FR"}]}},"jetpack_sharing_enabled":false,"jetpack_shortlink":"https:\/\/wp.me\/P4I34Z-fo","_links":{"self":[{"href":"http:\/\/schapendoesclub.ca\/fr\/wp-json\/wp\/v2\/pages\/954","targetHints":{"allow":["GET"]}}],"collection":[{"href":"http:\/\/schapendoesclub.ca\/fr\/wp-json\/wp\/v2\/pages"}],"about":[{"href":"http:\/\/schapendoesclub.ca\/fr\/wp-json\/wp\/v2\/types\/page"}],"author":[{"embeddable":true,"href":"http:\/\/schapendoesclub.ca\/fr\/wp-json\/wp\/v2\/users\/2"}],"replies":[{"embeddable":true,"href":"http:\/\/schapendoesclub.ca\/fr\/wp-json\/wp\/v2\/comments?post=954"}],"version-history":[{"count":5,"href":"http:\/\/schapendoesclub.ca\/fr\/wp-json\/wp\/v2\/pages\/954\/revisions"}],"predecessor-version":[{"id":1207,"href":"http:\/\/schapendoesclub.ca\/fr\/wp-json\/wp\/v2\/pages\/954\/revisions\/1207"}],"up":[{"embeddable":true,"href":"http:\/\/schapendoesclub.ca\/fr\/wp-json\/wp\/v2\/pages\/547"}],"wp:attachment":[{"href":"http:\/\/schapendoesclub.ca\/fr\/wp-json\/wp\/v2\/media?parent=954"}],"wp:term":[{"taxonomy":"post_tag","embeddable":true,"href":"http:\/\/schapendoesclub.ca\/fr\/wp-json\/wp\/v2\/tags?post=954"}],"curies":[{"name":"wp","href":"https:\/\/api.w.org\/{rel}","templated":true}]}}