{"id":951,"date":"2014-08-19T14:25:34","date_gmt":"2014-08-19T18:25:34","guid":{"rendered":"http:\/\/schapendoesclub.ca\/?page_id=951"},"modified":"2015-08-28T16:32:44","modified_gmt":"2015-08-28T20:32:44","slug":"faq","status":"publish","type":"page","link":"http:\/\/schapendoesclub.ca\/fr\/puppies\/faq\/","title":{"rendered":"Foire aux questions"},"content":{"rendered":"<p><strong>D\u2019o\u00f9 vient le Schapendoes?<\/strong><\/p>\n<p>Le Schapendoes est vraisemblablement d\u2019origine tr\u00e8s ancienne mais il est difficile de retracer le moment exact de son apparition dans la province de Drenthe (nord-est des Pays-Bas). Ce qui est certain, c\u2019est qu\u2019\u00e0 la fin du XIXe si\u00e8cle et au d\u00e9but du XXe si\u00e8cle, il est pr\u00e9sent partout o\u00f9 il y a des landes de bruy\u00e8res et des troupeaux de moutons. Avant tout utilis\u00e9 comme chiens de travail, les bergers hollandais l\u2019appr\u00e9ciaient pour son endurance, son intelligence et son entretien facile. La race a presque disparu avant la Deuxi\u00e8me guerre mondiale. Toutefois, gr\u00e2ce au d\u00e9vouement d\u2019un petit groupe d\u2019\u00e9leveurs et de la t\u00e9nacit\u00e9 de PMC Toepoel, juge et cynophile, celle-ci a surv\u00e9cu pour devenir la merveilleuse race que nous connaissons aujourd\u2019hui.<\/p>\n<p>&nbsp;<\/p>\n<p><a href=\"http:\/\/schapendoesclub.ca\/wp-content\/uploads\/2014\/08\/dingle-0.jpg\"><img loading=\"lazy\" decoding=\"async\" class=\"alignright wp-image-1200 size-full\" src=\"http:\/\/schapendoesclub.ca\/wp-content\/uploads\/2014\/08\/dingle-0.jpg\" alt=\"dingle-0\" width=\"427\" height=\"640\" data-wp-pid=\"1200\" srcset=\"http:\/\/schapendoesclub.ca\/wp-content\/uploads\/2014\/08\/dingle-0.jpg 427w, http:\/\/schapendoesclub.ca\/wp-content\/uploads\/2014\/08\/dingle-0-200x300.jpg 200w\" sizes=\"auto, (max-width: 427px) 100vw, 427px\" \/><\/a><\/p>\n<p><strong>Quelle est sa hauteur? Quel est son poids?<\/strong><\/p>\n<p>La hauteur moyenne d\u2019une femelle est de 40 \u00e0 47 cm (16 \u00e0 18 pouces) et celle d\u2019un m\u00e2le est de 43 \u00e0 50 cm (17 \u00e0 20 pouces). Le poids moyen se situe entre 30 et 40 livres (parfois un peu plus).<\/p>\n<p>&nbsp;<\/p>\n<p><strong>Quel est l\u2019app\u00e9tit du Schapendoes?<\/strong><\/p>\n<p>Le Schapendoes n\u2019est pas un gros mangeur. Une tasse et demie \u00e0 deux tasses par jour d\u2019une nourriture de qualit\u00e9 est g\u00e9n\u00e9ralement suffisant.<\/p>\n<p>&nbsp;<\/p>\n<p><strong>Le Schapendoes demande-t-il beaucoup d\u2019exercices?<\/strong><\/p>\n<p>Tous les Schapendoes appr\u00e9cient une bon d\u00e9gourdissement dans un parc ou un promenade dans les bois. Les chiots demandent 1 \u00e0 2 heures d\u2019activit\u00e9s par jour pour pouvoir canaliser leur \u00e9nergie. En g\u00e9n\u00e9ral, le Schapendoes est calme dans la maison en autant qu\u2019il ait eu suffisamment d\u2019exercices.<\/p>\n<p>&nbsp;<\/p>\n<p><strong>Quel est le temp\u00e9rament du Schapendoes?<\/strong><\/p>\n<p>Le Schapendoes est un chien plein de charme, gai et sociable. Il poss\u00e8de une grande endurance, il est tr\u00e8s mobile et rapide. Il est intelligent et il a gard\u00e9 la capacit\u00e9 \u00e0 agir par lui-m\u00eame. Il est un v\u00e9ritable chien de troupeau au point de vue corps, esprit et caract\u00e8re. La peur, la nervosit\u00e9 et l\u2019agressivit\u00e9 ne sont pas des caract\u00e9ristiques du Schapendoes. Comme il a beaucoup de m\u00e9moire et qu\u2019il comprend vite, il n\u2019est pas difficile de l\u2019\u00e9lever correctement. Il demande une autorit\u00e9 ferme et constante mais il n\u2019aime pas du tout l\u2019autoritarisme. D\u2019un naturel joueur, il fait bon m\u00e9nage avec les enfants. Il vit aussi en bonne harmonie avec les autres animaux.<\/p>\n<p>&nbsp;<\/p>\n<p><strong>Quelles sont les exigences au niveau formation et socialisation?<\/strong><\/p>\n<p>Le Schapendoes est un chien de troupeau intelligent et actif. Il appr\u00e9cie donc \u00eatre actif mentalement et physiquement et les activit\u00e9s tel l\u2019agilit\u00e9, le Rallye-O, l\u2019ob\u00e9issance, etc. lui conviennent bien. Il s\u2019adapte facilement au style de vie de sa famille et peut vivre dans un milieu urbain en autant qu\u2019il puisse marcher r\u00e9guli\u00e8rement. La socialisation est importante pour toutes les races. Le Schapendoes ne fait pas exception \u00e0 cette r\u00e8gle.<\/p>\n<p>&nbsp;<\/p>\n<p><strong>Un Schapendoes demande-t-il beaucoup d\u2019entretien?<\/strong><\/p>\n<p>La fourrure du Schapendoes, quoique longue, ne demande pas beaucoup d\u2019entretien: un bon brossage par semaine suffit lorsqu\u2019il a son poil d\u2019adulte, soit aux alentours de 2 ans. Il faut brosser davantage (au moins 2 fois par semaine et parfois plus) lors du passage du poil de chiot \u00e0 la fourrure adulte puisque durant cette \u00e9tape la fourrure a tendance a faire davantage de noeuds. Cette p\u00e9riode difficile s\u2019\u00e9chelonne g\u00e9n\u00e9ralement de 8 mois \u00e0 2 ans.<\/p>\n<p>&nbsp;<\/p>\n","protected":false},"excerpt":{"rendered":"<p>D\u2019o\u00f9 vient le Schapendoes? Le Schapendoes est vraisemblablement d\u2019origine tr\u00e8s ancienne mais il est difficile de retracer le moment exact de son apparition dans la province de Drenthe (nord-est des Pays-Bas). Ce qui est certain, c\u2019est qu\u2019\u00e0 la fin du<\/p>\n","protected":false},"author":2,"featured_media":0,"parent":556,"menu_order":1,"comment_status":"closed","ping_status":"closed","template":"","meta":{"_monsterinsights_skip_tracking":false,"_monsterinsights_sitenote_active":false,"_monsterinsights_sitenote_note":"","_monsterinsights_sitenote_category":0,"footnotes":""},"tags":[],"class_list":["post-951","page","type-page","status-publish","hentry"],"translation":{"provider":"WPGlobus","version":"3.0.2","language":"fr","enabled_languages":["en","fr"],"languages":{"en":{"title":true,"content":true,"excerpt":false},"fr":{"title":true,"content":true,"excerpt":false}}},"yoast_head":"<!-- This site is optimized with the Yoast SEO plugin v27.4 - https:\/\/yoast.com\/product\/yoast-seo-wordpress\/ -->\n<title>Foire aux questions - Club des Schapendoes du Canada<\/title>\n<meta name=\"robots\" content=\"index, follow, max-snippet:-1, max-image-preview:large, max-video-preview:-1\" \/>\n<link rel=\"canonical\" href=\"https:\/\/schapendoesclub.ca\/puppies\/faq\/\" \/>\n<meta name=\"twitter:label1\" content=\"Est. reading time\" \/>\n\t<meta name=\"twitter:data1\" content=\"5 minutes\" \/>\n<!-- \/ Yoast SEO plugin. -->","yoast_head_json":{"title":"Foire aux questions - Club des Schapendoes du Canada","robots":{"index":"index","follow":"follow","max-snippet":"max-snippet:-1","max-image-preview":"max-image-preview:large","max-video-preview":"max-video-preview:-1"},"canonical":"https:\/\/schapendoesclub.ca\/puppies\/faq\/","twitter_misc":{"Est. reading time":"5 minutes"},"schema":{"@context":"https:\/\/schema.org","@graph":[{"@type":"WebPage","@id":"https:\/\/schapendoesclub.ca\/puppies\/faq\/","url":"https:\/\/schapendoesclub.ca\/puppies\/faq\/","name":"Foire aux questions - Club des Schapendoes du Canada","isPartOf":{"@id":"https:\/\/schapendoesclub.ca\/fr\/#website"},"primaryImageOfPage":{"@id":"https:\/\/schapendoesclub.ca\/puppies\/faq\/#primaryimage"},"image":{"@id":"https:\/\/schapendoesclub.ca\/puppies\/faq\/#primaryimage"},"thumbnailUrl":"http:\/\/dandedoes.files.wordpress.com\/2009\/11\/dingle-0.jpg?w=427&amp;h=640","datePublished":"2014-08-19T18:25:34+00:00","dateModified":"2015-08-28T20:32:44+00:00","breadcrumb":{"@id":"https:\/\/schapendoesclub.ca\/puppies\/faq\/#breadcrumb"},"inLanguage":"fr-FR","potentialAction":[{"@type":"ReadAction","target":["https:\/\/schapendoesclub.ca\/puppies\/faq\/"]}]},{"@type":"ImageObject","inLanguage":"fr-FR","@id":"https:\/\/schapendoesclub.ca\/puppies\/faq\/#primaryimage","url":"http:\/\/dandedoes.files.wordpress.com\/2009\/11\/dingle-0.jpg?w=427&amp;h=640","contentUrl":"http:\/\/dandedoes.files.wordpress.com\/2009\/11\/dingle-0.jpg?w=427&amp;h=640"},{"@type":"BreadcrumbList","@id":"https:\/\/schapendoesclub.ca\/puppies\/faq\/#breadcrumb","itemListElement":[{"@type":"ListItem","position":1,"name":"Home","item":"https:\/\/schapendoesclub.ca\/"},{"@type":"ListItem","position":2,"name":"New Puppy","item":"https:\/\/schapendoesclub.ca\/puppies\/"},{"@type":"ListItem","position":3,"name":"FAQ"}]},{"@type":"WebSite","@id":"https:\/\/schapendoesclub.ca\/fr\/#website","url":"https:\/\/schapendoesclub.ca\/fr\/","name":"Club des Schapendoes du Canada","description":"The Schapendoes Breed of Dogs in Canada","potentialAction":[{"@type":"SearchAction","target":{"@type":"EntryPoint","urlTemplate":"https:\/\/schapendoesclub.ca\/fr\/?s={search_term_string}"},"query-input":{"@type":"PropertyValueSpecification","valueRequired":true,"valueName":"search_term_string"}}],"inLanguage":"fr-FR"}]}},"jetpack_sharing_enabled":false,"jetpack_shortlink":"https:\/\/wp.me\/P4I34Z-fl","_links":{"self":[{"href":"http:\/\/schapendoesclub.ca\/fr\/wp-json\/wp\/v2\/pages\/951","targetHints":{"allow":["GET"]}}],"collection":[{"href":"http:\/\/schapendoesclub.ca\/fr\/wp-json\/wp\/v2\/pages"}],"about":[{"href":"http:\/\/schapendoesclub.ca\/fr\/wp-json\/wp\/v2\/types\/page"}],"author":[{"embeddable":true,"href":"http:\/\/schapendoesclub.ca\/fr\/wp-json\/wp\/v2\/users\/2"}],"replies":[{"embeddable":true,"href":"http:\/\/schapendoesclub.ca\/fr\/wp-json\/wp\/v2\/comments?post=951"}],"version-history":[{"count":6,"href":"http:\/\/schapendoesclub.ca\/fr\/wp-json\/wp\/v2\/pages\/951\/revisions"}],"predecessor-version":[{"id":1199,"href":"http:\/\/schapendoesclub.ca\/fr\/wp-json\/wp\/v2\/pages\/951\/revisions\/1199"}],"up":[{"embeddable":true,"href":"http:\/\/schapendoesclub.ca\/fr\/wp-json\/wp\/v2\/pages\/556"}],"wp:attachment":[{"href":"http:\/\/schapendoesclub.ca\/fr\/wp-json\/wp\/v2\/media?parent=951"}],"wp:term":[{"taxonomy":"post_tag","embeddable":true,"href":"http:\/\/schapendoesclub.ca\/fr\/wp-json\/wp\/v2\/tags?post=951"}],"curies":[{"name":"wp","href":"https:\/\/api.w.org\/{rel}","templated":true}]}}