{"id":658,"date":"2014-08-10T14:46:48","date_gmt":"2014-08-10T18:46:48","guid":{"rendered":"http:\/\/schapendoesclub.ca\/?page_id=658"},"modified":"2015-08-28T10:32:16","modified_gmt":"2015-08-28T14:32:16","slug":"expect","status":"publish","type":"page","link":"http:\/\/schapendoesclub.ca\/fr\/puppies\/expect\/","title":{"rendered":"\u00c0 quoi vous attendre"},"content":{"rendered":"<p>Si vous et votre famille recherchez un chien de compagnie et que vous \u00eates certain de ne pas vouloir le pr\u00e9senter en comp\u00e9titions de conformation, assurez-vous que l\u2019\u00e9leveur a bien compris vos attentes. N\u2019acceptez pas d\u2019\u00eatre contraint \u00e0 pr\u00e9senter ou \u00e0 accoupler votre chiot. Si un \u00e9leveur vous dit qu\u2019il n\u2019a que des chiots de qualit\u00e9 show et demande \u00e0 ce que le chiot soit pr\u00e9sent\u00e9 en comp\u00e9titions et que vous ne voulez pas vous engager \u00e0 ce niveau, contactez un autre \u00e9leveur. Il est important de lire soigneusement le contrat de vente avant l\u2019achat de votre chiot.<\/p>\n<p>&nbsp;<\/p>\n<p>Tout comme vous recherchez le bon chien pour votre famille, les \u00e9leveurs recherchent les bonnes familles pour leurs chiots et leurs chiens. Un bon \u00e9leveur r\u00e9pondra ouvertement et honn\u00eatement \u00e0 vos questions. Il s\u2019attend \u00e9galement \u00e0 ce que vous acceptiez de r\u00e9pondre avec honn\u00eatet\u00e9 aux questions qu\u2019il vous posera afin de mieux vous conna\u00eetre et s\u2019assurer que le Schapendoes vous convient bien.<\/p>\n<p>&nbsp;<\/p>\n<p><strong>Les questions possibles de la part de l\u2019\u00e9leveurs sont les suivantes:<\/strong><\/p>\n<ul>\n<li>Pourquoi voulez-vous ce chien? Cette race?<\/li>\n<li>Avez-vous les bonnes installations pour bien prendre soin de ce chien?<\/li>\n<li>Savez-vous qu\u2019\u00eatre propri\u00e9taire d\u2019un chien entra\u00eene des d\u00e9penses?<\/li>\n<li>Est-ce que vous \u00eates conscient que l\u2019adoption d\u2019un chiot implique un engagement \u00e0 long terme?<\/li>\n<li>Avez-vous d\u00e9j\u00e0 eu un chien?<\/li>\n<li>Que lui est-il arriv\u00e9?<\/li>\n<li>Garderez-vous l\u2019\u00e9leveur inform\u00e9 des progr\u00e8s et\/ou des probl\u00e8mes de sant\u00e9 de votre chien?<\/li>\n<li>Envisagez-vous de l\u2019inscrire \u00e0 des cours d\u2019ob\u00e9issance?<\/li>\n<li>Est-ce que vous envisagez de faire des activit\u00e9s avec votre chien: conformation, ob\u00e9issance, Rallye-O, travail sur troupeau, agilit\u00e9, flyball, th\u00e9rapie?<\/li>\n<li>Avez-vous un int\u00e9r\u00eat pour la reproduction?<\/li>\n<li>Comprenez-vous l\u2019importance de contacter l\u2019\u00e9leveur en 1er lieu si jamais vous n\u2019\u00eates plus en mesure de vous occuper de votre chien?<\/li>\n<li>Etes-vous ouvert \u00e0 l\u2019id\u00e9e de devenir membre du Club des Schapendoes du Canada?<\/li>\n<\/ul>\n<p>&nbsp;<\/p>\n<p>Tout Schapendoes achet\u00e9 au Canada doit \u00eatre admissible \u00e0 l\u2019enregistrement aupr\u00e8s du Club Canin Canadien (CCC) sinon il ne peut \u00eatre vendu comme \u00e9tant un chien de race pure. C\u2019est la responsabilit\u00e9 de l\u2019\u00e9leveur de compl\u00e9ter les documents n\u00e9cessaires \u00e0 l\u2019enregistrement. Il lui appartient \u00e9galement de d\u00e9bourser les frais encourus pour l\u2019enregistrement. Le certificat d\u2019enregistrement doit vous \u00eatre fourni par l\u2019\u00e9leveur au maximum 6 mois apr\u00e8s la date d\u2019achat de votre chien. Si l\u2019\u00e9leveur ne s\u2019acquitte pas de cette obligation dans le d\u00e9lai prescrit, vous pouvez porter plainte aupr\u00e8s du CCC.Si vous achetez un chien aux USA, celui-ci doit \u00eatre enregistr\u00e9 aupr\u00e8s de l\u2019American Kennel Club avant que vous puissiez l\u2019enregistrer aupr\u00e8s du CCC.<\/p>\n<p>&nbsp;<\/p>\n<p><strong>Si vous voulez un chien qui<\/strong><\/p>\n<ul>\n<li>n\u00e9cessite un toilettage r\u00e9gulier et important,<\/li>\n<li>exige un exercice cons\u00e9quent,<\/li>\n<li>test votre caract\u00e8re et votre sens de l\u2019humour,<\/li>\n<li>se d\u00e9veloppe gr\u00e2ce \u00e0 l\u2019entra\u00eenement et au contact humain,<\/li>\n<li>est capable de prendre des d\u00e9cisions par lui-m\u00eame,<\/li>\n<li>accueille les amis et la famille avec un tr\u00e8s grand enthousiasme,<\/li>\n<\/ul>\n<p><strong>Alors le Schapendoes peut \u00eatre un bon chien pour vous.<\/strong><\/p>\n<p>&nbsp;<\/p>\n<p>&nbsp;<\/p>\n<p><strong>Mais si vous voulez un chien qui<\/strong><strong><br \/>\n<\/strong><\/p>\n<ul>\n<li>n\u00e9cessite peu de toilettage,<\/li>\n<li>exige peu d\u2019attention et d\u2019exercice,<\/li>\n<li>se contente de se pr\u00e9lasser devant le foyer,<\/li>\n<li>requiert peu de stimulation mentale,<\/li>\n<li>pr\u00e9sente peu ou pas de d\u00e9fi,<\/li>\n<li>se fond dans le d\u00e9cor,<\/li>\n<\/ul>\n<p><strong>Alors le Schapendoes n\u2019est pas un chien pour vous!<\/strong><\/p>\n","protected":false},"excerpt":{"rendered":"<p>Si vous et votre famille recherchez un chien de compagnie et que vous \u00eates certain de ne pas vouloir le pr\u00e9senter en comp\u00e9titions de conformation, assurez-vous que l\u2019\u00e9leveur a bien compris vos attentes. N\u2019acceptez pas d\u2019\u00eatre contraint \u00e0 pr\u00e9senter ou<\/p>\n","protected":false},"author":2,"featured_media":0,"parent":556,"menu_order":0,"comment_status":"closed","ping_status":"closed","template":"","meta":{"_monsterinsights_skip_tracking":false,"_monsterinsights_sitenote_active":false,"_monsterinsights_sitenote_note":"","_monsterinsights_sitenote_category":0,"footnotes":""},"tags":[],"class_list":["post-658","page","type-page","status-publish","hentry"],"translation":{"provider":"WPGlobus","version":"3.0.2","language":"fr","enabled_languages":["en","fr"],"languages":{"en":{"title":true,"content":true,"excerpt":false},"fr":{"title":true,"content":true,"excerpt":false}}},"yoast_head":"<!-- This site is optimized with the Yoast SEO plugin v27.4 - https:\/\/yoast.com\/product\/yoast-seo-wordpress\/ -->\n<title>\u00c0 quoi vous attendre - Club des Schapendoes du Canada<\/title>\n<meta name=\"robots\" content=\"index, follow, max-snippet:-1, max-image-preview:large, max-video-preview:-1\" \/>\n<link rel=\"canonical\" href=\"https:\/\/schapendoesclub.ca\/puppies\/expect\/\" \/>\n<meta name=\"twitter:label1\" content=\"Est. reading time\" \/>\n\t<meta name=\"twitter:data1\" content=\"5 minutes\" \/>\n<!-- \/ Yoast SEO plugin. -->","yoast_head_json":{"title":"\u00c0 quoi vous attendre - Club des Schapendoes du Canada","robots":{"index":"index","follow":"follow","max-snippet":"max-snippet:-1","max-image-preview":"max-image-preview:large","max-video-preview":"max-video-preview:-1"},"canonical":"https:\/\/schapendoesclub.ca\/puppies\/expect\/","twitter_misc":{"Est. reading time":"5 minutes"},"schema":{"@context":"https:\/\/schema.org","@graph":[{"@type":"WebPage","@id":"https:\/\/schapendoesclub.ca\/puppies\/expect\/","url":"https:\/\/schapendoesclub.ca\/puppies\/expect\/","name":"\u00c0 quoi vous attendre - Club des Schapendoes du Canada","isPartOf":{"@id":"https:\/\/schapendoesclub.ca\/fr\/#website"},"datePublished":"2014-08-10T18:46:48+00:00","dateModified":"2015-08-28T14:32:16+00:00","breadcrumb":{"@id":"https:\/\/schapendoesclub.ca\/puppies\/expect\/#breadcrumb"},"inLanguage":"fr-FR","potentialAction":[{"@type":"ReadAction","target":["https:\/\/schapendoesclub.ca\/puppies\/expect\/"]}]},{"@type":"BreadcrumbList","@id":"https:\/\/schapendoesclub.ca\/puppies\/expect\/#breadcrumb","itemListElement":[{"@type":"ListItem","position":1,"name":"Home","item":"https:\/\/schapendoesclub.ca\/"},{"@type":"ListItem","position":2,"name":"New Puppy","item":"https:\/\/schapendoesclub.ca\/puppies\/"},{"@type":"ListItem","position":3,"name":"What to Expect"}]},{"@type":"WebSite","@id":"https:\/\/schapendoesclub.ca\/fr\/#website","url":"https:\/\/schapendoesclub.ca\/fr\/","name":"Club des Schapendoes du Canada","description":"The Schapendoes Breed of Dogs in Canada","potentialAction":[{"@type":"SearchAction","target":{"@type":"EntryPoint","urlTemplate":"https:\/\/schapendoesclub.ca\/fr\/?s={search_term_string}"},"query-input":{"@type":"PropertyValueSpecification","valueRequired":true,"valueName":"search_term_string"}}],"inLanguage":"fr-FR"}]}},"jetpack_sharing_enabled":true,"jetpack_shortlink":"https:\/\/wp.me\/P4I34Z-aC","_links":{"self":[{"href":"http:\/\/schapendoesclub.ca\/fr\/wp-json\/wp\/v2\/pages\/658","targetHints":{"allow":["GET"]}}],"collection":[{"href":"http:\/\/schapendoesclub.ca\/fr\/wp-json\/wp\/v2\/pages"}],"about":[{"href":"http:\/\/schapendoesclub.ca\/fr\/wp-json\/wp\/v2\/types\/page"}],"author":[{"embeddable":true,"href":"http:\/\/schapendoesclub.ca\/fr\/wp-json\/wp\/v2\/users\/2"}],"replies":[{"embeddable":true,"href":"http:\/\/schapendoesclub.ca\/fr\/wp-json\/wp\/v2\/comments?post=658"}],"version-history":[{"count":16,"href":"http:\/\/schapendoesclub.ca\/fr\/wp-json\/wp\/v2\/pages\/658\/revisions"}],"predecessor-version":[{"id":688,"href":"http:\/\/schapendoesclub.ca\/fr\/wp-json\/wp\/v2\/pages\/658\/revisions\/688"}],"up":[{"embeddable":true,"href":"http:\/\/schapendoesclub.ca\/fr\/wp-json\/wp\/v2\/pages\/556"}],"wp:attachment":[{"href":"http:\/\/schapendoesclub.ca\/fr\/wp-json\/wp\/v2\/media?parent=658"}],"wp:term":[{"taxonomy":"post_tag","embeddable":true,"href":"http:\/\/schapendoesclub.ca\/fr\/wp-json\/wp\/v2\/tags?post=658"}],"curies":[{"name":"wp","href":"https:\/\/api.w.org\/{rel}","templated":true}]}}