{"id":656,"date":"2014-08-10T14:46:17","date_gmt":"2014-08-10T18:46:17","guid":{"rendered":"http:\/\/schapendoesclub.ca\/?page_id=656"},"modified":"2015-08-28T10:35:40","modified_gmt":"2015-08-28T14:35:40","slug":"ask","status":"publish","type":"page","link":"http:\/\/schapendoesclub.ca\/fr\/puppies\/ask\/","title":{"rendered":"Que demander \u00e0 l\u2019\u00e9leveur"},"content":{"rendered":"<p>Le choix d\u2019un \u00e9leveur est tr\u00e8s important. Vous voulez avoir une relation avec lui qui soit fond\u00e9e sur la confiance et la certitude qu\u2019il r\u00e9pondra \u00e0 toutes vos questions et qu\u2019il sera l\u00e0 pour vous guider et vous aider lorsque votre chiot sera \u00e0 la maison. Nous vous conseillons de contacter plusieurs \u00e9leveurs et vous sugg\u00e9rons de demander le ou les noms de propri\u00e9taires de Schapendoes qui r\u00e9sident non loin de chez vous. Et si possible, contactez-les et discutez avec eux.<\/p>\n<p>&nbsp;<\/p>\n<p><strong>Voici certains points dont vous pourriez discuter avec l\u2019\u00e9leveur:<\/strong><\/p>\n<ul>\n<li>La raison qui l\u2019a amen\u00e9 \u00e0 s\u2019impliquer dans la race;<\/li>\n<li>Il est \u00e9leveur depuis combien d\u2019ann\u00e9es? Depuis combien d\u2019ann\u00e9es est-il \u00e9leveur de Schapendoes?<\/li>\n<li>Combien de port\u00e9es a-t-il dans une ann\u00e9e?<\/li>\n<li>Quelles sont les activit\u00e9s pratiqu\u00e9es avec ses chiens?<\/li>\n<li>Quel est le temp\u00e9rament g\u00e9n\u00e9ral de ses chiens?<\/li>\n<li>Pouvez-vous voir la m\u00e8re et le p\u00e8re de la future port\u00e9e?<\/li>\n<li>Pouvez-vous voir le pedigree des futurs parents?<\/li>\n<li>Pouvez-vous voir les r\u00e9sultats des tests de sant\u00e9 qui ont \u00e9t\u00e9 faits (consulter la section Sant\u00e9 du site web)?<\/li>\n<li>Y a-t-il des maladies h\u00e9r\u00e9ditaires dans les lign\u00e9es de l\u2019\u00e9leveur ou dans la race?<\/li>\n<li>Pouvez-vous avoir une copie du contrat de vente afin de pouvoir le lire avant l\u2019achat?<\/li>\n<li>Pouvez-vous avoir une copie de l\u2019histoire m\u00e9dicale du chiot?<\/li>\n<li>Quels sont les tests de sant\u00e9 effectu\u00e9s sur les chiots?<\/li>\n<li>Est-ce que le chiot sera habitu\u00e9 \u00e0 l\u2019utilisation de la cage avant son d\u00e9part?<\/li>\n<li>\u00c0 quel \u00e2ge le chiot pourra quitter le foyer de l\u2019\u00e9leveur?<\/li>\n<li>Quel est le prix d\u2019un chiot?<\/li>\n<li>Est-ce que les chiots ont une \u00e9valuation de leur structure et de leur temp\u00e9rament avant de partir pour leurs nouveaux foyers?<\/li>\n<li>Est-ce que vous pourrez choisir le chiot ou c\u2019est l\u2019\u00e9leveur qui choisira pour vous en fonction de l\u2019\u00e9valuation de la port\u00e9e?<\/li>\n<li>Est-ce que l\u2019\u00e9leveur va vous fournir des informations sur l\u2019alimentation du chiot?<\/li>\n<li>Est-ce que l\u2019\u00e9leveur peut vous recommander des m\u00e9thodes de formation, des documents de r\u00e9f\u00e9rence, des \u00e9coles d\u2019ob\u00e9issance?<\/li>\n<li>Est-ce que l\u2019\u00e9leveur est disponible pour des conseils une fois que vous aurez adopt\u00e9 le chiot?<\/li>\n<li>L\u2019\u00e9leveur est-il membre du Club des Schapendoes du Canada (voir le\u00a0<a href=\"http:\/\/schapendoesclub.ca\/club\/code-ethics\/\">Code of Ethics<\/a>?<\/li>\n<\/ul>\n<p>&nbsp;<\/p>\n<p><strong>Voici quelques \u00e9l\u00e9ments \u00e0 observer lorsque vous rencontrez l\u2019\u00e9leveur:\u00a0\u00a0<\/strong><\/p>\n<ul>\n<li>Est-ce que la m\u00e8re (et le p\u00e8re s\u2019il est pr\u00e9sent) a un temp\u00e9rament et une personnalit\u00e9 que vous aimeriez pour votre chien?<\/li>\n<li>Est-ce que les lieux sont propres?<\/li>\n<li>Est-ce que les chiens sont propres?<\/li>\n<li>Est-c que les chiots sont heureux, actifs et paraissent en sant\u00e9?<\/li>\n<\/ul>\n","protected":false},"excerpt":{"rendered":"<p>Le choix d\u2019un \u00e9leveur est tr\u00e8s important. Vous voulez avoir une relation avec lui qui soit fond\u00e9e sur la confiance et la certitude qu\u2019il r\u00e9pondra \u00e0 toutes vos questions et qu\u2019il sera l\u00e0 pour vous guider et vous aider lorsque<\/p>\n","protected":false},"author":2,"featured_media":0,"parent":556,"menu_order":0,"comment_status":"closed","ping_status":"closed","template":"","meta":{"_monsterinsights_skip_tracking":false,"_monsterinsights_sitenote_active":false,"_monsterinsights_sitenote_note":"","_monsterinsights_sitenote_category":0,"footnotes":""},"tags":[],"class_list":["post-656","page","type-page","status-publish","hentry"],"translation":{"provider":"WPGlobus","version":"3.0.2","language":"fr","enabled_languages":["en","fr"],"languages":{"en":{"title":true,"content":true,"excerpt":false},"fr":{"title":true,"content":true,"excerpt":false}}},"yoast_head":"<!-- This site is optimized with the Yoast SEO plugin v27.4 - https:\/\/yoast.com\/product\/yoast-seo-wordpress\/ -->\n<title>Que demander \u00e0 l\u2019\u00e9leveur - Club des Schapendoes du Canada<\/title>\n<meta name=\"robots\" content=\"index, follow, max-snippet:-1, max-image-preview:large, max-video-preview:-1\" \/>\n<link rel=\"canonical\" href=\"https:\/\/schapendoesclub.ca\/puppies\/ask\/\" \/>\n<meta name=\"twitter:label1\" content=\"Est. reading time\" \/>\n\t<meta name=\"twitter:data1\" content=\"4 minutes\" \/>\n<!-- \/ Yoast SEO plugin. -->","yoast_head_json":{"title":"Que demander \u00e0 l\u2019\u00e9leveur - Club des Schapendoes du Canada","robots":{"index":"index","follow":"follow","max-snippet":"max-snippet:-1","max-image-preview":"max-image-preview:large","max-video-preview":"max-video-preview:-1"},"canonical":"https:\/\/schapendoesclub.ca\/puppies\/ask\/","twitter_misc":{"Est. reading time":"4 minutes"},"schema":{"@context":"https:\/\/schema.org","@graph":[{"@type":"WebPage","@id":"https:\/\/schapendoesclub.ca\/puppies\/ask\/","url":"https:\/\/schapendoesclub.ca\/puppies\/ask\/","name":"Que demander \u00e0 l\u2019\u00e9leveur - Club des Schapendoes du Canada","isPartOf":{"@id":"https:\/\/schapendoesclub.ca\/fr\/#website"},"datePublished":"2014-08-10T18:46:17+00:00","dateModified":"2015-08-28T14:35:40+00:00","breadcrumb":{"@id":"https:\/\/schapendoesclub.ca\/puppies\/ask\/#breadcrumb"},"inLanguage":"fr-FR","potentialAction":[{"@type":"ReadAction","target":["https:\/\/schapendoesclub.ca\/puppies\/ask\/"]}]},{"@type":"BreadcrumbList","@id":"https:\/\/schapendoesclub.ca\/puppies\/ask\/#breadcrumb","itemListElement":[{"@type":"ListItem","position":1,"name":"Home","item":"https:\/\/schapendoesclub.ca\/"},{"@type":"ListItem","position":2,"name":"New Puppy","item":"https:\/\/schapendoesclub.ca\/puppies\/"},{"@type":"ListItem","position":3,"name":"What to Ask About"}]},{"@type":"WebSite","@id":"https:\/\/schapendoesclub.ca\/fr\/#website","url":"https:\/\/schapendoesclub.ca\/fr\/","name":"Club des Schapendoes du Canada","description":"The Schapendoes Breed of Dogs in Canada","potentialAction":[{"@type":"SearchAction","target":{"@type":"EntryPoint","urlTemplate":"https:\/\/schapendoesclub.ca\/fr\/?s={search_term_string}"},"query-input":{"@type":"PropertyValueSpecification","valueRequired":true,"valueName":"search_term_string"}}],"inLanguage":"fr-FR"}]}},"jetpack_sharing_enabled":true,"jetpack_shortlink":"https:\/\/wp.me\/P4I34Z-aA","_links":{"self":[{"href":"http:\/\/schapendoesclub.ca\/fr\/wp-json\/wp\/v2\/pages\/656","targetHints":{"allow":["GET"]}}],"collection":[{"href":"http:\/\/schapendoesclub.ca\/fr\/wp-json\/wp\/v2\/pages"}],"about":[{"href":"http:\/\/schapendoesclub.ca\/fr\/wp-json\/wp\/v2\/types\/page"}],"author":[{"embeddable":true,"href":"http:\/\/schapendoesclub.ca\/fr\/wp-json\/wp\/v2\/users\/2"}],"replies":[{"embeddable":true,"href":"http:\/\/schapendoesclub.ca\/fr\/wp-json\/wp\/v2\/comments?post=656"}],"version-history":[{"count":16,"href":"http:\/\/schapendoesclub.ca\/fr\/wp-json\/wp\/v2\/pages\/656\/revisions"}],"predecessor-version":[{"id":683,"href":"http:\/\/schapendoesclub.ca\/fr\/wp-json\/wp\/v2\/pages\/656\/revisions\/683"}],"up":[{"embeddable":true,"href":"http:\/\/schapendoesclub.ca\/fr\/wp-json\/wp\/v2\/pages\/556"}],"wp:attachment":[{"href":"http:\/\/schapendoesclub.ca\/fr\/wp-json\/wp\/v2\/media?parent=656"}],"wp:term":[{"taxonomy":"post_tag","embeddable":true,"href":"http:\/\/schapendoesclub.ca\/fr\/wp-json\/wp\/v2\/tags?post=656"}],"curies":[{"name":"wp","href":"https:\/\/api.w.org\/{rel}","templated":true}]}}