{"id":646,"date":"2014-08-10T14:38:26","date_gmt":"2014-08-10T18:38:26","guid":{"rendered":"http:\/\/schapendoesclub.ca\/?page_id=646"},"modified":"2016-12-31T20:47:30","modified_gmt":"2017-01-01T01:47:30","slug":"code-ethics","status":"publish","type":"page","link":"http:\/\/schapendoesclub.ca\/fr\/code-ethics\/","title":{"rendered":"Code \u00e9thique"},"content":{"rendered":"<p><strong>Mission du Club des Schapendoes du Canada<br \/>\n<\/strong>Promouvoir et prot\u00e9ger les caract\u00e9ristiques d\u2019origine de chien de troupeau du Schapendoes de m\u00eame que son apparence naturelle, son temp\u00e9rament et sa sant\u00e9.<\/p>\n<p>&nbsp;<\/p>\n<p><strong>Code d\u2019\u00e9thique<\/strong><\/p>\n<ol>\n<li>Assurer un environnement de qualit\u00e9 n\u00e9cessaire \u00e0 la bonne sant\u00e9 et \u00e0 la qualit\u00e9 de vie des Schapendoes servant \u00e0 la reproduction qui sont conformes aux tests requis par le DoesData et le Club des Schapendoes du Canada.<\/li>\n<li>\u00a0Les \u00e9leveurs doivent maintenir \u00e0 jour un registre d\u2019\u00e9levage et rendre les informations sur les reproducteurs et les pedigrees disponibles sur leur site web de m\u00eame qu\u2019au secr\u00e9taire du Club. Si l\u2019\u00e9leveur n\u2019a pas de site web, il doit envoyer les informations sur son \u00e9levage au secr\u00e9taire du Club lorsqu\u2019il fait une demande d\u2019adh\u00e9sion au Club des Schapendoes du Canada. Toutes les informations sur les reproducteurs doivent \u00eatre entr\u00e9es dans la banque de donn\u00e9es DoesData incluant tous les probl\u00e8mes de sant\u00e9 de ceux-ci et de leurs prog\u00e9nitures.<\/li>\n<li>N\u2019utiliser pour la reproduction que les Schapendoes qui r\u00e9pondent aux tests de sant\u00e9 requis par le DoesData et le Club des Schapendoes du Canada. Les chiens reproducteurs doivent avoir passer leurs tests de sant\u00e9 avant la reproduction.<\/li>\n<li><strong>Tests obligatoires:<br \/>\nAPR:<\/strong> Les chiens doivent \u00eatre exempts de l\u2019Atrophie progressive de la r\u00e9tine (APR): lign\u00e9e saine ou test ADN s\u2019il n\u2019y a pas de preuve que la lign\u00e9e est saine.<br \/>\n<strong>Examen des yeux:<\/strong> Les chiens doivent avoir un examen des yeux effectu\u00e9 par un sp\u00e9cialiste dans l\u2019ann\u00e9e pr\u00e9c\u00e9dent l\u2019accouplement.<br \/>\n<strong>Tests OFA:<\/strong>\u00a0Hanches et Coeur.<br \/>\n<strong>Test ALT:<\/strong> Test sanguin pour v\u00e9rifier le taux d\u2019enzymes ALT du foie.<br \/>\n<strong>Tests facultatifs: <\/strong>Coudes, genoux, \u00e9pilepsie, thyro\u00efde, d\u00e9ficience r\u00e9tinienne<\/li>\n<li>Reproduire uniquement des Schapendoes qui sont conformes au standard de la race accept\u00e9 par le Club Canin Canadien (CCC).<\/li>\n<li>N\u2019utiliser pour la reproduction que des Schapendoes qui sont conformes au standard et qui ont un temp\u00e9rament appropri\u00e9. Refuser les services d\u2019un m\u00e2le \u00e0 toute femelle qui n\u2019est pas enregistr\u00e9e et qui pr\u00e9sente des d\u00e9fauts \u00e9vidents. L\u2019\u00e2ge minimal pour la reproduction est de 24 mois tant pour un m\u00e2le que pour une femelle.<br \/>\nUne femelle peut \u00eatre utilis\u00e9 pour la reproduction que si au moins 10 mois ont pass\u00e9 depuis sa derni\u00e8re grossesse. Un \u00e9leveur peut demander au Club de Schapendoes du Canada pour une exemption sp\u00e9ciale pour r\u00e9duire cette p\u00e9riode de temps. Une femelle peut \u00eatre utilis\u00e9 pour la reproduction pour donner naissance seulement deux fois dans une p\u00e9riode de 24 mois.<\/li>\n<li>Fournir les pedigrees des parents, des instructions \u00e9crites sur l\u2019alimentation, les soins de sant\u00e9, l\u2019entra\u00eenement, le toilettage etc\u2026 de m\u00eame que des informations sur les soins de sant\u00e9 re\u00e7us par le chiot et un carnet de sant\u00e9 lors de la vente du chiot.<\/li>\n<li>Les chiots doivent \u00eatre vendus avec un accord de non-reproduction du Club Canin Canadien (CCC) et un contrat sp\u00e9cifiant l\u2019obligation de faire st\u00e9riliser\/castrer le chiot.<\/li>\n<li>Les chiots ne peuvent \u00eatre plac\u00e9s dans leur nouveau foyer avant l\u2019\u00e2ge de 8 semaines.<\/li>\n<li>Un contrat \u00e9crit d\u00e9taillant les responsabilit\u00e9s et les obligations des deux parties (\u00e9leveur et acheteur) doit \u00eatre remis \u00e0 l\u2019acheteur lors de la vente.<\/li>\n<li>Ne pas vendre ou donner un Schapendoes \u00e0 des commerces, des animaleries, des laboratoires ou des tombolas.<\/li>\n<li>Toute publicit\u00e9 ayant trait \u00e0 la vente de chiens doit \u00eatre faite sur le site de l\u2019\u00e9leveur ou par le biais du CKC, du Club des Schapendoes du Canada et de son Bulletin ou de toutes autres fa\u00e7ons approuv\u00e9es par le Club. Les annonces class\u00e9es dans les journaux ou sur internet ne sont pas permises.<\/li>\n<li>Les futurs propri\u00e9taires doivent \u00eatre choisis avec soin. Les \u00e9leveurs doivent s\u2019assurer qu\u2019ils ont les aptitudes et la capacit\u00e9 de r\u00e9pondre aux besoins de la race et qu\u2019ils comprennent bien l\u2019engagement \u00e0 vie (du chien) qu\u2019ils prennent.<\/li>\n<li>L\u2019\u00e9leveur qui vend un chien pour la reproduction demeure co-propri\u00e9taire du chien et accepte d\u2019\u00eatre mentor du nouvel \u00e9leveur pour toute la vie du chien. Il doit \u00e9galement s\u2019assurer que le nouvel \u00e9leveur suit le Code d\u2019\u00e9thique du Club des Schapendoes du Canada.<\/li>\n<li>Toutes les ententes d\u2019accouplement entre \u00e9leveurs doivent \u00eatre faites par \u00e9crit afin de prot\u00e9ger les deux parties.<\/li>\n<li>Les \u00e9leveurs doivent envoyer la liste des nouveaux propri\u00e9taires de m\u00eame que toutes les informations concernant les chiots au Secr\u00e9taire du Club au plus tard 3 mois apr\u00e8s la naissance des chiots. Les informations seront entr\u00e9es dans la base de donn\u00e9es DoesData. L\u2019adh\u00e9sion du nouveau propri\u00e9taire d\u2019un chiot doit \u00eatre post\u00e9e au Tr\u00e9sorier du Club.<\/li>\n<li>Toute plainte all\u00e9guant un manque au Code d\u2019\u00e9thique doit \u00eatre pr\u00e9sent\u00e9e par \u00e9crit comme indiqu\u00e9 dans les R\u00e8glements g\u00e9n\u00e9raux du Club. Le Conseil d\u2019administration prendra connaissance de la plainte all\u00e9gu\u00e9e et si celle-ci s\u2019av\u00e8re fond\u00e9e, le membre pourrait voir son adh\u00e9sion annul\u00e9e.<\/li>\n<li>Les membres du Conseil d\u2019administration du Club se r\u00e9servent le droit de refuser toute demande d\u2019adh\u00e9sion si le code d\u2019\u00e9thique n\u2019est pas respect\u00e9e.<\/li>\n<\/ol>\n<p>&nbsp;<\/p>\n<p><strong>\u201cLe texte anglais du Code d\u2019\u00e9thique sera celui qui sera utilis\u00e9 lorsqu\u2019il y a divergence sur l\u2019interpr\u00e9tation celui-ci.\u201d<\/strong><\/p>\n","protected":false},"excerpt":{"rendered":"<p>Mission du Club des Schapendoes du Canada Promouvoir et prot\u00e9ger les caract\u00e9ristiques d\u2019origine de chien de troupeau du Schapendoes de m\u00eame que son apparence naturelle, son temp\u00e9rament et sa sant\u00e9. &nbsp; Code d\u2019\u00e9thique Assurer un environnement de qualit\u00e9 n\u00e9cessaire \u00e0<\/p>\n","protected":false},"author":2,"featured_media":0,"parent":0,"menu_order":0,"comment_status":"closed","ping_status":"closed","template":"","meta":{"_monsterinsights_skip_tracking":false,"_monsterinsights_sitenote_active":false,"_monsterinsights_sitenote_note":"","_monsterinsights_sitenote_category":0,"footnotes":""},"tags":[],"class_list":["post-646","page","type-page","status-publish","hentry"],"translation":{"provider":"WPGlobus","version":"3.0.2","language":"fr","enabled_languages":["en","fr"],"languages":{"en":{"title":true,"content":true,"excerpt":false},"fr":{"title":true,"content":true,"excerpt":false}}},"yoast_head":"<!-- This site is optimized with the Yoast SEO plugin v27.4 - https:\/\/yoast.com\/product\/yoast-seo-wordpress\/ -->\n<title>Code \u00e9thique  - Club des Schapendoes du Canada<\/title>\n<meta name=\"robots\" content=\"index, follow, max-snippet:-1, max-image-preview:large, max-video-preview:-1\" \/>\n<link rel=\"canonical\" href=\"https:\/\/schapendoesclub.ca\/code-ethics\/\" \/>\n<meta name=\"twitter:label1\" content=\"Est. reading time\" \/>\n\t<meta name=\"twitter:data1\" content=\"8 minutes\" \/>\n<!-- \/ Yoast SEO plugin. -->","yoast_head_json":{"title":"Code \u00e9thique  - Club des Schapendoes du Canada","robots":{"index":"index","follow":"follow","max-snippet":"max-snippet:-1","max-image-preview":"max-image-preview:large","max-video-preview":"max-video-preview:-1"},"canonical":"https:\/\/schapendoesclub.ca\/code-ethics\/","twitter_misc":{"Est. reading time":"8 minutes"},"schema":{"@context":"https:\/\/schema.org","@graph":[{"@type":"WebPage","@id":"https:\/\/schapendoesclub.ca\/code-ethics\/","url":"https:\/\/schapendoesclub.ca\/code-ethics\/","name":"Code \u00e9thique - Club des Schapendoes du Canada","isPartOf":{"@id":"https:\/\/schapendoesclub.ca\/fr\/#website"},"datePublished":"2014-08-10T18:38:26+00:00","dateModified":"2017-01-01T01:47:30+00:00","breadcrumb":{"@id":"https:\/\/schapendoesclub.ca\/code-ethics\/#breadcrumb"},"inLanguage":"fr-FR","potentialAction":[{"@type":"ReadAction","target":["https:\/\/schapendoesclub.ca\/code-ethics\/"]}]},{"@type":"BreadcrumbList","@id":"https:\/\/schapendoesclub.ca\/code-ethics\/#breadcrumb","itemListElement":[{"@type":"ListItem","position":1,"name":"Home","item":"https:\/\/schapendoesclub.ca\/"},{"@type":"ListItem","position":2,"name":"Code of Ethics"}]},{"@type":"WebSite","@id":"https:\/\/schapendoesclub.ca\/fr\/#website","url":"https:\/\/schapendoesclub.ca\/fr\/","name":"Club des Schapendoes du Canada","description":"The Schapendoes Breed of Dogs in Canada","potentialAction":[{"@type":"SearchAction","target":{"@type":"EntryPoint","urlTemplate":"https:\/\/schapendoesclub.ca\/fr\/?s={search_term_string}"},"query-input":{"@type":"PropertyValueSpecification","valueRequired":true,"valueName":"search_term_string"}}],"inLanguage":"fr-FR"}]}},"jetpack_sharing_enabled":true,"jetpack_shortlink":"https:\/\/wp.me\/P4I34Z-aq","_links":{"self":[{"href":"http:\/\/schapendoesclub.ca\/fr\/wp-json\/wp\/v2\/pages\/646","targetHints":{"allow":["GET"]}}],"collection":[{"href":"http:\/\/schapendoesclub.ca\/fr\/wp-json\/wp\/v2\/pages"}],"about":[{"href":"http:\/\/schapendoesclub.ca\/fr\/wp-json\/wp\/v2\/types\/page"}],"author":[{"embeddable":true,"href":"http:\/\/schapendoesclub.ca\/fr\/wp-json\/wp\/v2\/users\/2"}],"replies":[{"embeddable":true,"href":"http:\/\/schapendoesclub.ca\/fr\/wp-json\/wp\/v2\/comments?post=646"}],"version-history":[{"count":22,"href":"http:\/\/schapendoesclub.ca\/fr\/wp-json\/wp\/v2\/pages\/646\/revisions"}],"predecessor-version":[{"id":1451,"href":"http:\/\/schapendoesclub.ca\/fr\/wp-json\/wp\/v2\/pages\/646\/revisions\/1451"}],"wp:attachment":[{"href":"http:\/\/schapendoesclub.ca\/fr\/wp-json\/wp\/v2\/media?parent=646"}],"wp:term":[{"taxonomy":"post_tag","embeddable":true,"href":"http:\/\/schapendoesclub.ca\/fr\/wp-json\/wp\/v2\/tags?post=646"}],"curies":[{"name":"wp","href":"https:\/\/api.w.org\/{rel}","templated":true}]}}