{"id":643,"date":"2014-08-10T14:36:42","date_gmt":"2014-08-10T18:36:42","guid":{"rendered":"http:\/\/schapendoesclub.ca\/?page_id=643"},"modified":"2025-01-07T10:29:37","modified_gmt":"2025-01-07T15:29:37","slug":"schapendoes-hall-fame","status":"publish","type":"page","link":"http:\/\/schapendoesclub.ca\/fr\/health\/schapendoes-hall-fame\/","title":{"rendered":"Schapendoes le coin des champions"},"content":{"rendered":"<h1><strong>R\u00e9sultats de la Sp\u00e9cialit\u00e9 Nationale des Schapendoes de 2024<\/strong><\/h1>\n<p>Un merci particulier \u00e0 <b>Paul Lawless<\/b> pour avoir fait de cette rencontre une r\u00e9ussite.<\/p>\n<p><a href=\"http:\/\/schapendoesclub.ca\/wp-content\/uploads\/2025\/01\/BOB2024.jpg\"><img loading=\"lazy\" decoding=\"async\" class=\"alignnone wp-image-1769\" src=\"http:\/\/schapendoesclub.ca\/wp-content\/uploads\/2025\/01\/BOB2024-300x217.jpg\" alt=\"\" width=\"570\" height=\"412\" data-wp-pid=\"1769\" srcset=\"http:\/\/schapendoesclub.ca\/wp-content\/uploads\/2025\/01\/BOB2024-300x217.jpg 300w, http:\/\/schapendoesclub.ca\/wp-content\/uploads\/2025\/01\/BOB2024-1024x742.jpg 1024w, http:\/\/schapendoesclub.ca\/wp-content\/uploads\/2025\/01\/BOB2024-768x557.jpg 768w, http:\/\/schapendoesclub.ca\/wp-content\/uploads\/2025\/01\/BOB2024-600x435.jpg 600w, http:\/\/schapendoesclub.ca\/wp-content\/uploads\/2025\/01\/BOB2024-1536x1113.jpg 1536w, http:\/\/schapendoesclub.ca\/wp-content\/uploads\/2025\/01\/BOB2024-800x580.jpg 800w, http:\/\/schapendoesclub.ca\/wp-content\/uploads\/2025\/01\/BOB2024.jpg 2048w\" sizes=\"auto, (max-width: 570px) 100vw, 570px\" \/><\/a><\/p>\n<table style=\"height: 441px;\" width=\"596\">\n<tbody>\n<tr>\n<td width=\"208\">Best Of Breed<\/td>\n<td width=\"387\"><a class=\"announcements\" href=\"https:\/\/www.canuckdogs.com\/index.php?PageKey=6c554810-73a2-102c-8ee1-dd6c8247de83&amp;EventKey=6a573740-f11e-11ee-aef0-0050569873b0&amp;ShowKey=550888d1-f11e-11ee-aef0-0050569873b0&amp;DogKey=a96e9f2f-218d-11ed-a238-0050569873b0\">Ch Messyhair&#8217;s Y&amp;R Katherine<\/a><\/td>\n<\/tr>\n<tr>\n<td width=\"208\">Best Of Opposite Sex<\/td>\n<td width=\"387\"><a class=\"announcements\" href=\"https:\/\/www.canuckdogs.com\/index.php?PageKey=6c554810-73a2-102c-8ee1-dd6c8247de83&amp;EventKey=6a573740-f11e-11ee-aef0-0050569873b0&amp;ShowKey=550888d1-f11e-11ee-aef0-0050569873b0&amp;DogKey=d320067a-d882-11ec-96c3-0050569873b0\">Ch Iam Gustave Du Bouleau Blanc<\/a><\/td>\n<\/tr>\n<tr>\n<td width=\"208\">Best Of Winners<\/td>\n<td width=\"387\"><a class=\"announcements\" href=\"https:\/\/www.canuckdogs.com\/index.php?PageKey=6c554810-73a2-102c-8ee1-dd6c8247de83&amp;EventKey=6a573740-f11e-11ee-aef0-0050569873b0&amp;ShowKey=550888d1-f11e-11ee-aef0-0050569873b0&amp;DogKey=9fdb85d8-0705-11ee-9596-0050569873b0\">Miss Louna Star Du Bouleau Blanc<\/a><\/td>\n<\/tr>\n<tr>\n<td width=\"208\">Best Puppy In Breed<\/td>\n<td width=\"387\"><a class=\"announcements\" href=\"https:\/\/www.canuckdogs.com\/index.php?PageKey=6c554810-73a2-102c-8ee1-dd6c8247de83&amp;EventKey=6a573740-f11e-11ee-aef0-0050569873b0&amp;ShowKey=550888d1-f11e-11ee-aef0-0050569873b0&amp;DogKey=b9410ecb-655a-11ef-9cde-000d3a846550\">Messyhair&#8217;s Bumps In The Night Sukie<\/a><\/td>\n<\/tr>\n<tr>\n<td>Select Dog<\/td>\n<td width=\"387\"><a class=\"announcements\" href=\"https:\/\/www.canuckdogs.com\/index.php?PageKey=6c554810-73a2-102c-8ee1-dd6c8247de83&amp;EventKey=6a573740-f11e-11ee-aef0-0050569873b0&amp;ShowKey=550888d1-f11e-11ee-aef0-0050569873b0&amp;DogKey=880c9d9d-4e1f-11e7-996b-0050569873b0\">GCh Xolo Nyssa Van Het Molengat<\/a><\/td>\n<\/tr>\n<tr>\n<td width=\"208\">Winners Dog<\/td>\n<td width=\"387\"><a class=\"announcements\" href=\"https:\/\/www.canuckdogs.com\/index.php?PageKey=6c554810-73a2-102c-8ee1-dd6c8247de83&amp;EventKey=6a573740-f11e-11ee-aef0-0050569873b0&amp;ShowKey=550888d1-f11e-11ee-aef0-0050569873b0&amp;DogKey=6ff0a13f-29cc-11ef-8840-0050569873b0\">Pesto de Bouleau Blanc<\/a><\/td>\n<\/tr>\n<tr>\n<td width=\"208\">Reserve Winners Dog<\/td>\n<td width=\"387\"><a class=\"announcements\" href=\"https:\/\/www.canuckdogs.com\/index.php?PageKey=6c554810-73a2-102c-8ee1-dd6c8247de83&amp;EventKey=6a573740-f11e-11ee-aef0-0050569873b0&amp;ShowKey=550888d1-f11e-11ee-aef0-0050569873b0&amp;DogKey=f694afc3-dcb7-11e9-9df0-0050569873b0\">Zattsco Nothing Else Matter But Neo<\/a><\/td>\n<\/tr>\n<tr>\n<td width=\"208\">Winners Bitch<\/td>\n<td width=\"387\"><a class=\"announcements\" href=\"https:\/\/www.canuckdogs.com\/index.php?PageKey=6c554810-73a2-102c-8ee1-dd6c8247de83&amp;EventKey=6a573740-f11e-11ee-aef0-0050569873b0&amp;ShowKey=550888d1-f11e-11ee-aef0-0050569873b0&amp;DogKey=9fdb85d8-0705-11ee-9596-0050569873b0\">Miss Louna Star Du Bouleau Blanc<\/a><\/td>\n<\/tr>\n<tr>\n<td width=\"208\">Reserve Winners Bitch<\/td>\n<td width=\"387\"><a class=\"announcements\" href=\"https:\/\/www.canuckdogs.com\/index.php?PageKey=6c554810-73a2-102c-8ee1-dd6c8247de83&amp;EventKey=6a573740-f11e-11ee-aef0-0050569873b0&amp;ShowKey=550888d1-f11e-11ee-aef0-0050569873b0&amp;DogKey=b9410ecb-655a-11ef-9cde-000d3a846550\">Messyhair&#8217;s Bumps In The Night Sukie<\/a><\/td>\n<\/tr>\n<tr>\n<td width=\"208\">Best Veteran<\/td>\n<td width=\"387\"><a class=\"announcements\" href=\"https:\/\/www.canuckdogs.com\/index.php?PageKey=6c554810-73a2-102c-8ee1-dd6c8247de83&amp;EventKey=6a573740-f11e-11ee-aef0-0050569873b0&amp;ShowKey=550888d1-f11e-11ee-aef0-0050569873b0&amp;DogKey=880c9d9d-4e1f-11e7-996b-0050569873b0\">GCh Xolo Nyssa Van Het Molengat<\/a><\/td>\n<\/tr>\n<tr>\n<td width=\"208\">Best Baby Puppy In Breed<\/td>\n<td width=\"387\"><a class=\"announcements\" href=\"https:\/\/www.canuckdogs.com\/index.php?PageKey=6c554810-73a2-102c-8ee1-dd6c8247de83&amp;EventKey=6a573740-f11e-11ee-aef0-0050569873b0&amp;ShowKey=550888d1-f11e-11ee-aef0-0050569873b0&amp;DogKey=275991f7-6199-11ef-9cde-000d3a846550\">Quincy Dame Zoe Du Bouleau Blanc<\/a><\/td>\n<\/tr>\n<tr>\n<td width=\"208\">Best of Breed (Altered)<\/td>\n<td width=\"387\"><a class=\"announcements\" href=\"https:\/\/www.canuckdogs.com\/index.php?PageKey=6c554810-73a2-102c-8ee1-dd6c8247de83&amp;EventKey=6a573740-f11e-11ee-aef0-0050569873b0&amp;ShowKey=550888d1-f11e-11ee-aef0-0050569873b0&amp;DogKey=5a52bf69-d3da-11e8-886b-0050569873b0\">Ch Biscotte Du Bouleau Blanc<\/a><\/td>\n<\/tr>\n<tr>\n<td width=\"208\">Select Dog<\/td>\n<td width=\"387\"><a class=\"announcements\" href=\"https:\/\/www.canuckdogs.com\/index.php?PageKey=6c554810-73a2-102c-8ee1-dd6c8247de83&amp;EventKey=6a573740-f11e-11ee-aef0-0050569873b0&amp;ShowKey=550888d1-f11e-11ee-aef0-0050569873b0&amp;DogKey=880c9d9d-4e1f-11e7-996b-0050569873b0\">GCh Xolo Nyssa Van Het Molengat<\/a><\/td>\n<\/tr>\n<tr>\n<td width=\"208\">Select Bitch<\/td>\n<td width=\"387\"><a class=\"announcements\" href=\"https:\/\/www.canuckdogs.com\/index.php?PageKey=6c554810-73a2-102c-8ee1-dd6c8247de83&amp;EventKey=6a573740-f11e-11ee-aef0-0050569873b0&amp;ShowKey=550888d1-f11e-11ee-aef0-0050569873b0&amp;DogKey=2af0d93f-03b1-11ed-9df0-0050569873b0\">Ch Princesse Karat Du Bouleau Blanc<\/a><\/td>\n<\/tr>\n<tr>\n<td width=\"208\">Veteran Bitch<\/td>\n<td width=\"387\"><a class=\"announcements\" href=\"https:\/\/www.canuckdogs.com\/index.php?PageKey=6c554810-73a2-102c-8ee1-dd6c8247de83&amp;EventKey=6a573740-f11e-11ee-aef0-0050569873b0&amp;ShowKey=550888d1-f11e-11ee-aef0-0050569873b0&amp;DogKey=407fc3b1-3561-11e6-ace0-0050569873b0\">GCh Schap Ovcji Koder My Bear Dalia<\/a><\/td>\n<\/tr>\n<\/tbody>\n<\/table>\n<p>&nbsp;<\/p>\n<h1><strong>R\u00e9sultats de la Sp\u00e9cialit\u00e9 Nationale des Schapendoes de 2022<\/strong><\/h1>\n<p>Un merci particulier \u00e0 <b>Stewart Dankner<\/b>\u00a0pour avoir fait de cette rencontre une r\u00e9ussite.<\/p>\n<p><a href=\"http:\/\/schapendoesclub.ca\/wp-content\/uploads\/2025\/01\/Schapendoes_Best_2022.jpg\"><img loading=\"lazy\" decoding=\"async\" class=\"alignnone wp-image-1802\" src=\"http:\/\/schapendoesclub.ca\/wp-content\/uploads\/2025\/01\/Schapendoes_Best_2022-300x227.jpg\" alt=\"\" width=\"560\" height=\"424\" data-wp-pid=\"1802\" srcset=\"http:\/\/schapendoesclub.ca\/wp-content\/uploads\/2025\/01\/Schapendoes_Best_2022-300x227.jpg 300w, http:\/\/schapendoesclub.ca\/wp-content\/uploads\/2025\/01\/Schapendoes_Best_2022-1024x776.jpg 1024w, http:\/\/schapendoesclub.ca\/wp-content\/uploads\/2025\/01\/Schapendoes_Best_2022-768x582.jpg 768w, http:\/\/schapendoesclub.ca\/wp-content\/uploads\/2025\/01\/Schapendoes_Best_2022-600x455.jpg 600w, http:\/\/schapendoesclub.ca\/wp-content\/uploads\/2025\/01\/Schapendoes_Best_2022-1536x1164.jpg 1536w, http:\/\/schapendoesclub.ca\/wp-content\/uploads\/2025\/01\/Schapendoes_Best_2022-800x606.jpg 800w, http:\/\/schapendoesclub.ca\/wp-content\/uploads\/2025\/01\/Schapendoes_Best_2022.jpg 2048w\" sizes=\"auto, (max-width: 560px) 100vw, 560px\" \/><\/a><\/p>\n<table style=\"height: 441px;\" width=\"596\">\n<tbody>\n<tr>\n<td width=\"208\">Best Of Breed<\/td>\n<td width=\"387\"><a class=\"announcements\" href=\"https:\/\/www.canuckdogs.com\/index.php?PageKey=6c554810-73a2-102c-8ee1-dd6c8247de83&amp;EventKey=a50ce05d-e77b-11ec-8595-0050569873b0&amp;ShowKey=6636311a-d7d6-11ec-8f07-0050569873b0&amp;DogKey=6a984c41-1030-11e4-b2f7-0050568f0be7\">GCh Mr Merlot du Bouleau Blanc<\/a><\/td>\n<\/tr>\n<tr>\n<td width=\"208\">Best Of Opposite Sex<\/td>\n<td width=\"387\"><a class=\"announcements\" href=\"https:\/\/www.canuckdogs.com\/index.php?PageKey=6c554810-73a2-102c-8ee1-dd6c8247de83&amp;EventKey=a50ce05d-e77b-11ec-8595-0050569873b0&amp;ShowKey=6636311a-d7d6-11ec-8f07-0050569873b0&amp;DogKey=4402803f-4beb-11e9-aad5-0050569873b0\">Ch Happiest Tails Twinkle Star<\/a><\/td>\n<\/tr>\n<tr>\n<td width=\"208\">Best Of Winners<\/td>\n<td width=\"387\"><a class=\"announcements\" href=\"https:\/\/www.canuckdogs.com\/index.php?PageKey=6c554810-73a2-102c-8ee1-dd6c8247de83&amp;EventKey=a50ce05d-e77b-11ec-8595-0050569873b0&amp;ShowKey=6636311a-d7d6-11ec-8f07-0050569873b0&amp;DogKey=346aebec-bc61-11e9-9df0-0050569873b0\">Glissdoes Mocca Toffee<\/a><\/td>\n<\/tr>\n<tr>\n<td width=\"208\">Best Puppy In Breed<\/td>\n<td width=\"387\"><a class=\"announcements\" href=\"https:\/\/www.canuckdogs.com\/index.php?PageKey=6c554810-73a2-102c-8ee1-dd6c8247de83&amp;EventKey=a50ce05d-e77b-11ec-8595-0050569873b0&amp;ShowKey=6636311a-d7d6-11ec-8f07-0050569873b0&amp;DogKey=2af0d93f-03b1-11ed-9df0-0050569873b0\">Ch Princesse Karat Du Bouleau Blanc<\/a><\/td>\n<\/tr>\n<tr>\n<td>Select Dog<\/td>\n<td width=\"387\"><a class=\"announcements\" href=\"https:\/\/www.canuckdogs.com\/index.php?PageKey=6c554810-73a2-102c-8ee1-dd6c8247de83&amp;EventKey=a50ce05d-e77b-11ec-8595-0050569873b0&amp;ShowKey=6636311a-d7d6-11ec-8f07-0050569873b0&amp;DogKey=d320067a-d882-11ec-96c3-0050569873b0\">Ch Iam Gustave Du Bouleau Blanc<\/a><\/td>\n<\/tr>\n<tr>\n<td width=\"208\">Winners Dog<\/td>\n<td width=\"387\"><a class=\"announcements\" href=\"https:\/\/www.canuckdogs.com\/index.php?PageKey=6c554810-73a2-102c-8ee1-dd6c8247de83&amp;EventKey=a50ce05d-e77b-11ec-8595-0050569873b0&amp;ShowKey=6636311a-d7d6-11ec-8f07-0050569873b0&amp;DogKey=d62200b1-d882-11ec-96c3-0050569873b0\">Messyhair&#8217;s Y&amp;R Jack<\/a><\/td>\n<\/tr>\n<tr>\n<td width=\"208\">Reserve Winners Dog<\/td>\n<td width=\"387\"><a class=\"announcements\" href=\"https:\/\/www.canuckdogs.com\/index.php?PageKey=6c554810-73a2-102c-8ee1-dd6c8247de83&amp;EventKey=a50ce05d-e77b-11ec-8595-0050569873b0&amp;ShowKey=6636311a-d7d6-11ec-8f07-0050569873b0&amp;DogKey=e7d25471-2655-11ed-a3bd-0050569873b0\">By Frost The Twist<\/a><\/td>\n<\/tr>\n<tr>\n<td width=\"208\">Winners Bitch<\/td>\n<td width=\"387\"><a class=\"announcements\" href=\"https:\/\/www.canuckdogs.com\/index.php?PageKey=6c554810-73a2-102c-8ee1-dd6c8247de83&amp;EventKey=a50ce05d-e77b-11ec-8595-0050569873b0&amp;ShowKey=6636311a-d7d6-11ec-8f07-0050569873b0&amp;DogKey=346aebec-bc61-11e9-9df0-0050569873b0\">Glissdoes Mocca Toffee<\/a><\/td>\n<\/tr>\n<tr>\n<td width=\"208\">Reserve Winners Bitch<\/td>\n<td width=\"387\"><a class=\"announcements\" href=\"https:\/\/www.canuckdogs.com\/index.php?PageKey=6c554810-73a2-102c-8ee1-dd6c8247de83&amp;EventKey=a50ce05d-e77b-11ec-8595-0050569873b0&amp;ShowKey=6636311a-d7d6-11ec-8f07-0050569873b0&amp;DogKey=a96e9f2f-218d-11ed-a238-0050569873b0\">Messyhair&#8217;s Y&amp;R Katherine<\/a><\/td>\n<\/tr>\n<tr>\n<td width=\"208\">Best Veteran<\/td>\n<td width=\"387\"><a class=\"announcements\" href=\"https:\/\/www.canuckdogs.com\/index.php?PageKey=6c554810-73a2-102c-8ee1-dd6c8247de83&amp;EventKey=a50ce05d-e77b-11ec-8595-0050569873b0&amp;ShowKey=6636311a-d7d6-11ec-8f07-0050569873b0&amp;DogKey=c5f784fd-5ef5-11e1-a6f2-7205c3c48c6f\">Ch Keeva Bay&#8217;s Spice Of Life<\/a><\/td>\n<\/tr>\n<tr>\n<td width=\"208\">Veteran Male<\/td>\n<td width=\"387\"><a class=\"announcements\" href=\"https:\/\/www.canuckdogs.com\/index.php?PageKey=6c554810-73a2-102c-8ee1-dd6c8247de83&amp;EventKey=a50ce05d-e77b-11ec-8595-0050569873b0&amp;ShowKey=6636311a-d7d6-11ec-8f07-0050569873b0&amp;DogKey=0d3e8472-c453-11df-b3da-35a394fb2cec\">Ch Schapnro Lewis du Bouleau Blanc<\/a><\/td>\n<\/tr>\n<tr>\n<td width=\"208\">Veteran Female<\/td>\n<td width=\"387\"><a class=\"announcements\" href=\"https:\/\/www.canuckdogs.com\/index.php?PageKey=6c554810-73a2-102c-8ee1-dd6c8247de83&amp;EventKey=a50ce05d-e77b-11ec-8595-0050569873b0&amp;ShowKey=6636311a-d7d6-11ec-8f07-0050569873b0&amp;DogKey=c5f784fd-5ef5-11e1-a6f2-7205c3c48c6f\">Ch Keeva Bay&#8217;s Spice Of Life<\/a><\/td>\n<\/tr>\n<\/tbody>\n<\/table>\n","protected":false},"excerpt":{"rendered":"<p>R\u00e9sultats de la Sp\u00e9cialit\u00e9 Nationale des Schapendoes de 2024 Un merci particulier \u00e0 Paul Lawless pour avoir fait de cette rencontre une r\u00e9ussite. Best Of Breed Ch Messyhair&#8217;s Y&amp;R Katherine Best Of Opposite Sex Ch Iam Gustave Du Bouleau Blanc<\/p>\n","protected":false},"author":2,"featured_media":0,"parent":547,"menu_order":5,"comment_status":"closed","ping_status":"closed","template":"","meta":{"_monsterinsights_skip_tracking":false,"_monsterinsights_sitenote_active":false,"_monsterinsights_sitenote_note":"","_monsterinsights_sitenote_category":0,"footnotes":""},"tags":[],"class_list":["post-643","page","type-page","status-publish","hentry"],"translation":{"provider":"WPGlobus","version":"3.0.2","language":"fr","enabled_languages":["en","fr"],"languages":{"en":{"title":true,"content":true,"excerpt":false},"fr":{"title":true,"content":true,"excerpt":false}}},"yoast_head":"<!-- This site is optimized with the Yoast SEO plugin v27.4 - https:\/\/yoast.com\/product\/yoast-seo-wordpress\/ -->\n<title>Schapendoes le coin des champions - Club des Schapendoes du Canada<\/title>\n<meta name=\"robots\" content=\"index, follow, max-snippet:-1, max-image-preview:large, max-video-preview:-1\" \/>\n<link rel=\"canonical\" href=\"https:\/\/schapendoesclub.ca\/health\/schapendoes-hall-fame\/\" \/>\n<meta name=\"twitter:label1\" content=\"Est. reading time\" \/>\n\t<meta name=\"twitter:data1\" content=\"2 minutes\" \/>\n<!-- \/ Yoast SEO plugin. -->","yoast_head_json":{"title":"Schapendoes le coin des champions - Club des Schapendoes du Canada","robots":{"index":"index","follow":"follow","max-snippet":"max-snippet:-1","max-image-preview":"max-image-preview:large","max-video-preview":"max-video-preview:-1"},"canonical":"https:\/\/schapendoesclub.ca\/health\/schapendoes-hall-fame\/","twitter_misc":{"Est. reading time":"2 minutes"},"schema":{"@context":"https:\/\/schema.org","@graph":[{"@type":"WebPage","@id":"https:\/\/schapendoesclub.ca\/health\/schapendoes-hall-fame\/","url":"https:\/\/schapendoesclub.ca\/health\/schapendoes-hall-fame\/","name":"Schapendoes le coin des champions - Club des Schapendoes du Canada","isPartOf":{"@id":"https:\/\/schapendoesclub.ca\/fr\/#website"},"primaryImageOfPage":{"@id":"https:\/\/schapendoesclub.ca\/health\/schapendoes-hall-fame\/#primaryimage"},"image":{"@id":"https:\/\/schapendoesclub.ca\/health\/schapendoes-hall-fame\/#primaryimage"},"thumbnailUrl":"http:\/\/schapendoesclub.ca\/wp-content\/uploads\/2025\/01\/BOB2024-300x217.jpg","datePublished":"2014-08-10T18:36:42+00:00","dateModified":"2025-01-07T15:29:37+00:00","breadcrumb":{"@id":"https:\/\/schapendoesclub.ca\/health\/schapendoes-hall-fame\/#breadcrumb"},"inLanguage":"fr-FR","potentialAction":[{"@type":"ReadAction","target":["https:\/\/schapendoesclub.ca\/health\/schapendoes-hall-fame\/"]}]},{"@type":"ImageObject","inLanguage":"fr-FR","@id":"https:\/\/schapendoesclub.ca\/health\/schapendoes-hall-fame\/#primaryimage","url":"http:\/\/schapendoesclub.ca\/wp-content\/uploads\/2025\/01\/BOB2024-300x217.jpg","contentUrl":"http:\/\/schapendoesclub.ca\/wp-content\/uploads\/2025\/01\/BOB2024-300x217.jpg"},{"@type":"BreadcrumbList","@id":"https:\/\/schapendoesclub.ca\/health\/schapendoes-hall-fame\/#breadcrumb","itemListElement":[{"@type":"ListItem","position":1,"name":"Home","item":"https:\/\/schapendoesclub.ca\/"},{"@type":"ListItem","position":2,"name":"A propos du Schapendoes","item":"http:\/\/schapendoesclub.ca\/fr\/health\/"},{"@type":"ListItem","position":3,"name":"Schapendoes Hall of Fame"}]},{"@type":"WebSite","@id":"https:\/\/schapendoesclub.ca\/fr\/#website","url":"https:\/\/schapendoesclub.ca\/fr\/","name":"Club des Schapendoes du Canada","description":"The Schapendoes Breed of Dogs in Canada","potentialAction":[{"@type":"SearchAction","target":{"@type":"EntryPoint","urlTemplate":"https:\/\/schapendoesclub.ca\/fr\/?s={search_term_string}"},"query-input":{"@type":"PropertyValueSpecification","valueRequired":true,"valueName":"search_term_string"}}],"inLanguage":"fr-FR"}]}},"jetpack_sharing_enabled":true,"jetpack_shortlink":"https:\/\/wp.me\/P4I34Z-an","_links":{"self":[{"href":"http:\/\/schapendoesclub.ca\/fr\/wp-json\/wp\/v2\/pages\/643","targetHints":{"allow":["GET"]}}],"collection":[{"href":"http:\/\/schapendoesclub.ca\/fr\/wp-json\/wp\/v2\/pages"}],"about":[{"href":"http:\/\/schapendoesclub.ca\/fr\/wp-json\/wp\/v2\/types\/page"}],"author":[{"embeddable":true,"href":"http:\/\/schapendoesclub.ca\/fr\/wp-json\/wp\/v2\/users\/2"}],"replies":[{"embeddable":true,"href":"http:\/\/schapendoesclub.ca\/fr\/wp-json\/wp\/v2\/comments?post=643"}],"version-history":[{"count":26,"href":"http:\/\/schapendoesclub.ca\/fr\/wp-json\/wp\/v2\/pages\/643\/revisions"}],"predecessor-version":[{"id":1801,"href":"http:\/\/schapendoesclub.ca\/fr\/wp-json\/wp\/v2\/pages\/643\/revisions\/1801"}],"up":[{"embeddable":true,"href":"http:\/\/schapendoesclub.ca\/fr\/wp-json\/wp\/v2\/pages\/547"}],"wp:attachment":[{"href":"http:\/\/schapendoesclub.ca\/fr\/wp-json\/wp\/v2\/media?parent=643"}],"wp:term":[{"taxonomy":"post_tag","embeddable":true,"href":"http:\/\/schapendoesclub.ca\/fr\/wp-json\/wp\/v2\/tags?post=643"}],"curies":[{"name":"wp","href":"https:\/\/api.w.org\/{rel}","templated":true}]}}