{"id":639,"date":"2014-08-10T14:34:54","date_gmt":"2014-08-10T18:34:54","guid":{"rendered":"http:\/\/schapendoesclub.ca\/?page_id=639"},"modified":"2019-01-30T11:46:09","modified_gmt":"2019-01-30T16:46:09","slug":"introduction-2","status":"publish","type":"page","link":"http:\/\/schapendoesclub.ca\/fr\/health\/introduction-2\/","title":{"rendered":"Histoire europ\u00e9enne"},"content":{"rendered":"<p>Pays-Bas. Date de publication du standard valide: 26.03.1992<\/p>\n<p><strong>Utilisation :<br \/>\n<\/strong>Le Schapendoes n\u00e9erlandais est un chien de troupeau qui \u00e9tait utilis\u00e9 \u00e0 la conduite des troupeaux de moutons. Son utilisation est toujours la m\u00eame aujourd\u2019hui.<\/p>\n<p>Comme les landes o\u00f9 p\u00e2turent les moutons sont situ\u00e9s principalement dans les r\u00e9gions tranquilles et \u00e9loign\u00e9es du pays, il est indispensable que le Schapendoes soit endurant, mobile et leste. Il doit \u00e9galement \u00eatre un remarquable sauteur aussi bien qu\u2019intelligent et capable d\u2019agir en toute ind\u00e9pendance. Il doit rester un chien de troupeau au point de vue temp\u00e9rament, corps et esprit.<\/p>\n<p><a href=\"http:\/\/schapendoesclub.ca\/wp-content\/uploads\/2014\/08\/Holland-flag.jpg\"><img loading=\"lazy\" decoding=\"async\" class=\"wp-image-1194 size-full alignnone\" src=\"http:\/\/schapendoesclub.ca\/wp-content\/uploads\/2014\/08\/Holland-flag.jpg\" alt=\"Holland flag\" width=\"736\" height=\"465\" data-wp-pid=\"1194\" srcset=\"http:\/\/schapendoesclub.ca\/wp-content\/uploads\/2014\/08\/Holland-flag.jpg 736w, http:\/\/schapendoesclub.ca\/wp-content\/uploads\/2014\/08\/Holland-flag-300x190.jpg 300w, http:\/\/schapendoesclub.ca\/wp-content\/uploads\/2014\/08\/Holland-flag-600x379.jpg 600w\" sizes=\"auto, (max-width: 736px) 100vw, 736px\" \/><\/a><\/p>\n<p><strong>Classification FCI :<\/strong><br \/>\nGroupe 1 Chiens de berger et bouvier (sauf chiens de bouvier suisses), sans \u00e9preuve de travail.<\/p>\n<p><strong>Bref r\u00e9sum\u00e9 historique\u00a0:<br \/>\n<\/strong>Le Schapendoes est le chien de berger de la Hollande. De par sa fourrure longue, dense et s\u00e8che, et ses oreilles tombantes, il est apparent\u00e9 au Bearded, au Puli, au Nizinny et autres chiens similaires en Europe. On pense que son origine est la m\u00eame que celle du Briard, du Bearded-Collie et du Bergamasque.<\/p>\n<p>Bien que le Schapendoes existe depuis de nombreux si\u00e8cles, il n\u2019est pas tr\u00e8s bien connu. Et cela s\u2019explique par le fait qu\u2019il vivait aupr\u00e8s de gens ordinaires plut\u00f4t qu\u2019aupr\u00e8s de familles aristocratiques. Appartenant \u00e0 de pauvres bergers, il a \u00e9t\u00e9 rarement immortalis\u00e9 dans l\u2019art ou la litt\u00e9rature et on parlait rarement de lui. On sait toutefois qu\u2019il \u00e9tait pr\u00e9sent en Hollande au milieu du 19e si\u00e8cle gr\u00e2ce \u00e0 un tableau du peintre n\u00e9erlandais Conradjin Cunaeus (1825-1895). En raison de ce manque d\u2019int\u00e9r\u00eat pour la race et \u00e0 l\u2019importation des Border Collie anglais, le Schapendoes a consid\u00e9rablement diminu\u00e9 jusqu\u2019\u00e0 presque dispara\u00eetre avant la Seconde Guerre mondiale.<\/p>\n<p>Heureusement, le publiciste et cynophile P.M.C. Toepoel s\u2019int\u00e9resse \u00e0 la race et sait susciter l\u2019int\u00e9r\u00eat d\u2019autres \u00e9leveurs attach\u00e9s au patrimoine canin de leur pays. Ils se mettent donc \u00e0 discuter des caract\u00e9ristiques du chien et \u00e0 rechercher les derniers survivants de la race respectant le plus possible les caract\u00e9ristiques recherch\u00e9es. Le Schapendoes \u00e9tait alors appel\u00e9s \u00abOlde Grise\u00bb, \u00abSiephond\u00bb ou \u00abHerdersdoes\u00bb selon les r\u00e9gions des Pays-Bas o\u00f9 on le retrouvait. Dans les ann\u00e9es 1940, les premiers Schapendoes font leur entr\u00e9e dans le ring.<\/p>\n<p>Son temp\u00e9rament joyeux et son allure \u00e9bouriff\u00e9e ont su suscit\u00e9 l\u2019int\u00e9r\u00eat. Toutefois les \u00e9leveurs ont fait preuve de retenu et l\u2019augmentation du nombre de schapendoes s\u2019est faite avec prudence. Maintenant, la race est connue dans plusieurs pays europ\u00e9ens.<\/p>\n<p><a href=\"http:\/\/schapendoesclub.ca\/wp-content\/uploads\/2014\/08\/Sandy-group.jpg\"><img loading=\"lazy\" decoding=\"async\" class=\"wp-image-1195 size-full alignnone\" src=\"http:\/\/schapendoesclub.ca\/wp-content\/uploads\/2014\/08\/Sandy-group.jpg\" alt=\"Sandy group\" width=\"800\" height=\"285\" data-wp-pid=\"1195\" srcset=\"http:\/\/schapendoesclub.ca\/wp-content\/uploads\/2014\/08\/Sandy-group.jpg 800w, http:\/\/schapendoesclub.ca\/wp-content\/uploads\/2014\/08\/Sandy-group-300x107.jpg 300w, http:\/\/schapendoesclub.ca\/wp-content\/uploads\/2014\/08\/Sandy-group-600x214.jpg 600w\" sizes=\"auto, (max-width: 800px) 100vw, 800px\" \/><\/a><\/p>\n<p>C\u2019est essentiellement gr\u00e2ce aux efforts de M. Backs-Benninck et de son \u00e9pouse que le cheptel a retrouv\u00e9 son importance. De nombreux Schapendoes actuels sont issus de leur \u00e9levage de \u00abReeuwijk\u2019s\u00bb.<\/p>\n<p>Son arriv\u00e9e en France est tr\u00e8s r\u00e9cente (1985) et la premi\u00e8re port\u00e9e fran\u00e7aise na\u00eet en septembre 1987, chez J. et D. Mellet-Coemades.<\/p>\n<p>Enfin, c\u2019est en 1989 que la F\u00e9d\u00e9ration Cynologique Internationale (FCI) reconna\u00eet la race.<\/p>\n","protected":false},"excerpt":{"rendered":"<p>Pays-Bas. Date de publication du standard valide: 26.03.1992 Utilisation : Le Schapendoes n\u00e9erlandais est un chien de troupeau qui \u00e9tait utilis\u00e9 \u00e0 la conduite des troupeaux de moutons. Son utilisation est toujours la m\u00eame aujourd\u2019hui. Comme les landes o\u00f9 p\u00e2turent<\/p>\n","protected":false},"author":2,"featured_media":0,"parent":547,"menu_order":1,"comment_status":"closed","ping_status":"closed","template":"","meta":{"_monsterinsights_skip_tracking":false,"_monsterinsights_sitenote_active":false,"_monsterinsights_sitenote_note":"","_monsterinsights_sitenote_category":0,"footnotes":""},"tags":[],"class_list":["post-639","page","type-page","status-publish","hentry"],"translation":{"provider":"WPGlobus","version":"3.0.2","language":"fr","enabled_languages":["en","fr"],"languages":{"en":{"title":true,"content":true,"excerpt":false},"fr":{"title":true,"content":true,"excerpt":false}}},"yoast_head":"<!-- This site is optimized with the Yoast SEO plugin v27.4 - https:\/\/yoast.com\/product\/yoast-seo-wordpress\/ -->\n<title>Histoire europ\u00e9enne - Club des Schapendoes du Canada<\/title>\n<meta name=\"robots\" content=\"index, follow, max-snippet:-1, max-image-preview:large, max-video-preview:-1\" \/>\n<link rel=\"canonical\" href=\"https:\/\/schapendoesclub.ca\/health\/introduction-2\/\" \/>\n<meta name=\"twitter:label1\" content=\"Est. reading time\" \/>\n\t<meta name=\"twitter:data1\" content=\"6 minutes\" \/>\n<!-- \/ Yoast SEO plugin. -->","yoast_head_json":{"title":"Histoire europ\u00e9enne - Club des Schapendoes du Canada","robots":{"index":"index","follow":"follow","max-snippet":"max-snippet:-1","max-image-preview":"max-image-preview:large","max-video-preview":"max-video-preview:-1"},"canonical":"https:\/\/schapendoesclub.ca\/health\/introduction-2\/","twitter_misc":{"Est. reading time":"6 minutes"},"schema":{"@context":"https:\/\/schema.org","@graph":[{"@type":"WebPage","@id":"https:\/\/schapendoesclub.ca\/health\/introduction-2\/","url":"https:\/\/schapendoesclub.ca\/health\/introduction-2\/","name":"Histoire europ\u00e9enne - Club des Schapendoes du Canada","isPartOf":{"@id":"https:\/\/schapendoesclub.ca\/fr\/#website"},"primaryImageOfPage":{"@id":"https:\/\/schapendoesclub.ca\/health\/introduction-2\/#primaryimage"},"image":{"@id":"https:\/\/schapendoesclub.ca\/health\/introduction-2\/#primaryimage"},"thumbnailUrl":"http:\/\/schapendoesclub.ca\/wp-content\/uploads\/2014\/07\/3ac4a6c63760e04a2f5209a363973fba.jpg","datePublished":"2014-08-10T18:34:54+00:00","dateModified":"2019-01-30T16:46:09+00:00","breadcrumb":{"@id":"https:\/\/schapendoesclub.ca\/health\/introduction-2\/#breadcrumb"},"inLanguage":"fr-FR","potentialAction":[{"@type":"ReadAction","target":["https:\/\/schapendoesclub.ca\/health\/introduction-2\/"]}]},{"@type":"ImageObject","inLanguage":"fr-FR","@id":"https:\/\/schapendoesclub.ca\/health\/introduction-2\/#primaryimage","url":"http:\/\/schapendoesclub.ca\/wp-content\/uploads\/2014\/07\/3ac4a6c63760e04a2f5209a363973fba.jpg","contentUrl":"http:\/\/schapendoesclub.ca\/wp-content\/uploads\/2014\/07\/3ac4a6c63760e04a2f5209a363973fba.jpg"},{"@type":"BreadcrumbList","@id":"https:\/\/schapendoesclub.ca\/health\/introduction-2\/#breadcrumb","itemListElement":[{"@type":"ListItem","position":1,"name":"Home","item":"https:\/\/schapendoesclub.ca\/"},{"@type":"ListItem","position":2,"name":"A propos du Schapendoes","item":"http:\/\/schapendoesclub.ca\/fr\/health\/"},{"@type":"ListItem","position":3,"name":"European History"}]},{"@type":"WebSite","@id":"https:\/\/schapendoesclub.ca\/fr\/#website","url":"https:\/\/schapendoesclub.ca\/fr\/","name":"Club des Schapendoes du Canada","description":"The Schapendoes Breed of Dogs in Canada","potentialAction":[{"@type":"SearchAction","target":{"@type":"EntryPoint","urlTemplate":"https:\/\/schapendoesclub.ca\/fr\/?s={search_term_string}"},"query-input":{"@type":"PropertyValueSpecification","valueRequired":true,"valueName":"search_term_string"}}],"inLanguage":"fr-FR"}]}},"jetpack_sharing_enabled":true,"jetpack_shortlink":"https:\/\/wp.me\/P4I34Z-aj","_links":{"self":[{"href":"http:\/\/schapendoesclub.ca\/fr\/wp-json\/wp\/v2\/pages\/639","targetHints":{"allow":["GET"]}}],"collection":[{"href":"http:\/\/schapendoesclub.ca\/fr\/wp-json\/wp\/v2\/pages"}],"about":[{"href":"http:\/\/schapendoesclub.ca\/fr\/wp-json\/wp\/v2\/types\/page"}],"author":[{"embeddable":true,"href":"http:\/\/schapendoesclub.ca\/fr\/wp-json\/wp\/v2\/users\/2"}],"replies":[{"embeddable":true,"href":"http:\/\/schapendoesclub.ca\/fr\/wp-json\/wp\/v2\/comments?post=639"}],"version-history":[{"count":21,"href":"http:\/\/schapendoesclub.ca\/fr\/wp-json\/wp\/v2\/pages\/639\/revisions"}],"predecessor-version":[{"id":1533,"href":"http:\/\/schapendoesclub.ca\/fr\/wp-json\/wp\/v2\/pages\/639\/revisions\/1533"}],"up":[{"embeddable":true,"href":"http:\/\/schapendoesclub.ca\/fr\/wp-json\/wp\/v2\/pages\/547"}],"wp:attachment":[{"href":"http:\/\/schapendoesclub.ca\/fr\/wp-json\/wp\/v2\/media?parent=639"}],"wp:term":[{"taxonomy":"post_tag","embeddable":true,"href":"http:\/\/schapendoesclub.ca\/fr\/wp-json\/wp\/v2\/tags?post=639"}],"curies":[{"name":"wp","href":"https:\/\/api.w.org\/{rel}","templated":true}]}}