{"id":636,"date":"2014-08-10T14:33:52","date_gmt":"2014-08-10T18:33:52","guid":{"rendered":"http:\/\/schapendoesclub.ca\/?page_id=636"},"modified":"2015-10-11T07:19:14","modified_gmt":"2015-10-11T11:19:14","slug":"introduction","status":"publish","type":"page","link":"http:\/\/schapendoesclub.ca\/fr\/health\/introduction\/","title":{"rendered":"Standard de race"},"content":{"rendered":"<p><strong>Standard no 313\/07.12\/1993<\/strong><\/p>\n<p>&nbsp;<\/p>\n<p><strong>Traduction :<\/strong> Dr J.M Paschoud et Professeur R. Triquet.<\/p>\n<p><strong><span style=\"text-decoration: underline;\">Origine :<\/span><\/strong> Pays-Bas<\/p>\n<p><strong>Utilisation :<\/strong> le Schapendoes, chien de troupeau naturel et harmonieux dans sa construction, est dot\u00e9 d\u2019un caract\u00e8re vif, vigilant et courageux. Il est intelligent et attentif. Envers ses familers, il est affectueux et fid\u00e8le.<\/p>\n<p><strong>Classification F.C.I. :<\/strong> Groupe I (chiens de berger et bouvier), sans \u00e9preuve de travail.<\/p>\n<p><strong>Aspect g\u00e9n\u00e9ral :<\/strong> le Schapendoes n\u00e9erlandais est un chien \u00e0 poil long, l\u00e9ger dans sa construction, dont la hauteur au garrot se situe entre 40 et 50 cm. Son allure est \u00e9lastique et l\u00e9g\u00e8re; il est un sauteur remarquable.<\/p>\n<p><a href=\"http:\/\/schapendoesclub.ca\/wp-content\/uploads\/2014\/08\/schapendoes-dog-with-the-owner-photo.jpg\"><img loading=\"lazy\" decoding=\"async\" class=\"alignnone wp-image-872 size-large\" title=\"Schapendoes standing\" src=\"http:\/\/schapendoesclub.ca\/wp-content\/uploads\/2014\/08\/schapendoes-dog-with-the-owner-photo-1024x811.jpg\" alt=\"Schapendoes standing \" width=\"700\" height=\"554\" srcset=\"http:\/\/schapendoesclub.ca\/wp-content\/uploads\/2014\/08\/schapendoes-dog-with-the-owner-photo-1024x811.jpg 1024w, http:\/\/schapendoesclub.ca\/wp-content\/uploads\/2014\/08\/schapendoes-dog-with-the-owner-photo-300x237.jpg 300w, http:\/\/schapendoesclub.ca\/wp-content\/uploads\/2014\/08\/schapendoes-dog-with-the-owner-photo-600x475.jpg 600w, http:\/\/schapendoesclub.ca\/wp-content\/uploads\/2014\/08\/schapendoes-dog-with-the-owner-photo-800x634.jpg 800w, http:\/\/schapendoesclub.ca\/wp-content\/uploads\/2014\/08\/schapendoes-dog-with-the-owner-photo.jpg 1064w\" sizes=\"auto, (max-width: 700px) 100vw, 700px\" \/><\/a><\/p>\n<p><strong>Comportement et caract\u00e8re :<\/strong> gai, vif, gentil et d\u00e9bordant de temp\u00e9rament.<\/p>\n<p><strong>T\u00eate et cr\u00e2ne :<\/strong> le poil, tr\u00e8s abondant, agrandit et surtout \u00e9largit cette t\u00eate, de sorte que le cr\u00e2ne para\u00eet plus haut qu\u2019il n\u2019est en r\u00e9alit\u00e9. Le cr\u00e2ne est presque plat, le sillon frontal est un peu prononc\u00e9 et les arcades sourcili\u00e8res sont bien en \u00e9vidence. Il est assez large en comparaison de sa longueur. La largeur d\u00e9passe de peu la distance entre le stop et la protub\u00e9rance occipitale. Le museau est plus court que la distance du stop \u00e0 la protub\u00e9rance occipitale. La ligne du museau est \u00e0 peine plus basse que la ligne du cr\u00e2ne et le stop est nettement marqu\u00e9, mais pas abrupt.<\/p>\n<p>L\u2019arcade zygomatique est fortement pro\u00e9minente. Le museau se r\u00e9tr\u00e9cit peu, reste haut et large et se termine par un l\u00e9ger arrondi. Vu lat\u00e9ralement, la gueule ferm\u00e9e, la m\u00e2choire inf\u00e9rieure doit \u00eatre distinctement visible.<\/p>\n<p><strong>Yeux :<\/strong> ils sont assez grands, de forme ronde et dispos\u00e9s normalement dans les orbites. Les yeux sont plac\u00e9s plus en avant que sur les c\u00f4t\u00e9s. Leur couleur est brune; elle ne devrait pas donner l&#8217;impression d&#8217;\u00eatre noire. Le blanc de l&#8217;oeil ne doit \u00eatre visible que lorsque le regard est dirig\u00e9 fortement de c\u00f4t\u00e9. L&#8217;expression doit \u00eatre franche, loyale et vive. Forme, couleur et expression sont caract\u00e9ristiques de la race.<\/p>\n<p><strong>Denture :<\/strong> denture normalement d\u00e9velopp\u00e9e, articul\u00e9e en ciseaux.<\/p>\n<p><strong>Oreilles :<\/strong> attach\u00e9es assez haut, elles ne sont ni grosses ni charnues et pendent librement le long de la t\u00eate sans y \u00eatre accol\u00e9es. Leur poil est long. Elles sont mobiles, mais ne doivent jamais d\u00e9pass\u00e9es la ligne du cr\u00e2ne.<\/p>\n<p><strong>Cou :<\/strong> la t\u00eate est port\u00e9e haut par un cou puissant et sec.<\/p>\n<p><strong>Tronc <\/strong>: le schapendoes n&#8217;est que mod\u00e9r\u00e9ment plus long que haut. L&#8217;ossature est l\u00e9g\u00e8re, souple et \u00e9lastique. Les c\u00f4tes moyennement bien cintr\u00e9es, vont loin vers l&#8217;arri\u00e8re. La poitrine est bien descendue, et la ligne du ventre est peu remont\u00e9e. La ligne de dessus est relev\u00e9e au niveau de la r\u00e9gion lombaire qui est fortement muscl\u00e9e.<\/p>\n<p><strong>Membres ant\u00e9rieurs :<\/strong> les membres ant\u00e9rieurs sont parfaitement droits et d&#8217;ossature l\u00e9g\u00e8re. La bonne angulation des ant\u00e9rieurs fait ressortir la r\u00e9gion sternale. Les m\u00e9tacarpes sont \u00e9lastiques.<\/p>\n<p><strong>Membres post\u00e9rieurs :<\/strong> bonne angulation de la cuisse. Les jarrets, d&#8217;une angulation moyenne, sont d\u00fbment muscl\u00e9s. Les m\u00e9tatarses sont courts.<\/p>\n<p><strong>Pieds :<\/strong> les pieds, de forme ovale et large, sont suffisamment grands et \u00e9lastiques. Les doigts sont bien serr\u00e9s. Les coussinets, s\u00e9par\u00e9s par de nombreux poils, sont \u00e9pais et \u00e9lastiques. Des ergots post\u00e9rieurs sont admis.<\/p>\n<p><strong>Queue :<\/strong> la queue est longue, bien fournie de poils et garnie de franges. Le port de la queue est caract\u00e9ristique pour la race. Au repos, elle pend verticalement. Au trot, la queue, port\u00e9e assez haut et recourb\u00e9e, se balance ostensiblement de droite \u00e0 gauche. Au galop, elle est tendue \u00e0 l&#8217;horizontale. Pour le saut, la queue sert visiblement de gouvernail. Quand le chien est attentif, la queue peut \u00eatre fortement relev\u00e9e. Elle ne doit jamais \u00eatre port\u00e9e avec raideur sur le dos.<\/p>\n<p><strong>Robe :<\/strong> le schapendoes a une toison bien fournie avec suffisamment de sous-poil. Le poil est long et mesure 7 cm et plus sur l&#8217;arri\u00e8re-train. Le poil n&#8217;est pas absolument lisse mais l\u00e9g\u00e8rement ondul\u00e9. Un poil franchement boucl\u00e9 n&#8217;est pas admis. Le poil pousse dense et serr\u00e9; il est fin et sec, en aucun cas soyeux. L\u00e0, o\u00f9 il est long, le poil a tendance \u00e0 former des touffes et m\u00e8ches hirsutes, ce qui donne au schapendoes une ampleur consid\u00e9rable, surtout au niveau de l&#8217;arri\u00e8re-train. Le schapendoes a une toison extraordinaire, moustache et barbe.<\/p>\n<p><strong>Couleur :<\/strong> toutes les couleurs sont admises. On pr\u00e9f\u00e8re un bleu-gris tirant sur le noir.<\/p>\n<p><strong>Allure :<\/strong> comme au travail le schapendoes galope plus souvent qu&#8217;il ne trotte, son allure doit \u00eatre l\u00e9g\u00e8re, \u00e9lastique et sans effort superflu. Il doit \u00eatre un bon sauteur et savoir se retourner lestement.<\/p>\n<p><strong>Hauteur au garrot :<\/strong> les femelles: 40-47 cm; les m\u00e2les: 43-50 cm.<\/p>\n<p><strong>D\u00e9fauts :<\/strong> tout \u00e9cart par rapport \u00e0 ce qui pr\u00e9c\u00e8de doit \u00eatre consid\u00e9r\u00e9 comme un d\u00e9faut qui sera p\u00e9nalis\u00e9 en fonction de sa gravit\u00e9.<\/p>\n<p><strong>D\u00e9fauts \u00e9liminatoires :<\/strong> un Schapendoes qui, dans le ring, s\u2019av\u00e8re \u00eatre peureux et (ou) agressif, ne sera pas class\u00e9 ni qualifi\u00e9.<\/p>\n<p><strong>N.B.<\/strong> Les m\u00e2les doivent avoir deux testicules d\u2019apparence normale compl\u00e8tement descendus dans le scrotum.<\/p>\n","protected":false},"excerpt":{"rendered":"<p>Standard no 313\/07.12\/1993 &nbsp; Traduction : Dr J.M Paschoud et Professeur R. Triquet. Origine : Pays-Bas Utilisation : le Schapendoes, chien de troupeau naturel et harmonieux dans sa construction, est dot\u00e9 d\u2019un caract\u00e8re vif, vigilant et courageux. Il est intelligent<\/p>\n","protected":false},"author":2,"featured_media":0,"parent":547,"menu_order":2,"comment_status":"closed","ping_status":"closed","template":"","meta":{"_monsterinsights_skip_tracking":false,"_monsterinsights_sitenote_active":false,"_monsterinsights_sitenote_note":"","_monsterinsights_sitenote_category":0,"footnotes":""},"tags":[],"class_list":["post-636","page","type-page","status-publish","hentry"],"translation":{"provider":"WPGlobus","version":"3.0.2","language":"fr","enabled_languages":["en","fr"],"languages":{"en":{"title":true,"content":true,"excerpt":false},"fr":{"title":true,"content":true,"excerpt":false}}},"yoast_head":"<!-- This site is optimized with the Yoast SEO plugin v27.4 - https:\/\/yoast.com\/product\/yoast-seo-wordpress\/ -->\n<title>Standard de race - Club des Schapendoes du Canada<\/title>\n<meta name=\"robots\" content=\"index, follow, max-snippet:-1, max-image-preview:large, max-video-preview:-1\" \/>\n<link rel=\"canonical\" href=\"https:\/\/schapendoesclub.ca\/health\/introduction\/\" \/>\n<meta name=\"twitter:label1\" content=\"Est. reading time\" \/>\n\t<meta name=\"twitter:data1\" content=\"8 minutes\" \/>\n<!-- \/ Yoast SEO plugin. -->","yoast_head_json":{"title":"Standard de race - Club des Schapendoes du Canada","robots":{"index":"index","follow":"follow","max-snippet":"max-snippet:-1","max-image-preview":"max-image-preview:large","max-video-preview":"max-video-preview:-1"},"canonical":"https:\/\/schapendoesclub.ca\/health\/introduction\/","twitter_misc":{"Est. reading time":"8 minutes"},"schema":{"@context":"https:\/\/schema.org","@graph":[{"@type":"WebPage","@id":"https:\/\/schapendoesclub.ca\/health\/introduction\/","url":"https:\/\/schapendoesclub.ca\/health\/introduction\/","name":"Standard de race - Club des Schapendoes du Canada","isPartOf":{"@id":"https:\/\/schapendoesclub.ca\/fr\/#website"},"primaryImageOfPage":{"@id":"https:\/\/schapendoesclub.ca\/health\/introduction\/#primaryimage"},"image":{"@id":"https:\/\/schapendoesclub.ca\/health\/introduction\/#primaryimage"},"thumbnailUrl":"http:\/\/schapendoesclub.ca\/wp-content\/uploads\/2014\/08\/schapendoes-dog-with-the-owner-photo-1024x811.jpg","datePublished":"2014-08-10T18:33:52+00:00","dateModified":"2015-10-11T11:19:14+00:00","breadcrumb":{"@id":"https:\/\/schapendoesclub.ca\/health\/introduction\/#breadcrumb"},"inLanguage":"fr-FR","potentialAction":[{"@type":"ReadAction","target":["https:\/\/schapendoesclub.ca\/health\/introduction\/"]}]},{"@type":"ImageObject","inLanguage":"fr-FR","@id":"https:\/\/schapendoesclub.ca\/health\/introduction\/#primaryimage","url":"http:\/\/schapendoesclub.ca\/wp-content\/uploads\/2014\/08\/schapendoes-dog-with-the-owner-photo-1024x811.jpg","contentUrl":"http:\/\/schapendoesclub.ca\/wp-content\/uploads\/2014\/08\/schapendoes-dog-with-the-owner-photo-1024x811.jpg"},{"@type":"BreadcrumbList","@id":"https:\/\/schapendoesclub.ca\/health\/introduction\/#breadcrumb","itemListElement":[{"@type":"ListItem","position":1,"name":"Home","item":"https:\/\/schapendoesclub.ca\/"},{"@type":"ListItem","position":2,"name":"A propos du Schapendoes","item":"http:\/\/schapendoesclub.ca\/fr\/health\/"},{"@type":"ListItem","position":3,"name":"Breed Standard"}]},{"@type":"WebSite","@id":"https:\/\/schapendoesclub.ca\/fr\/#website","url":"https:\/\/schapendoesclub.ca\/fr\/","name":"Club des Schapendoes du Canada","description":"The Schapendoes Breed of Dogs in Canada","potentialAction":[{"@type":"SearchAction","target":{"@type":"EntryPoint","urlTemplate":"https:\/\/schapendoesclub.ca\/fr\/?s={search_term_string}"},"query-input":{"@type":"PropertyValueSpecification","valueRequired":true,"valueName":"search_term_string"}}],"inLanguage":"fr-FR"}]}},"jetpack_sharing_enabled":true,"jetpack_shortlink":"https:\/\/wp.me\/P4I34Z-ag","_links":{"self":[{"href":"http:\/\/schapendoesclub.ca\/fr\/wp-json\/wp\/v2\/pages\/636","targetHints":{"allow":["GET"]}}],"collection":[{"href":"http:\/\/schapendoesclub.ca\/fr\/wp-json\/wp\/v2\/pages"}],"about":[{"href":"http:\/\/schapendoesclub.ca\/fr\/wp-json\/wp\/v2\/types\/page"}],"author":[{"embeddable":true,"href":"http:\/\/schapendoesclub.ca\/fr\/wp-json\/wp\/v2\/users\/2"}],"replies":[{"embeddable":true,"href":"http:\/\/schapendoesclub.ca\/fr\/wp-json\/wp\/v2\/comments?post=636"}],"version-history":[{"count":14,"href":"http:\/\/schapendoesclub.ca\/fr\/wp-json\/wp\/v2\/pages\/636\/revisions"}],"predecessor-version":[{"id":1245,"href":"http:\/\/schapendoesclub.ca\/fr\/wp-json\/wp\/v2\/pages\/636\/revisions\/1245"}],"up":[{"embeddable":true,"href":"http:\/\/schapendoesclub.ca\/fr\/wp-json\/wp\/v2\/pages\/547"}],"wp:attachment":[{"href":"http:\/\/schapendoesclub.ca\/fr\/wp-json\/wp\/v2\/media?parent=636"}],"wp:term":[{"taxonomy":"post_tag","embeddable":true,"href":"http:\/\/schapendoesclub.ca\/fr\/wp-json\/wp\/v2\/tags?post=636"}],"curies":[{"name":"wp","href":"https:\/\/api.w.org\/{rel}","templated":true}]}}