{"id":625,"date":"2014-08-10T12:37:58","date_gmt":"2014-08-10T16:37:58","guid":{"rendered":"http:\/\/schapendoesclub.ca\/?page_id=625"},"modified":"2015-08-28T16:49:00","modified_gmt":"2015-08-28T20:49:00","slug":"obedience-2","status":"publish","type":"page","link":"http:\/\/schapendoesclub.ca\/fr\/health\/activities\/obedience-2\/","title":{"rendered":"Ob\u00e9issance"},"content":{"rendered":"<p>L\u2019ob\u00e9issance a \u00e9t\u00e9 d\u00e9velopp\u00e9 pour favoriser la formation et pour d\u00e9montrer la volont\u00e9, la capacit\u00e9 et le plaisir des chiens \u00e0 travailler en \u00e9troite collaboration avec les gens.<a href=\"http:\/\/schapendoesclub.ca\/wp-content\/uploads\/2014\/08\/obedience-e1408240243880.jpg\"><img loading=\"lazy\" decoding=\"async\" class=\"alignright wp-image-841 size-full\" src=\"http:\/\/schapendoesclub.ca\/wp-content\/uploads\/2014\/08\/obedience-e1408240243880.jpg\" alt=\"obedience\" width=\"300\" height=\"417\" data-wp-pid=\"841\" srcset=\"http:\/\/schapendoesclub.ca\/wp-content\/uploads\/2014\/08\/obedience-e1408240243880.jpg 300w, http:\/\/schapendoesclub.ca\/wp-content\/uploads\/2014\/08\/obedience-e1408240243880-215x300.jpg 215w\" sizes=\"auto, (max-width: 300px) 100vw, 300px\" \/><\/a><\/p>\n<p>Les concours d\u2019ob\u00e9issance testent la capacit\u00e9 d\u2019un chien \u00e0 effectuer une s\u00e9rie d\u2019exercices d\u00e9termin\u00e9s. Il y a plusieurs niveaux en ob\u00e9issance. Le succ\u00e8s au premier niveau (Novice) fait en sorte que le chien obtient le titre de Chien de compagnie (CD). \u00c0 ce niveau, le chien doit \u00eatre capable de marcher au pied en laisse ou sans laisse et ce, \u00e0 diff\u00e9rentes vitesses, de venir lorsqu\u2019il est appel\u00e9, de rester immobile et silencieux parmi un groupe de chiens lorsqu\u2019on lui dit, de rester immobile lorsqu\u2019on l\u2019examine, etc\u2026 Les niveaux plus \u00e9lev\u00e9s (Chien de compagnie excellent et Chie d\u2019utilit\u00e9) se composent des m\u00eames exercices mais plus difficiles de m\u00eame que de nouveaux d\u00e9fis.<\/p>\n<p>Des cours d\u2019ob\u00e9issance de base et avanc\u00e9 sont facilement disponibles. Il existe m\u00eame des \u00abclasses maternelles\u00bb pour les chiots. Les cours d\u2019ob\u00e9issance sont utiles pour tous les propri\u00e9taires que le but soit d\u2019avoir un chien qui se comporte bien ou de comp\u00e9titionner avec leur chien pour l\u2019obtention d\u2019un titre en ob\u00e9issance.<\/p>\n<p><strong>Test Bon Voisin<\/strong><\/p>\n<p>Le programme Bon voisin canin (BVC) du Club Canin Canadien (CCC) identifie et r\u00e9compense les propri\u00e9taires de chien responsables et attentionn\u00e9s ainsi que leur partenaire canin.<\/p>\n<p>L\u2019objectif du programme Bon voisin canin est de faire en sorte que le chien devienne un membre \u00e0 part enti\u00e8re de nos communaut\u00e9s. On peut se fier aux \u00abbons voisins canins\u00bb pour leurs bonnes mani\u00e8res \u00e0 la maison, en public et en compagnie d\u2019autres chiens.<\/p>\n<p>La formation requise par le Bon voisin canin est non seulement plaisante, valorisante et utile, mais elle aide aussi les propri\u00e9taires \u00e0 d\u00e9velopper une meilleure relation avec leur animal.<\/p>\n<p>Le programme s\u2019adresse \u00e0 tous les chiens, qu\u2019ils soient de race pure ou issus d\u2019un croisement de races. Il a \u00e9t\u00e9 mis sur pied pour combattre le sentiment anti-chien souvent exprim\u00e9 \u00e0 l\u2019\u00e9gard des chiens en g\u00e9n\u00e9ral. Il vise \u00e9galement \u00e0 sensibiliser le public quant aux responsabilit\u00e9s qui incombent aux propri\u00e9taires et aux avantages de poss\u00e9der un chien.<\/p>\n<p>Le test en soi n\u2019est pas une comp\u00e9tition. Il \u00e9value plut\u00f4t la relation chien-manieur ainsi que la capacit\u00e9 du manieur \u00e0 ma\u00eetriser son chien. Le chien est \u00e9valu\u00e9 quant \u00e0 son habilet\u00e9 \u00e0 effectuer certains exercices de base et aux bonnes mani\u00e8res dont il fait preuve dans des situations de tous les jours.<\/p>\n<p>Le Club Canin Canadien encourage tous les propri\u00e9taires de chien \u00e0 participer \u00e0 ce programme et, par le fait m\u00eame, \u00e0 contribuer \u00e0 l\u2019accueil favorable de nos amis canins au sein de la soci\u00e9t\u00e9.<\/p>\n","protected":false},"excerpt":{"rendered":"<p>L\u2019ob\u00e9issance a \u00e9t\u00e9 d\u00e9velopp\u00e9 pour favoriser la formation et pour d\u00e9montrer la volont\u00e9, la capacit\u00e9 et le plaisir des chiens \u00e0 travailler en \u00e9troite collaboration avec les gens. Les concours d\u2019ob\u00e9issance testent la capacit\u00e9 d\u2019un chien \u00e0 effectuer une s\u00e9rie<\/p>\n","protected":false},"author":2,"featured_media":0,"parent":600,"menu_order":2,"comment_status":"closed","ping_status":"closed","template":"","meta":{"_monsterinsights_skip_tracking":false,"_monsterinsights_sitenote_active":false,"_monsterinsights_sitenote_note":"","_monsterinsights_sitenote_category":0,"footnotes":""},"tags":[],"class_list":["post-625","page","type-page","status-publish","hentry"],"translation":{"provider":"WPGlobus","version":"3.0.2","language":"fr","enabled_languages":["en","fr"],"languages":{"en":{"title":true,"content":true,"excerpt":false},"fr":{"title":true,"content":true,"excerpt":false}}},"yoast_head":"<!-- This site is optimized with the Yoast SEO plugin v27.4 - https:\/\/yoast.com\/product\/yoast-seo-wordpress\/ -->\n<title>Ob\u00e9issance - Club des Schapendoes du Canada<\/title>\n<meta name=\"robots\" content=\"index, follow, max-snippet:-1, max-image-preview:large, max-video-preview:-1\" \/>\n<link rel=\"canonical\" href=\"https:\/\/schapendoesclub.ca\/fr\/health\/activities\/obedience-2\/\" \/>\n<meta name=\"twitter:label1\" content=\"Est. reading time\" \/>\n\t<meta name=\"twitter:data1\" content=\"4 minutes\" \/>\n<!-- \/ Yoast SEO plugin. -->","yoast_head_json":{"title":"Ob\u00e9issance - Club des Schapendoes du Canada","robots":{"index":"index","follow":"follow","max-snippet":"max-snippet:-1","max-image-preview":"max-image-preview:large","max-video-preview":"max-video-preview:-1"},"canonical":"https:\/\/schapendoesclub.ca\/fr\/health\/activities\/obedience-2\/","twitter_misc":{"Est. reading time":"4 minutes"},"schema":{"@context":"https:\/\/schema.org","@graph":[{"@type":"WebPage","@id":"https:\/\/schapendoesclub.ca\/fr\/health\/activities\/obedience-2\/","url":"https:\/\/schapendoesclub.ca\/fr\/health\/activities\/obedience-2\/","name":"Ob\u00e9issance - Club des Schapendoes du Canada","isPartOf":{"@id":"https:\/\/schapendoesclub.ca\/fr\/#website"},"primaryImageOfPage":{"@id":"https:\/\/schapendoesclub.ca\/fr\/health\/activities\/obedience-2\/#primaryimage"},"image":{"@id":"https:\/\/schapendoesclub.ca\/fr\/health\/activities\/obedience-2\/#primaryimage"},"thumbnailUrl":"http:\/\/schapendoesclub.ca\/wp-content\/uploads\/2014\/08\/obedience-e1408240243880.jpg","datePublished":"2014-08-10T16:37:58+00:00","dateModified":"2015-08-28T20:49:00+00:00","breadcrumb":{"@id":"https:\/\/schapendoesclub.ca\/fr\/health\/activities\/obedience-2\/#breadcrumb"},"inLanguage":"fr-FR","potentialAction":[{"@type":"ReadAction","target":["https:\/\/schapendoesclub.ca\/fr\/health\/activities\/obedience-2\/"]}]},{"@type":"ImageObject","inLanguage":"fr-FR","@id":"https:\/\/schapendoesclub.ca\/fr\/health\/activities\/obedience-2\/#primaryimage","url":"http:\/\/schapendoesclub.ca\/wp-content\/uploads\/2014\/08\/obedience-e1408240243880.jpg","contentUrl":"http:\/\/schapendoesclub.ca\/wp-content\/uploads\/2014\/08\/obedience-e1408240243880.jpg"},{"@type":"BreadcrumbList","@id":"https:\/\/schapendoesclub.ca\/fr\/health\/activities\/obedience-2\/#breadcrumb","itemListElement":[{"@type":"ListItem","position":1,"name":"Home","item":"https:\/\/schapendoesclub.ca\/"},{"@type":"ListItem","position":2,"name":"A propos du Schapendoes","item":"http:\/\/schapendoesclub.ca\/fr\/health\/"},{"@type":"ListItem","position":3,"name":"Activites","item":"https:\/\/schapendoesclub.ca\/fr\/health\/activities\/"},{"@type":"ListItem","position":4,"name":"Ob\u00e9issance"}]},{"@type":"WebSite","@id":"https:\/\/schapendoesclub.ca\/fr\/#website","url":"https:\/\/schapendoesclub.ca\/fr\/","name":"Club des Schapendoes du Canada","description":"The Schapendoes Breed of Dogs in Canada","potentialAction":[{"@type":"SearchAction","target":{"@type":"EntryPoint","urlTemplate":"https:\/\/schapendoesclub.ca\/fr\/?s={search_term_string}"},"query-input":{"@type":"PropertyValueSpecification","valueRequired":true,"valueName":"search_term_string"}}],"inLanguage":"fr-FR"}]}},"jetpack_sharing_enabled":true,"jetpack_shortlink":"https:\/\/wp.me\/P4I34Z-a5","_links":{"self":[{"href":"http:\/\/schapendoesclub.ca\/fr\/wp-json\/wp\/v2\/pages\/625","targetHints":{"allow":["GET"]}}],"collection":[{"href":"http:\/\/schapendoesclub.ca\/fr\/wp-json\/wp\/v2\/pages"}],"about":[{"href":"http:\/\/schapendoesclub.ca\/fr\/wp-json\/wp\/v2\/types\/page"}],"author":[{"embeddable":true,"href":"http:\/\/schapendoesclub.ca\/fr\/wp-json\/wp\/v2\/users\/2"}],"replies":[{"embeddable":true,"href":"http:\/\/schapendoesclub.ca\/fr\/wp-json\/wp\/v2\/comments?post=625"}],"version-history":[{"count":11,"href":"http:\/\/schapendoesclub.ca\/fr\/wp-json\/wp\/v2\/pages\/625\/revisions"}],"predecessor-version":[{"id":1586,"href":"http:\/\/schapendoesclub.ca\/fr\/wp-json\/wp\/v2\/pages\/625\/revisions\/1586"}],"up":[{"embeddable":true,"href":"http:\/\/schapendoesclub.ca\/fr\/wp-json\/wp\/v2\/pages\/600"}],"wp:attachment":[{"href":"http:\/\/schapendoesclub.ca\/fr\/wp-json\/wp\/v2\/media?parent=625"}],"wp:term":[{"taxonomy":"post_tag","embeddable":true,"href":"http:\/\/schapendoesclub.ca\/fr\/wp-json\/wp\/v2\/tags?post=625"}],"curies":[{"name":"wp","href":"https:\/\/api.w.org\/{rel}","templated":true}]}}