{"id":623,"date":"2014-08-10T12:35:09","date_gmt":"2014-08-10T16:35:09","guid":{"rendered":"http:\/\/schapendoesclub.ca\/?page_id=623"},"modified":"2015-08-28T19:37:53","modified_gmt":"2015-08-28T23:37:53","slug":"herding","status":"publish","type":"page","link":"http:\/\/schapendoesclub.ca\/fr\/health\/activities\/herding\/","title":{"rendered":"Travail sur troupeau"},"content":{"rendered":"<p>Le plus ancien travail confi\u00e9 \u00e0 des chiens est probablement celui de rassemblement et de garde de troupeaux de moutons et de bovins. Il y a plusieurs races de chiens de berger ainsi que de nombreuses fa\u00e7ons de s\u2019acquitter de la t\u00e2che. Par exemple, le Schapendoes utilise une vari\u00e9t\u00e9 de jappements, le mouvement et le contact du corps avec les moutons pour les faire bouger et les diriger. Les chiens de troupeaux sont utilis\u00e9s sur de nombreuses fermes et des ranchs o\u00f9 se retrouvent des moutons et du b\u00e9tail.<\/p>\n<p>Aujourd\u2019hui nous retrouvons \u00e9galement les chiens de berger sur les parcours de travail sur troupeau (moutons et bovins surtout) \u00e0 travers le monde. Tr\u00e8s souvent, les gens qui participent \u00e0 ces comp\u00e9titions avec leur chien ne sont aucunement li\u00e9s au monde agricole. Ce qui les int\u00e9resse c\u2019est de pr\u00e9server les instincts et les aptitudes des chiens de berger \u00e0 travailler sur troupeau.<\/p>\n<p>Le Schapendoes \u00e9tant un rassembleur de moutons et non de bovins, nous parlerons surtout du travail sur moutons. Toutefois, les principes de base sont les m\u00eames que le chien travaille avec les moutons ou avec les bovins ou m\u00eame les canards.<br \/>\n<img loading=\"lazy\" decoding=\"async\" class=\"aligncenter wp-image-799 size-large\" src=\"http:\/\/schapendoesclub.ca\/wp-content\/uploads\/2014\/08\/herding-1024x421.jpg\" alt=\"herding\" width=\"700\" height=\"287\" srcset=\"http:\/\/schapendoesclub.ca\/wp-content\/uploads\/2014\/08\/herding-1024x421.jpg 1024w, http:\/\/schapendoesclub.ca\/wp-content\/uploads\/2014\/08\/herding-300x123.jpg 300w, http:\/\/schapendoesclub.ca\/wp-content\/uploads\/2014\/08\/herding-600x246.jpg 600w, http:\/\/schapendoesclub.ca\/wp-content\/uploads\/2014\/08\/herding-800x329.jpg 800w\" sizes=\"auto, (max-width: 700px) 100vw, 700px\" \/><\/p>\n<p><strong>Test d\u2019instinct sur moutons<br \/>\n<\/strong>La premi\u00e8re \u00e9tape, avant de se lancer en comp\u00e9tition avec son chien, est de v\u00e9rifier son instinct \u00e0 rassembler des moutons. C\u2019est le test d\u2019instinct sur moutons. Il vous permet de voir comment votre chien travaille, son style, ses forces et ses faiblesses. Durant le test, un entra\u00eeneur qualifi\u00e9 vous assiste et vous donne les informations utiles, les conseils et les strat\u00e9gies sur la fa\u00e7on de travailler avec votre chien.<\/p>\n<p>Le test d\u2019instinct se tient habituellement dans un enclos rond. Ceci fait en sorte que les moutons ne peuvent s\u2019agglutiner dans un coin rendant le travail du chien inexp\u00e9riment\u00e9 plus difficile. \u2014 Pour certains chiens qui se sentent coinc\u00e9s dans un petit enclos rond, un espace plus grand est plus appropri\u00e9. Le chien entre en laisse dans l\u2019enclos avec l\u2019entra\u00eeneur qui observe comment se comporte le chien et les moutons. C\u2019est l\u2019entra\u00eeneur qui d\u00e9termine quand la laisse peut \u00eatre enlever au chien.<\/p>\n<p>Durant le test, le chien est encourag\u00e9 \u00e0 se d\u00e9placer parmi les moutons et l\u2019entra\u00eeneur\/\u00e9valuateur juge les actions du chien. Il regarde par exemple si le chien est agressif ou non avec les moutons et s\u2019il contr\u00f4le ou essaie de contr\u00f4ler les mouvements des moutons. Il regarde \u00e9galement comment le chien s\u2019approche des moutons, si le chien travaille pr\u00e8s ou un peu plus loin des moutons, s\u2019il aboie ou travaille en silence, s\u2019il est facilement distrait ou r\u00e9pond bien aux ordres, si le chien regroupe les moutons ou les divise plut\u00f4t.<\/p>\n<p>Une fois que le chien a d\u00e9montr\u00e9 qu\u2019il a conserv\u00e9 l\u2019instinct de travail sur moutons, l\u2019\u00e9tape suivante est de trouver un centre de formation. L\u2019entra\u00eeneur donnera une formation individuelle \u00e0 la fois au conducteur et au chien. Le centre de formation devrait poss\u00e9der des troupeaux de moutons convenant aux d\u00e9butants et d\u2019autres convenant aux plus exp\u00e9riment\u00e9s.<\/p>\n<p>Le test d\u2019instinct sur moutons est accessible \u00e0 toutes les races appartenant aux groupe des chiens de berger. Toutefois, il n\u2019y a que les chiens inscrits au CCC qui ont le droit de participer aux comp\u00e9titions sanctionn\u00e9es par le CCC.<br \/>\n<img loading=\"lazy\" decoding=\"async\" class=\"aligncenter wp-image-894 size-full\" src=\"http:\/\/schapendoesclub.ca\/wp-content\/uploads\/2014\/08\/cows.jpg\" alt=\"cows\" width=\"640\" height=\"480\" srcset=\"http:\/\/schapendoesclub.ca\/wp-content\/uploads\/2014\/08\/cows.jpg 640w, http:\/\/schapendoesclub.ca\/wp-content\/uploads\/2014\/08\/cows-300x225.jpg 300w, http:\/\/schapendoesclub.ca\/wp-content\/uploads\/2014\/08\/cows-600x450.jpg 600w\" sizes=\"auto, (max-width: 640px) 100vw, 640px\" \/><\/p>\n<p><strong>Travail sur troupeau initial (H.T.)<br \/>\n<\/strong>Pour avoir droit au titre \u00abTravail sur troupeau initial\u00bb, un chien doit avoir r\u00e9ussi deux tests administr\u00e9s par deux juges diff\u00e9rents \u00e0 des concours approuv\u00e9s de travail sur troupeau.<\/p>\n<p>Le parcours de l\u2019\u00e9preuve de travail sur troupeau initial se compose de trois barri\u00e8res et d\u2019un enclos de sortie. Les moutons entrent dans l\u2019enceinte avant le d\u00e9but du parcours. Quant au conducteur, il peut entrer dans l\u2019enceinte avant les moutons ou apr\u00e8s leur entr\u00e9e.<\/p>\n<p>Pour r\u00e9ussir ce niveau d\u2019\u00e9preuve, le chien doit conduire le troupeau de mani\u00e8re calme et contr\u00f4l\u00e9e, faire ensuite une br\u00e8ve pause en s\u2019arr\u00eatant tout simplement ou en se couchant quelque part sur le parcours, conduire le troupeau en lui faisant franchir les obstacles et faire rentrer le troupeau dans l\u2019enclos.<\/p>\n<p><strong>Travail sur troupeau novice (H.S.)<br \/>\n<\/strong>Pour avoir droit au titre \u00abTravail sur troupeau novice\u00bb, il faut avoir m\u00e9rit\u00e9 un pointage de qualification attribu\u00e9 par au moins deux juges diff\u00e9rents \u00e0 trois concours au niveau Travail sur troupeau novice sur le m\u00eame genre de b\u00e9tail \u00e0 des concours approuv\u00e9s de travail sur troupeau.<\/p>\n<p>Le parcours de Travail sur troupeau novice se compose d\u2019un enclos de d\u00e9part, d\u2019une recherche ou conduite vers la zone de rassemblement dans le calme; d\u2019un rassemblement (recherche, prise de possession et rabattage), de trois barri\u00e8res, d\u2019un couloir et d\u2019un enclos de sortie. Le parcours commence \u00e0 l\u2019enclos de d\u00e9part et se termine \u00e0 l\u2019enclos de sortie.<\/p>\n<p><strong>Travail sur troupeau interm\u00e9diaire (H.I.)\u00a0<\/strong><br \/>\nPour avoir droit \u00e0 ce titre, il faut avoir m\u00e9rit\u00e9 un pointage de qualification attribu\u00e9 par au moins deux juges diff\u00e9rents \u00e0 trois concours au niveau Travail sur troupeau sup\u00e9rieur sur le m\u00eame genre de b\u00e9tail \u00e0 des concours approuv\u00e9s de travail sur troupeau.Le parcours de Travail sur troupeau sup\u00e9rieur se compose des sept t\u00e2ches g\u00e9n\u00e9rales d\u00e9j\u00e0 mentionn\u00e9es et de trois t\u00e2ches en option dont l\u2019une doit \u00eatre choisie parmi les t\u00e2ches en option applicables aux niveaux interm\u00e9diaire et sup\u00e9rieur et une autre doit \u00eatre choisie parmi les t\u00e2ches en option applicables au niveau sup\u00e9rieur.<\/p>\n<p><strong>Travail sur troupeau sup\u00e9rieur (H.A.)<\/strong><br \/>\n\u00c0 ce niveau, on demande entre autre au chien \u00e0 se placer \u00e0 approximativement 50 pieds du troupeau et \u00e0 d\u00e9crire un large cercle vers et derri\u00e8re le troupeau pour le conduire vers le conducteur. Cet exercice est r\u00e9ussi quand le troupeau commence \u00e0 se diriger tranquillement vers le conducteur avec le chien qui se d\u00e9place en ligne droite et \u00e0 un rythme soutenu.<\/p>\n<p>Le parcours de Travail sur troupeau interm\u00e9diaire se compose de sept t\u00e2ches g\u00e9n\u00e9rales dont l\u2019enclos de d\u00e9part, la recherche, la prise de possession, le rabattage, l\u2019enclos de sortie, le couloir et un rabattage\/conduite et de trois t\u00e2ches en option.<\/p>\n<p>Pour avoir droit \u00e0 ce titre, il faut avoir m\u00e9rit\u00e9 un pointage de qualification attribu\u00e9 par au moins deux juges diff\u00e9rents \u00e0 trois concours au niveau Travail sur troupeau interm\u00e9diaire sur le m\u00eame genre de b\u00e9tail \u00e0 des concours approuv\u00e9s de travail sur troupeau.<\/p>\n","protected":false},"excerpt":{"rendered":"<p>Le plus ancien travail confi\u00e9 \u00e0 des chiens est probablement celui de rassemblement et de garde de troupeaux de moutons et de bovins. Il y a plusieurs races de chiens de berger ainsi que de nombreuses fa\u00e7ons de s\u2019acquitter de<\/p>\n","protected":false},"author":2,"featured_media":0,"parent":600,"menu_order":5,"comment_status":"closed","ping_status":"closed","template":"","meta":{"_monsterinsights_skip_tracking":false,"_monsterinsights_sitenote_active":false,"_monsterinsights_sitenote_note":"","_monsterinsights_sitenote_category":0,"footnotes":""},"tags":[],"class_list":["post-623","page","type-page","status-publish","hentry"],"translation":{"provider":"WPGlobus","version":"3.0.2","language":"fr","enabled_languages":["en","fr"],"languages":{"en":{"title":true,"content":true,"excerpt":false},"fr":{"title":true,"content":true,"excerpt":false}}},"yoast_head":"<!-- This site is optimized with the Yoast SEO plugin v27.4 - https:\/\/yoast.com\/product\/yoast-seo-wordpress\/ -->\n<title>Travail sur troupeau - Club des Schapendoes du Canada<\/title>\n<meta name=\"robots\" content=\"index, follow, max-snippet:-1, max-image-preview:large, max-video-preview:-1\" \/>\n<link rel=\"canonical\" href=\"https:\/\/schapendoesclub.ca\/fr\/health\/activities\/herding\/\" \/>\n<meta name=\"twitter:label1\" content=\"Est. reading time\" \/>\n\t<meta name=\"twitter:data1\" content=\"11 minutes\" \/>\n<!-- \/ Yoast SEO plugin. -->","yoast_head_json":{"title":"Travail sur troupeau - Club des Schapendoes du Canada","robots":{"index":"index","follow":"follow","max-snippet":"max-snippet:-1","max-image-preview":"max-image-preview:large","max-video-preview":"max-video-preview:-1"},"canonical":"https:\/\/schapendoesclub.ca\/fr\/health\/activities\/herding\/","twitter_misc":{"Est. reading time":"11 minutes"},"schema":{"@context":"https:\/\/schema.org","@graph":[{"@type":"WebPage","@id":"https:\/\/schapendoesclub.ca\/fr\/health\/activities\/herding\/","url":"https:\/\/schapendoesclub.ca\/fr\/health\/activities\/herding\/","name":"Travail sur troupeau - Club des Schapendoes du Canada","isPartOf":{"@id":"https:\/\/schapendoesclub.ca\/fr\/#website"},"primaryImageOfPage":{"@id":"https:\/\/schapendoesclub.ca\/fr\/health\/activities\/herding\/#primaryimage"},"image":{"@id":"https:\/\/schapendoesclub.ca\/fr\/health\/activities\/herding\/#primaryimage"},"thumbnailUrl":"http:\/\/schapendoesclub.ca\/wp-content\/uploads\/2014\/08\/herding-1024x421.jpg","datePublished":"2014-08-10T16:35:09+00:00","dateModified":"2015-08-28T23:37:53+00:00","breadcrumb":{"@id":"https:\/\/schapendoesclub.ca\/fr\/health\/activities\/herding\/#breadcrumb"},"inLanguage":"fr-FR","potentialAction":[{"@type":"ReadAction","target":["https:\/\/schapendoesclub.ca\/fr\/health\/activities\/herding\/"]}]},{"@type":"ImageObject","inLanguage":"fr-FR","@id":"https:\/\/schapendoesclub.ca\/fr\/health\/activities\/herding\/#primaryimage","url":"http:\/\/schapendoesclub.ca\/wp-content\/uploads\/2014\/08\/herding-1024x421.jpg","contentUrl":"http:\/\/schapendoesclub.ca\/wp-content\/uploads\/2014\/08\/herding-1024x421.jpg"},{"@type":"BreadcrumbList","@id":"https:\/\/schapendoesclub.ca\/fr\/health\/activities\/herding\/#breadcrumb","itemListElement":[{"@type":"ListItem","position":1,"name":"Home","item":"https:\/\/schapendoesclub.ca\/"},{"@type":"ListItem","position":2,"name":"A propos du Schapendoes","item":"http:\/\/schapendoesclub.ca\/fr\/health\/"},{"@type":"ListItem","position":3,"name":"Activites","item":"https:\/\/schapendoesclub.ca\/fr\/health\/activities\/"},{"@type":"ListItem","position":4,"name":"Travail sur troupeau"}]},{"@type":"WebSite","@id":"https:\/\/schapendoesclub.ca\/fr\/#website","url":"https:\/\/schapendoesclub.ca\/fr\/","name":"Club des Schapendoes du Canada","description":"The Schapendoes Breed of Dogs in Canada","potentialAction":[{"@type":"SearchAction","target":{"@type":"EntryPoint","urlTemplate":"https:\/\/schapendoesclub.ca\/fr\/?s={search_term_string}"},"query-input":{"@type":"PropertyValueSpecification","valueRequired":true,"valueName":"search_term_string"}}],"inLanguage":"fr-FR"}]}},"jetpack_sharing_enabled":true,"jetpack_shortlink":"https:\/\/wp.me\/P4I34Z-a3","_links":{"self":[{"href":"http:\/\/schapendoesclub.ca\/fr\/wp-json\/wp\/v2\/pages\/623","targetHints":{"allow":["GET"]}}],"collection":[{"href":"http:\/\/schapendoesclub.ca\/fr\/wp-json\/wp\/v2\/pages"}],"about":[{"href":"http:\/\/schapendoesclub.ca\/fr\/wp-json\/wp\/v2\/types\/page"}],"author":[{"embeddable":true,"href":"http:\/\/schapendoesclub.ca\/fr\/wp-json\/wp\/v2\/users\/2"}],"replies":[{"embeddable":true,"href":"http:\/\/schapendoesclub.ca\/fr\/wp-json\/wp\/v2\/comments?post=623"}],"version-history":[{"count":13,"href":"http:\/\/schapendoesclub.ca\/fr\/wp-json\/wp\/v2\/pages\/623\/revisions"}],"predecessor-version":[{"id":795,"href":"http:\/\/schapendoesclub.ca\/fr\/wp-json\/wp\/v2\/pages\/623\/revisions\/795"}],"up":[{"embeddable":true,"href":"http:\/\/schapendoesclub.ca\/fr\/wp-json\/wp\/v2\/pages\/600"}],"wp:attachment":[{"href":"http:\/\/schapendoesclub.ca\/fr\/wp-json\/wp\/v2\/media?parent=623"}],"wp:term":[{"taxonomy":"post_tag","embeddable":true,"href":"http:\/\/schapendoesclub.ca\/fr\/wp-json\/wp\/v2\/tags?post=623"}],"curies":[{"name":"wp","href":"https:\/\/api.w.org\/{rel}","templated":true}]}}