{"id":620,"date":"2014-08-10T12:33:52","date_gmt":"2014-08-10T16:33:52","guid":{"rendered":"http:\/\/schapendoesclub.ca\/?page_id=620"},"modified":"2015-08-28T16:50:53","modified_gmt":"2015-08-28T20:50:53","slug":"obedience","status":"publish","type":"page","link":"http:\/\/schapendoesclub.ca\/fr\/health\/activities\/obedience\/","title":{"rendered":"Rallye-O"},"content":{"rendered":"<p>Le Rallye d\u2019ob\u00e9issance (Rallye-O) vise \u00e0 promouvoir des relations positives bas\u00e9es sur la confiance et le respect entre le chien et son ma\u00eetre. Le Rallye-O peut \u00eatre pratiquer par des chiens de race pure ou de race mixte, des animaux de compagnie ou des champions ainsi que par des chiens ou des propri\u00e9taires souffrant de handicaps physiques.<\/p>\n<p>L\u2019ATTITUDE est davantage importante en Rallye-O que la pr\u00e9cision. Chiens et manieurs <strong>veulent juste avoir du plaisir<\/strong>.<\/p>\n<p>Le concept d\u2019une seule performance ininterrompue par des demandes d\u2019un juge exige une communication continue entre le chien et le ma\u00eetre. Le manieur peut parler et donner des signaux avec les mains et le corps \u00e0 son chien tout au long de la performance. Chaque parcours \u00e9tant diff\u00e9rent, le manieur doit rester concentrer afin de bien performer.<a href=\"http:\/\/schapendoesclub.ca\/wp-content\/uploads\/2014\/08\/rallyo.jpg\"><img loading=\"lazy\" decoding=\"async\" class=\"alignright wp-image-898 size-full\" src=\"http:\/\/schapendoesclub.ca\/wp-content\/uploads\/2014\/08\/rallyo.jpg\" alt=\"rallyo\" width=\"480\" height=\"360\" data-wp-pid=\"898\" srcset=\"http:\/\/schapendoesclub.ca\/wp-content\/uploads\/2014\/08\/rallyo.jpg 480w, http:\/\/schapendoesclub.ca\/wp-content\/uploads\/2014\/08\/rallyo-300x225.jpg 300w\" sizes=\"auto, (max-width: 480px) 100vw, 480px\" \/><\/a><\/p>\n<p>Le Rallye-O est une activit\u00e9 pour les chiens et leurs ma\u00eetres. Chien et manieur ont \u00e0 r\u00e9aliser un parcours en suivant des panneaux num\u00e9rot\u00e9s et en r\u00e9alisant les actions demand\u00e9es dans le d\u00e9lai imparti. Durant le parcours, le chien et son ma\u00eetre peuvent r\u00e9aliser plusieurs mouvements d\u2019ob\u00e9issance tel le assis, tourner \u00e0 gauche, tourner \u00e0 droite, coucher et ainsi de suite. Le Rallye-O exige \u00e9galement un rythme soutenu et une attitude positive et heureuse.<\/p>\n<p>Le Rallye-O est pour ceux qui d\u00e9sirent une activit\u00e9 amusante qui est en m\u00eame temps d\u00e9fi. Ce n\u2019est pas simple ni facile et le d\u00e9fi am\u00e8ne le chien et le manieur \u00e0 renforcer leur partenariat et leur travail d\u2019\u00e9quipe. La capacit\u00e9 \u00e0 travailler ensemble et la capacit\u00e9 du manieur \u00e0 maintenir tout au long de la performance l\u2019attention de son chien sont autant de d\u00e9fis.<\/p>\n<p>Le Rallye-O est con\u00e7u de telle fa\u00e7on que tous les chiens, peu importe leur niveau, puissent participer. Un cours d\u00e9butant comprend le assis au pied, le assis, les virages, les changements de vitesse, le assis-reste et le rappel. Dans les cours suivants, des \u00e9l\u00e9ments plus difficiles sont incorpor\u00e9s ce qui am\u00e9liorent le niveau de performance et la confiance tant du chien que de son ma\u00eetre. Les parcours de Rallye-O sont offerts par CARO (Associatoin canadienne de Rallye ob\u00e9issance), le CCC (Club canin canadien, l\u2019AKC (American Kennel Club) et l\u2019UKC (United Kennel Club). Le APDT (Association des entra\u00eeneurs de chiens de compagnie) offre \u00e9galement des titres de Rallye-O. Actuellement, le CCC est la seule organisation \u00e0 limiter la comp\u00e9tition aux chiens de race pure.<\/p>\n<p>&nbsp;<\/p>\n","protected":false},"excerpt":{"rendered":"<p>Le Rallye d\u2019ob\u00e9issance (Rallye-O) vise \u00e0 promouvoir des relations positives bas\u00e9es sur la confiance et le respect entre le chien et son ma\u00eetre. Le Rallye-O peut \u00eatre pratiquer par des chiens de race pure ou de race mixte, des animaux<\/p>\n","protected":false},"author":2,"featured_media":0,"parent":600,"menu_order":4,"comment_status":"closed","ping_status":"closed","template":"","meta":{"_monsterinsights_skip_tracking":false,"_monsterinsights_sitenote_active":false,"_monsterinsights_sitenote_note":"","_monsterinsights_sitenote_category":0,"footnotes":""},"tags":[],"class_list":["post-620","page","type-page","status-publish","hentry"],"translation":{"provider":"WPGlobus","version":"3.0.2","language":"fr","enabled_languages":["en","fr"],"languages":{"en":{"title":true,"content":true,"excerpt":false},"fr":{"title":true,"content":true,"excerpt":false}}},"yoast_head":"<!-- This site is optimized with the Yoast SEO plugin v27.4 - https:\/\/yoast.com\/product\/yoast-seo-wordpress\/ -->\n<title>Rallye-O - Club des Schapendoes du Canada<\/title>\n<meta name=\"robots\" content=\"index, follow, max-snippet:-1, max-image-preview:large, max-video-preview:-1\" \/>\n<link rel=\"canonical\" href=\"https:\/\/schapendoesclub.ca\/fr\/health\/activities\/obedience\/\" \/>\n<meta name=\"twitter:label1\" content=\"Est. reading time\" \/>\n\t<meta name=\"twitter:data1\" content=\"4 minutes\" \/>\n<!-- \/ Yoast SEO plugin. -->","yoast_head_json":{"title":"Rallye-O - Club des Schapendoes du Canada","robots":{"index":"index","follow":"follow","max-snippet":"max-snippet:-1","max-image-preview":"max-image-preview:large","max-video-preview":"max-video-preview:-1"},"canonical":"https:\/\/schapendoesclub.ca\/fr\/health\/activities\/obedience\/","twitter_misc":{"Est. reading time":"4 minutes"},"schema":{"@context":"https:\/\/schema.org","@graph":[{"@type":"WebPage","@id":"https:\/\/schapendoesclub.ca\/fr\/health\/activities\/obedience\/","url":"https:\/\/schapendoesclub.ca\/fr\/health\/activities\/obedience\/","name":"Rallye-O - Club des Schapendoes du Canada","isPartOf":{"@id":"https:\/\/schapendoesclub.ca\/fr\/#website"},"primaryImageOfPage":{"@id":"https:\/\/schapendoesclub.ca\/fr\/health\/activities\/obedience\/#primaryimage"},"image":{"@id":"https:\/\/schapendoesclub.ca\/fr\/health\/activities\/obedience\/#primaryimage"},"thumbnailUrl":"http:\/\/schapendoesclub.ca\/wp-content\/uploads\/2014\/08\/rallyo.jpg","datePublished":"2014-08-10T16:33:52+00:00","dateModified":"2015-08-28T20:50:53+00:00","breadcrumb":{"@id":"https:\/\/schapendoesclub.ca\/fr\/health\/activities\/obedience\/#breadcrumb"},"inLanguage":"fr-FR","potentialAction":[{"@type":"ReadAction","target":["https:\/\/schapendoesclub.ca\/fr\/health\/activities\/obedience\/"]}]},{"@type":"ImageObject","inLanguage":"fr-FR","@id":"https:\/\/schapendoesclub.ca\/fr\/health\/activities\/obedience\/#primaryimage","url":"http:\/\/schapendoesclub.ca\/wp-content\/uploads\/2014\/08\/rallyo.jpg","contentUrl":"http:\/\/schapendoesclub.ca\/wp-content\/uploads\/2014\/08\/rallyo.jpg"},{"@type":"BreadcrumbList","@id":"https:\/\/schapendoesclub.ca\/fr\/health\/activities\/obedience\/#breadcrumb","itemListElement":[{"@type":"ListItem","position":1,"name":"Home","item":"https:\/\/schapendoesclub.ca\/"},{"@type":"ListItem","position":2,"name":"A propos du Schapendoes","item":"http:\/\/schapendoesclub.ca\/fr\/health\/"},{"@type":"ListItem","position":3,"name":"Activites","item":"https:\/\/schapendoesclub.ca\/fr\/health\/activities\/"},{"@type":"ListItem","position":4,"name":"Rallye-O"}]},{"@type":"WebSite","@id":"https:\/\/schapendoesclub.ca\/fr\/#website","url":"https:\/\/schapendoesclub.ca\/fr\/","name":"Club des Schapendoes du Canada","description":"The Schapendoes Breed of Dogs in Canada","potentialAction":[{"@type":"SearchAction","target":{"@type":"EntryPoint","urlTemplate":"https:\/\/schapendoesclub.ca\/fr\/?s={search_term_string}"},"query-input":{"@type":"PropertyValueSpecification","valueRequired":true,"valueName":"search_term_string"}}],"inLanguage":"fr-FR"}]}},"jetpack_sharing_enabled":true,"jetpack_shortlink":"https:\/\/wp.me\/P4I34Z-a0","_links":{"self":[{"href":"http:\/\/schapendoesclub.ca\/fr\/wp-json\/wp\/v2\/pages\/620","targetHints":{"allow":["GET"]}}],"collection":[{"href":"http:\/\/schapendoesclub.ca\/fr\/wp-json\/wp\/v2\/pages"}],"about":[{"href":"http:\/\/schapendoesclub.ca\/fr\/wp-json\/wp\/v2\/types\/page"}],"author":[{"embeddable":true,"href":"http:\/\/schapendoesclub.ca\/fr\/wp-json\/wp\/v2\/users\/2"}],"replies":[{"embeddable":true,"href":"http:\/\/schapendoesclub.ca\/fr\/wp-json\/wp\/v2\/comments?post=620"}],"version-history":[{"count":15,"href":"http:\/\/schapendoesclub.ca\/fr\/wp-json\/wp\/v2\/pages\/620\/revisions"}],"predecessor-version":[{"id":787,"href":"http:\/\/schapendoesclub.ca\/fr\/wp-json\/wp\/v2\/pages\/620\/revisions\/787"}],"up":[{"embeddable":true,"href":"http:\/\/schapendoesclub.ca\/fr\/wp-json\/wp\/v2\/pages\/600"}],"wp:attachment":[{"href":"http:\/\/schapendoesclub.ca\/fr\/wp-json\/wp\/v2\/media?parent=620"}],"wp:term":[{"taxonomy":"post_tag","embeddable":true,"href":"http:\/\/schapendoesclub.ca\/fr\/wp-json\/wp\/v2\/tags?post=620"}],"curies":[{"name":"wp","href":"https:\/\/api.w.org\/{rel}","templated":true}]}}