{"id":617,"date":"2014-08-10T12:32:37","date_gmt":"2014-08-10T16:32:37","guid":{"rendered":"http:\/\/schapendoesclub.ca\/?page_id=617"},"modified":"2015-08-29T09:22:48","modified_gmt":"2015-08-29T13:22:48","slug":"agility","status":"publish","type":"page","link":"http:\/\/schapendoesclub.ca\/fr\/health\/activities\/agility\/","title":{"rendered":"Agilit\u00e9"},"content":{"rendered":"<p>L\u2019agilit\u00e9 est une activit\u00e9 canine de plus en plus populaire qui est plaisante pour les chiens et pour les spectateurs. Cette activit\u00e9 a commenc\u00e9 \u00e0 Londres en 1978 en tant que divertissement lors du c\u00e9l\u00e8bre show de conformation Crufts et a ensuite \u00e9t\u00e9 accept\u00e9e en tant que comp\u00e9tition en Am\u00e9rique du Nord.<\/p>\n<p><a href=\"http:\/\/schapendoesclub.ca\/wp-content\/uploads\/2014\/08\/Schapendoes-weekend-Beekbergen-2012-300.jpg\"><img loading=\"lazy\" decoding=\"async\" class=\"alignnone wp-image-803 size-large\" title=\"Schapendoes Agility\" src=\"http:\/\/schapendoesclub.ca\/wp-content\/uploads\/2014\/08\/Schapendoes-weekend-Beekbergen-2012-300-1024x593.jpg\" alt=\"Schapendoes Agliity\" width=\"700\" height=\"405\" srcset=\"http:\/\/schapendoesclub.ca\/wp-content\/uploads\/2014\/08\/Schapendoes-weekend-Beekbergen-2012-300-1024x593.jpg 1024w, http:\/\/schapendoesclub.ca\/wp-content\/uploads\/2014\/08\/Schapendoes-weekend-Beekbergen-2012-300-300x173.jpg 300w, http:\/\/schapendoesclub.ca\/wp-content\/uploads\/2014\/08\/Schapendoes-weekend-Beekbergen-2012-300-600x347.jpg 600w\" sizes=\"auto, (max-width: 700px) 100vw, 700px\" \/><\/a><\/p>\n<p>En agilit\u00e9, l\u2019\u00e9quipe form\u00e9e par le chien et son manieur ex\u00e9cute un parcours constitu\u00e9 de sauts et d\u2019obstacles en un d\u00e9lai d\u00e9termin\u00e9 tout en cherchant \u00e0 minimiser les fautes. Le chien guid\u00e9 par son manieur traverse les tunnels, saute par-dessus les diff\u00e9rents obstacles, monte sur la balan\u00e7oire et la poutre etc\u2026 Vitesse et pr\u00e9cision sont les cl\u00e9s du succ\u00e8s.<\/p>\n<p>Au Canada, le CKC (www.ckc.ca) et l\u2019Association canadienne d\u2019agilit\u00e9 (www.aac.ca) proposent tous les deux des comp\u00e9titions, chacun avec des r\u00e8glements et des crit\u00e8res diff\u00e9rents pour l\u2019acquisition des titres allant des niveaux Novice \u00e0 Ma\u00eetre. Aux \u00c9tats-Unis, ce sont l\u2019Americn Kennel Club (AKC), le United States Dog Agility Association (USDAA) et le North American Dog Agility Council (NADAC) qui sont impliqu\u00e9s dans le monde de l\u2019agilit\u00e9.<\/p>\n<p>L\u2019intelligence du Schapendoes, son athl\u00e9tisme et son amour du travail font de celui-ci un excellent candidat pour l\u2019agilit\u00e9.<\/p>\n<p><img loading=\"lazy\" decoding=\"async\" class=\"alignnone wp-image-812 size-large\" title=\"Schapendoes Agility tunnels\" src=\"http:\/\/schapendoesclub.ca\/wp-content\/uploads\/2014\/08\/Schapendoes-weekend-Beekbergen-2012-285-1024x610.jpg\" alt=\"Schapendoes Agility tunnels\" width=\"700\" height=\"417\" srcset=\"http:\/\/schapendoesclub.ca\/wp-content\/uploads\/2014\/08\/Schapendoes-weekend-Beekbergen-2012-285-1024x610.jpg 1024w, http:\/\/schapendoesclub.ca\/wp-content\/uploads\/2014\/08\/Schapendoes-weekend-Beekbergen-2012-285-300x178.jpg 300w, http:\/\/schapendoesclub.ca\/wp-content\/uploads\/2014\/08\/Schapendoes-weekend-Beekbergen-2012-285-600x357.jpg 600w, http:\/\/schapendoesclub.ca\/wp-content\/uploads\/2014\/08\/Schapendoes-weekend-Beekbergen-2012-285-800x477.jpg 800w\" sizes=\"auto, (max-width: 700px) 100vw, 700px\" \/><\/p>\n","protected":false},"excerpt":{"rendered":"<p>L\u2019agilit\u00e9 est une activit\u00e9 canine de plus en plus populaire qui est plaisante pour les chiens et pour les spectateurs. Cette activit\u00e9 a commenc\u00e9 \u00e0 Londres en 1978 en tant que divertissement lors du c\u00e9l\u00e8bre show de conformation Crufts et<\/p>\n","protected":false},"author":2,"featured_media":0,"parent":600,"menu_order":1,"comment_status":"closed","ping_status":"closed","template":"","meta":{"_monsterinsights_skip_tracking":false,"_monsterinsights_sitenote_active":false,"_monsterinsights_sitenote_note":"","_monsterinsights_sitenote_category":0,"footnotes":""},"tags":[26,27,32,14,28,13,33,20,23,30,21,22,19,16,15,18,29,24,31,25,17],"class_list":["post-617","page","type-page","status-publish","hentry","tag-a-frame","tag-aac","tag-activity","tag-agility","tag-athletic","tag-ckc","tag-competition","tag-dog","tag-dog-walk","tag-dutch-sheep-dog","tag-exercise","tag-fun","tag-handler","tag-jumps","tag-obstacles","tag-ramps","tag-schapendoes","tag-see-saw","tag-sheep-dog","tag-teeter-totter","tag-tunnels"],"translation":{"provider":"WPGlobus","version":"3.0.2","language":"fr","enabled_languages":["en","fr"],"languages":{"en":{"title":true,"content":true,"excerpt":false},"fr":{"title":true,"content":true,"excerpt":false}}},"yoast_head":"<!-- This site is optimized with the Yoast SEO plugin v27.4 - https:\/\/yoast.com\/product\/yoast-seo-wordpress\/ -->\n<title>Agilit\u00e9 - Club des Schapendoes du Canada<\/title>\n<meta name=\"robots\" content=\"index, follow, max-snippet:-1, max-image-preview:large, max-video-preview:-1\" \/>\n<link rel=\"canonical\" href=\"http:\/\/schapendoesclub.ca\/fr\/health\/activities\/agility\/\" \/>\n<meta name=\"twitter:label1\" content=\"Est. reading time\" \/>\n\t<meta name=\"twitter:data1\" content=\"2 minutes\" \/>\n<!-- \/ Yoast SEO plugin. -->","yoast_head_json":{"title":"Agilit\u00e9 - Club des Schapendoes du Canada","robots":{"index":"index","follow":"follow","max-snippet":"max-snippet:-1","max-image-preview":"max-image-preview:large","max-video-preview":"max-video-preview:-1"},"canonical":"http:\/\/schapendoesclub.ca\/fr\/health\/activities\/agility\/","twitter_misc":{"Est. reading time":"2 minutes"},"schema":{"@context":"https:\/\/schema.org","@graph":[{"@type":"WebPage","@id":"http:\/\/schapendoesclub.ca\/fr\/health\/activities\/agility\/","url":"http:\/\/schapendoesclub.ca\/fr\/health\/activities\/agility\/","name":"Agilit\u00e9 - Club des Schapendoes du Canada","isPartOf":{"@id":"https:\/\/schapendoesclub.ca\/fr\/#website"},"primaryImageOfPage":{"@id":"http:\/\/schapendoesclub.ca\/fr\/health\/activities\/agility\/#primaryimage"},"image":{"@id":"http:\/\/schapendoesclub.ca\/fr\/health\/activities\/agility\/#primaryimage"},"thumbnailUrl":"http:\/\/schapendoesclub.ca\/wp-content\/uploads\/2014\/08\/Schapendoes-weekend-Beekbergen-2012-300-1024x593.jpg","datePublished":"2014-08-10T16:32:37+00:00","dateModified":"2015-08-29T13:22:48+00:00","breadcrumb":{"@id":"http:\/\/schapendoesclub.ca\/fr\/health\/activities\/agility\/#breadcrumb"},"inLanguage":"fr-FR","potentialAction":[{"@type":"ReadAction","target":["http:\/\/schapendoesclub.ca\/fr\/health\/activities\/agility\/"]}]},{"@type":"ImageObject","inLanguage":"fr-FR","@id":"http:\/\/schapendoesclub.ca\/fr\/health\/activities\/agility\/#primaryimage","url":"http:\/\/schapendoesclub.ca\/wp-content\/uploads\/2014\/08\/Schapendoes-weekend-Beekbergen-2012-300-1024x593.jpg","contentUrl":"http:\/\/schapendoesclub.ca\/wp-content\/uploads\/2014\/08\/Schapendoes-weekend-Beekbergen-2012-300-1024x593.jpg"},{"@type":"BreadcrumbList","@id":"http:\/\/schapendoesclub.ca\/fr\/health\/activities\/agility\/#breadcrumb","itemListElement":[{"@type":"ListItem","position":1,"name":"Home","item":"https:\/\/schapendoesclub.ca\/"},{"@type":"ListItem","position":2,"name":"A propos du Schapendoes","item":"http:\/\/schapendoesclub.ca\/fr\/health\/"},{"@type":"ListItem","position":3,"name":"Activites","item":"https:\/\/schapendoesclub.ca\/fr\/health\/activities\/"},{"@type":"ListItem","position":4,"name":"Agilit\u00e9"}]},{"@type":"WebSite","@id":"https:\/\/schapendoesclub.ca\/fr\/#website","url":"https:\/\/schapendoesclub.ca\/fr\/","name":"Club des Schapendoes du Canada","description":"The Schapendoes Breed of Dogs in Canada","potentialAction":[{"@type":"SearchAction","target":{"@type":"EntryPoint","urlTemplate":"https:\/\/schapendoesclub.ca\/fr\/?s={search_term_string}"},"query-input":{"@type":"PropertyValueSpecification","valueRequired":true,"valueName":"search_term_string"}}],"inLanguage":"fr-FR"}]}},"jetpack_sharing_enabled":true,"jetpack_shortlink":"https:\/\/wp.me\/P4I34Z-9X","_links":{"self":[{"href":"http:\/\/schapendoesclub.ca\/fr\/wp-json\/wp\/v2\/pages\/617","targetHints":{"allow":["GET"]}}],"collection":[{"href":"http:\/\/schapendoesclub.ca\/fr\/wp-json\/wp\/v2\/pages"}],"about":[{"href":"http:\/\/schapendoesclub.ca\/fr\/wp-json\/wp\/v2\/types\/page"}],"author":[{"embeddable":true,"href":"http:\/\/schapendoesclub.ca\/fr\/wp-json\/wp\/v2\/users\/2"}],"replies":[{"embeddable":true,"href":"http:\/\/schapendoesclub.ca\/fr\/wp-json\/wp\/v2\/comments?post=617"}],"version-history":[{"count":21,"href":"http:\/\/schapendoesclub.ca\/fr\/wp-json\/wp\/v2\/pages\/617\/revisions"}],"predecessor-version":[{"id":1233,"href":"http:\/\/schapendoesclub.ca\/fr\/wp-json\/wp\/v2\/pages\/617\/revisions\/1233"}],"up":[{"embeddable":true,"href":"http:\/\/schapendoesclub.ca\/fr\/wp-json\/wp\/v2\/pages\/600"}],"wp:attachment":[{"href":"http:\/\/schapendoesclub.ca\/fr\/wp-json\/wp\/v2\/media?parent=617"}],"wp:term":[{"taxonomy":"post_tag","embeddable":true,"href":"http:\/\/schapendoesclub.ca\/fr\/wp-json\/wp\/v2\/tags?post=617"}],"curies":[{"name":"wp","href":"https:\/\/api.w.org\/{rel}","templated":true}]}}