{"id":608,"date":"2014-08-07T15:44:20","date_gmt":"2014-08-07T19:44:20","guid":{"rendered":"http:\/\/schapendoesclub.ca\/?page_id=608"},"modified":"2015-08-28T16:54:46","modified_gmt":"2015-08-28T20:54:46","slug":"conformation","status":"publish","type":"page","link":"http:\/\/schapendoesclub.ca\/fr\/health\/activities\/conformation\/","title":{"rendered":"Conformation"},"content":{"rendered":"<p>La conformation est la pr\u00e9sentation d\u2019un chien pour \u00e9valuer ses qualit\u00e9s pour l\u2019\u00e9levage. Son apparence, sa structure, ses mouvements et son temp\u00e9rament sont des indications de sa qualit\u00e9 pour produire des chiots de qualit\u00e9. La taille des expositions de conformation varie de grands \u00e9v\u00e9nements toutes races, avec plus de 3000 chiens inscrits, \u00e0 des expositions de sp\u00e9cialit\u00e9 organis\u00e9es par les clubs de race et qui ne concernent qu\u2019une race sp\u00e9cifique.<\/p>\n<p><img loading=\"lazy\" decoding=\"async\" class=\"alignright\" title=\"Schapendoes walking in conformation ring\" src=\"http:\/\/farm3.static.flickr.com\/2022\/2384065880_4d57956bd6_m.jpg\" alt=\"Schapendoes walking in conformation ring\" width=\"240\" height=\"160\" \/><\/p>\n<p><strong>Il y a trois cat\u00e9gories d\u2019expositions canines:<\/strong><\/p>\n<p>Les expositions de championnat toutes races reconnues par les clubs nationaux (Club Canin Canadien ou American Kennel Club). Ces expositions de championnat sont g\u00e9n\u00e9ralement celles que nous voyons \u00e0 la t\u00e9l\u00e9vision.<\/p>\n<p>Les expositions de sp\u00e9cialit\u00e9 sont r\u00e9serv\u00e9es \u00e0 une race sp\u00e9cifique ou \u00e0 des vari\u00e9t\u00e9s d\u2019une race. Par exemple, le Club du Bulldog du Canada est un club consacr\u00e9 aux Bulldogs uniquement alors que le Club du Caniche du Canada s\u2019int\u00e9resse \u00e0 tous les types de caniche: le caniche standard, le caniche miniature et le caniche toy.<\/p>\n<p>Les expositions de groupe sont limit\u00e9es aux chiens appartenant \u00e0 l\u2019un des sept groupes. Par exemple, l\u2019exposition du Potomac Hound Group ne concerne que le groupe des chiens courants. Les groupes reconnus par le CCC et le AKC sont: les chiens de chasse (groupe 1), les chiens courants (groupe 2), les chiens de travail (groupe 3), les chiens terriers (groupe 4), les chiens miniatures et toy (groupe 5), les chiens non-sportifs (groupe 6), les chiens de berger (groupe 7). Le Schapendoes appartient au groupe des chiens de berger (groupe 7).<\/p>\n<p>&nbsp;<\/p>\n<p><strong>Les chiens qui peuvent participer aux expositions de conformation:<\/strong><\/p>\n<ul>\n<li>les chiens enregistr\u00e9s au Club canin canadien (ou l\u2019American Kennel Club aux USA);<\/li>\n<li>les chiens de 6 mois et plus;<\/li>\n<li>les chiens de race appartenant \u00e0 un des 7 groupes;<\/li>\n<li>les chiens r\u00e9pondant au standard de sa race.<\/li>\n<\/ul>\n<p>Les chiens castr\u00e9s ou st\u00e9rilis\u00e9s ne peuvent participer \u00e0 de telles expositions.<\/p>\n<p>&nbsp;<\/p>\n<p><strong>Le r\u00f4le du juge:<\/strong><\/p>\n<p>Les chiens sont examin\u00e9s par un juge qui d\u00e9termine comment chaque sujet se compare au chien \u00abparfait\u00bb d\u00e9crit dans le standard officiel de chaque race. Ce standard d\u00e9crit les caract\u00e9ristiques qui permettent \u00e0 la race de performer la fonction pour laquelle elle a \u00e9t\u00e9 d\u00e9velopp\u00e9e.<\/p>\n<p>Afin de juger si le chien rencontre les standards de sa race, le juge examine les dents, la structure, la texture de la fourrure. Il regarde chaque chien de profil en position statique pour \u00e9valuer les proportions et il regarde le chien qui se d\u00e9place pour \u00e9valuer son mouvement.<\/p>\n<p>&nbsp;<\/p>\n<p><strong>Comment un show de conformation se d\u00e9roule-t-il?<img loading=\"lazy\" decoding=\"async\" class=\"alignright\" title=\"Schapendoes Best in Show\" src=\"http:\/\/www.canadiandogfancier.com\/wp-content\/uploads\/2011\/10\/BIS_Ribbon_SQ.jpg\" alt=\"Schapendoes Best in Show\" width=\"300\" height=\"295\" \/><\/strong><\/p>\n<p>Chaque chien est pr\u00e9sent\u00e9 au juge par un manieur. Celui-ci peut \u00eatre le propri\u00e9taire du chien, l\u2019\u00e9leveur du chien ou un professionnel. Le r\u00f4le du manieur est de faire en sorte que le chien se pr\u00e9sente sous son meilleur jour afin que le juge lui accorde le meilleur placement possible et que le chien puisse ainsi accumuler des points lui permettant d\u2019obtenir son championnat.<\/p>\n<p>Un chien doit accumuler 10 points, obtenus d\u2019au moins 3 juges diff\u00e9rents, pour obtenir son championnat. Seuls les chiens ayant obtenu les prix de M\u00e2le gagnant et de Femelle gagnante toutes classes peuvent accumuler des points. La vitesse d\u2019obtention du titre de champion d\u00e9pend du nombre de chiens jug\u00e9s lors d\u2019un show de conformation. Plus il y a de chiens d\u2019une m\u00eame race qui participent \u00e0 un show, plus le nombre de points qu\u2019un m\u00e2le ou une femelle peut gagner est \u00e9lev\u00e9. Toutefois, un maximum de 5 points peut \u00eatre obtenu lors d\u2019une m\u00eame comp\u00e9tition.<\/p>\n<p>Les m\u00e2les et les femelles d\u2019une m\u00eame race sont pr\u00e9sent\u00e9s s\u00e9par\u00e9ment dans 7 classes: chiot junior (6-9 mois), chiot senior (9-12 mois), 12-18 mois, ouverte (peu importe l\u2019\u00e2ge, le lieu de naissance ou l\u2019\u00e9levage), chien n\u00e9 d\u2019un \u00e9levage canadien, chien \u00e9lev\u00e9 par l\u2019exposant, champions. Le gagnant m\u00e2le et le gagnant femelle de chaque classe se pr\u00e9sentent \u00e0 nouveau afin de d\u00e9terminer le meilleur gagnant m\u00e2le et le meilleur gagnant femelle de chacune des classes. Enfin, les meilleur des gagnants femelle et m\u00e2le rencontrent les chiens d\u00e9j\u00e0 champions pour d\u00e9terminer le meilleur de la race.<\/p>\n<p>Seul le meilleur de la race sera pr\u00e9sent\u00e9 dans le ring avec les meilleurs des autres races appartenant \u00e0 son groupe. Des chiens pr\u00e9sent\u00e9s dans le groupe, le juge en choisira 4 (1er du groupe au 4e du groupe). Seul le Meilleur du groupe sera pr\u00e9sent\u00e9 dans le ring avec les Meilleurs des autres groupes, soit 7 chiens en tout. Le gagnant sera proclam\u00e9 Meilleur de l\u2019exposition.<\/p>\n","protected":false},"excerpt":{"rendered":"<p>La conformation est la pr\u00e9sentation d\u2019un chien pour \u00e9valuer ses qualit\u00e9s pour l\u2019\u00e9levage. Son apparence, sa structure, ses mouvements et son temp\u00e9rament sont des indications de sa qualit\u00e9 pour produire des chiots de qualit\u00e9. La taille des expositions de conformation<\/p>\n","protected":false},"author":2,"featured_media":0,"parent":600,"menu_order":0,"comment_status":"closed","ping_status":"closed","template":"","meta":{"_monsterinsights_skip_tracking":false,"_monsterinsights_sitenote_active":false,"_monsterinsights_sitenote_note":"","_monsterinsights_sitenote_category":0,"footnotes":""},"tags":[],"class_list":["post-608","page","type-page","status-publish","hentry"],"translation":{"provider":"WPGlobus","version":"3.0.2","language":"fr","enabled_languages":["en","fr"],"languages":{"en":{"title":true,"content":true,"excerpt":false},"fr":{"title":true,"content":true,"excerpt":false}}},"yoast_head":"<!-- This site is optimized with the Yoast SEO plugin v27.4 - https:\/\/yoast.com\/product\/yoast-seo-wordpress\/ -->\n<title>Conformation - Club des Schapendoes du Canada<\/title>\n<meta name=\"robots\" content=\"index, follow, max-snippet:-1, max-image-preview:large, max-video-preview:-1\" \/>\n<link rel=\"canonical\" href=\"http:\/\/schapendoesclub.ca\/fr\/health\/activities\/conformation\/\" \/>\n<meta name=\"twitter:label1\" content=\"Est. reading time\" \/>\n\t<meta name=\"twitter:data1\" content=\"7 minutes\" \/>\n<!-- \/ Yoast SEO plugin. -->","yoast_head_json":{"title":"Conformation - Club des Schapendoes du Canada","robots":{"index":"index","follow":"follow","max-snippet":"max-snippet:-1","max-image-preview":"max-image-preview:large","max-video-preview":"max-video-preview:-1"},"canonical":"http:\/\/schapendoesclub.ca\/fr\/health\/activities\/conformation\/","twitter_misc":{"Est. reading time":"7 minutes"},"schema":{"@context":"https:\/\/schema.org","@graph":[{"@type":"WebPage","@id":"http:\/\/schapendoesclub.ca\/fr\/health\/activities\/conformation\/","url":"http:\/\/schapendoesclub.ca\/fr\/health\/activities\/conformation\/","name":"Conformation - Club des Schapendoes du Canada","isPartOf":{"@id":"https:\/\/schapendoesclub.ca\/fr\/#website"},"primaryImageOfPage":{"@id":"http:\/\/schapendoesclub.ca\/fr\/health\/activities\/conformation\/#primaryimage"},"image":{"@id":"http:\/\/schapendoesclub.ca\/fr\/health\/activities\/conformation\/#primaryimage"},"thumbnailUrl":"http:\/\/farm3.static.flickr.com\/2022\/2384065880_4d57956bd6_m.jpg","datePublished":"2014-08-07T19:44:20+00:00","dateModified":"2015-08-28T20:54:46+00:00","breadcrumb":{"@id":"http:\/\/schapendoesclub.ca\/fr\/health\/activities\/conformation\/#breadcrumb"},"inLanguage":"fr-FR","potentialAction":[{"@type":"ReadAction","target":["http:\/\/schapendoesclub.ca\/fr\/health\/activities\/conformation\/"]}]},{"@type":"ImageObject","inLanguage":"fr-FR","@id":"http:\/\/schapendoesclub.ca\/fr\/health\/activities\/conformation\/#primaryimage","url":"http:\/\/farm3.static.flickr.com\/2022\/2384065880_4d57956bd6_m.jpg","contentUrl":"http:\/\/farm3.static.flickr.com\/2022\/2384065880_4d57956bd6_m.jpg"},{"@type":"BreadcrumbList","@id":"http:\/\/schapendoesclub.ca\/fr\/health\/activities\/conformation\/#breadcrumb","itemListElement":[{"@type":"ListItem","position":1,"name":"Home","item":"https:\/\/schapendoesclub.ca\/"},{"@type":"ListItem","position":2,"name":"A propos du Schapendoes","item":"http:\/\/schapendoesclub.ca\/fr\/health\/"},{"@type":"ListItem","position":3,"name":"Activites","item":"https:\/\/schapendoesclub.ca\/fr\/health\/activities\/"},{"@type":"ListItem","position":4,"name":"Conformation"}]},{"@type":"WebSite","@id":"https:\/\/schapendoesclub.ca\/fr\/#website","url":"https:\/\/schapendoesclub.ca\/fr\/","name":"Club des Schapendoes du Canada","description":"The Schapendoes Breed of Dogs in Canada","potentialAction":[{"@type":"SearchAction","target":{"@type":"EntryPoint","urlTemplate":"https:\/\/schapendoesclub.ca\/fr\/?s={search_term_string}"},"query-input":{"@type":"PropertyValueSpecification","valueRequired":true,"valueName":"search_term_string"}}],"inLanguage":"fr-FR"}]}},"jetpack_sharing_enabled":true,"jetpack_shortlink":"https:\/\/wp.me\/P4I34Z-9O","_links":{"self":[{"href":"http:\/\/schapendoesclub.ca\/fr\/wp-json\/wp\/v2\/pages\/608","targetHints":{"allow":["GET"]}}],"collection":[{"href":"http:\/\/schapendoesclub.ca\/fr\/wp-json\/wp\/v2\/pages"}],"about":[{"href":"http:\/\/schapendoesclub.ca\/fr\/wp-json\/wp\/v2\/types\/page"}],"author":[{"embeddable":true,"href":"http:\/\/schapendoesclub.ca\/fr\/wp-json\/wp\/v2\/users\/2"}],"replies":[{"embeddable":true,"href":"http:\/\/schapendoesclub.ca\/fr\/wp-json\/wp\/v2\/comments?post=608"}],"version-history":[{"count":10,"href":"http:\/\/schapendoesclub.ca\/fr\/wp-json\/wp\/v2\/pages\/608\/revisions"}],"predecessor-version":[{"id":837,"href":"http:\/\/schapendoesclub.ca\/fr\/wp-json\/wp\/v2\/pages\/608\/revisions\/837"}],"up":[{"embeddable":true,"href":"http:\/\/schapendoesclub.ca\/fr\/wp-json\/wp\/v2\/pages\/600"}],"wp:attachment":[{"href":"http:\/\/schapendoesclub.ca\/fr\/wp-json\/wp\/v2\/media?parent=608"}],"wp:term":[{"taxonomy":"post_tag","embeddable":true,"href":"http:\/\/schapendoesclub.ca\/fr\/wp-json\/wp\/v2\/tags?post=608"}],"curies":[{"name":"wp","href":"https:\/\/api.w.org\/{rel}","templated":true}]}}