{"id":600,"date":"2025-01-04T14:05:57","date_gmt":"2025-01-04T19:05:57","guid":{"rendered":"http:\/\/schapendoesclub.ca\/?page_id=600"},"modified":"2025-01-04T14:05:58","modified_gmt":"2025-01-04T19:05:58","slug":"activities","status":"publish","type":"page","link":"http:\/\/schapendoesclub.ca\/fr\/health\/activities\/","title":{"rendered":"Activites"},"content":{"rendered":"<p>Le Schapendoes est extr\u00eamement intelligent et facile \u00e0 \u00e9duquer. Il est important de se rappeler que cette race est non seulement un beau et bon chien mais \u00e9galement un vrai chien de travail qui adore avoir un travail \u00e0 faire. Heureusement, il y a beaucoup d&#8217;activit\u00e9s que vous pouvez faire avec votre Schapendoes. Cliquez sur les liens ci-dessous pour obtenir une description de quelques activit\u00e9s, v\u00e9rifiez aupr\u00e8s du Club canin canadien ou aupr\u00e8s des clubs de races pr\u00e8s de chez vous.<\/p>\n<p>&nbsp;<\/p>\n<p><a href=\"http:\/\/schapendoesclub.ca\/conformation\/\">Conformation<\/a><\/p>\n<p><a href=\"http:\/\/schapendoesclub.ca\/health\/activities\/agility\/\" target=\"_blank\">Agilit<u>\u00e9<\/u><\/a><\/p>\n<p><a href=\"http:\/\/schapendoesclub.ca\/health\/activities\/obedience-2\/\" target=\"_blank\">Ob<u>\u00e9issance<\/u><\/a><\/p>\n<p><a href=\"http:\/\/schapendoesclub.ca\/health\/activities\/obedience\/\">Rally-O<\/a><\/p>\n<p><a href=\"http:\/\/schapendoesclub.ca\/health\/activities\/herding\/\">Travail sur mouton<\/a><\/p>\n","protected":false},"excerpt":{"rendered":"<p>Le Schapendoes est extr\u00eamement intelligent et facile \u00e0 \u00e9duquer. Il est important de se rappeler que cette race est non seulement un beau et bon chien mais \u00e9galement un vrai chien de travail qui adore avoir un travail \u00e0 faire.<\/p>\n","protected":false},"author":5,"featured_media":0,"parent":547,"menu_order":0,"comment_status":"closed","ping_status":"closed","template":"","meta":{"_monsterinsights_skip_tracking":false,"_monsterinsights_sitenote_active":false,"_monsterinsights_sitenote_note":"","_monsterinsights_sitenote_category":0,"footnotes":""},"tags":[],"class_list":["post-600","page","type-page","status-publish","hentry"],"translation":{"provider":"WPGlobus","version":"3.0.2","language":"fr","enabled_languages":["en","fr"],"languages":{"en":{"title":true,"content":true,"excerpt":false},"fr":{"title":true,"content":true,"excerpt":false}}},"yoast_head":"<!-- This site is optimized with the Yoast SEO plugin v27.4 - https:\/\/yoast.com\/product\/yoast-seo-wordpress\/ -->\n<title>Activites - Club des Schapendoes du Canada<\/title>\n<meta name=\"robots\" content=\"index, follow, max-snippet:-1, max-image-preview:large, max-video-preview:-1\" \/>\n<link rel=\"canonical\" href=\"https:\/\/schapendoesclub.ca\/fr\/health\/activities\/\" \/>\n<meta name=\"twitter:label1\" content=\"Est. reading time\" \/>\n\t<meta name=\"twitter:data1\" content=\"1 minute\" \/>\n<!-- \/ Yoast SEO plugin. -->","yoast_head_json":{"title":"Activites - Club des Schapendoes du Canada","robots":{"index":"index","follow":"follow","max-snippet":"max-snippet:-1","max-image-preview":"max-image-preview:large","max-video-preview":"max-video-preview:-1"},"canonical":"https:\/\/schapendoesclub.ca\/fr\/health\/activities\/","twitter_misc":{"Est. reading time":"1 minute"},"schema":{"@context":"https:\/\/schema.org","@graph":[{"@type":"WebPage","@id":"https:\/\/schapendoesclub.ca\/fr\/health\/activities\/","url":"https:\/\/schapendoesclub.ca\/fr\/health\/activities\/","name":"Activites - Club des Schapendoes du Canada","isPartOf":{"@id":"https:\/\/schapendoesclub.ca\/fr\/#website"},"datePublished":"2025-01-04T19:05:57+00:00","dateModified":"2025-01-04T19:05:58+00:00","breadcrumb":{"@id":"https:\/\/schapendoesclub.ca\/fr\/health\/activities\/#breadcrumb"},"inLanguage":"fr-FR","potentialAction":[{"@type":"ReadAction","target":["https:\/\/schapendoesclub.ca\/fr\/health\/activities\/"]}]},{"@type":"BreadcrumbList","@id":"https:\/\/schapendoesclub.ca\/fr\/health\/activities\/#breadcrumb","itemListElement":[{"@type":"ListItem","position":1,"name":"Home","item":"https:\/\/schapendoesclub.ca\/"},{"@type":"ListItem","position":2,"name":"A propos du Schapendoes","item":"http:\/\/schapendoesclub.ca\/fr\/health\/"},{"@type":"ListItem","position":3,"name":"Activites"}]},{"@type":"WebSite","@id":"https:\/\/schapendoesclub.ca\/fr\/#website","url":"https:\/\/schapendoesclub.ca\/fr\/","name":"Club des Schapendoes du Canada","description":"The Schapendoes Breed of Dogs in Canada","potentialAction":[{"@type":"SearchAction","target":{"@type":"EntryPoint","urlTemplate":"https:\/\/schapendoesclub.ca\/fr\/?s={search_term_string}"},"query-input":{"@type":"PropertyValueSpecification","valueRequired":true,"valueName":"search_term_string"}}],"inLanguage":"fr-FR"}]}},"jetpack_sharing_enabled":true,"jetpack_shortlink":"https:\/\/wp.me\/P4I34Z-9G","_links":{"self":[{"href":"http:\/\/schapendoesclub.ca\/fr\/wp-json\/wp\/v2\/pages\/600","targetHints":{"allow":["GET"]}}],"collection":[{"href":"http:\/\/schapendoesclub.ca\/fr\/wp-json\/wp\/v2\/pages"}],"about":[{"href":"http:\/\/schapendoesclub.ca\/fr\/wp-json\/wp\/v2\/types\/page"}],"author":[{"embeddable":true,"href":"http:\/\/schapendoesclub.ca\/fr\/wp-json\/wp\/v2\/users\/5"}],"replies":[{"embeddable":true,"href":"http:\/\/schapendoesclub.ca\/fr\/wp-json\/wp\/v2\/comments?post=600"}],"version-history":[{"count":19,"href":"http:\/\/schapendoesclub.ca\/fr\/wp-json\/wp\/v2\/pages\/600\/revisions"}],"predecessor-version":[{"id":1913,"href":"http:\/\/schapendoesclub.ca\/fr\/wp-json\/wp\/v2\/pages\/600\/revisions\/1913"}],"up":[{"embeddable":true,"href":"http:\/\/schapendoesclub.ca\/fr\/wp-json\/wp\/v2\/pages\/547"}],"wp:attachment":[{"href":"http:\/\/schapendoesclub.ca\/fr\/wp-json\/wp\/v2\/media?parent=600"}],"wp:term":[{"taxonomy":"post_tag","embeddable":true,"href":"http:\/\/schapendoesclub.ca\/fr\/wp-json\/wp\/v2\/tags?post=600"}],"curies":[{"name":"wp","href":"https:\/\/api.w.org\/{rel}","templated":true}]}}