{"id":562,"date":"2014-07-06T17:43:38","date_gmt":"2014-07-06T21:43:38","guid":{"rendered":"http:\/\/witmerevents.darleen.com\/?page_id=562"},"modified":"2025-12-08T17:38:24","modified_gmt":"2025-12-08T22:38:24","slug":"events","status":"publish","type":"page","link":"http:\/\/schapendoesclub.ca\/fr\/events\/","title":{"rendered":"Ev\u00e8nements"},"content":{"rendered":"<h1>2026 Activit\u00e9s Pr\u00e9vues<\/h1>\n<h2>Specialit\u00e9 Nationale<\/h2>\n<h2 dir=\"ltr\"><img loading=\"lazy\" decoding=\"async\" class=\"size-medium wp-image-1748 alignright\" style=\"color: #0000ee; font-size: 16px; font-weight: 400;\" src=\"http:\/\/schapendoesclub.ca\/wp-content\/uploads\/2025\/01\/NationalSpecialty2024-240x300.jpg\" alt=\"\" width=\"240\" height=\"300\" data-wp-pid=\"1748\" srcset=\"http:\/\/schapendoesclub.ca\/wp-content\/uploads\/2025\/01\/NationalSpecialty2024-240x300.jpg 240w, http:\/\/schapendoesclub.ca\/wp-content\/uploads\/2025\/01\/NationalSpecialty2024-819x1024.jpg 819w, http:\/\/schapendoesclub.ca\/wp-content\/uploads\/2025\/01\/NationalSpecialty2024-768x960.jpg 768w, http:\/\/schapendoesclub.ca\/wp-content\/uploads\/2025\/01\/NationalSpecialty2024-600x750.jpg 600w, http:\/\/schapendoesclub.ca\/wp-content\/uploads\/2025\/01\/NationalSpecialty2024-640x800.jpg 640w, http:\/\/schapendoesclub.ca\/wp-content\/uploads\/2025\/01\/NationalSpecialty2024.jpg 864w\" sizes=\"auto, (max-width: 240px) 100vw, 240px\" \/><\/h2>\n<p>La prochaine sp\u00e9cialit\u00e9 nationale aura lieu les 29 et 30 August, 2026 \u00e0 Maxville, Ontario.<\/p>\n<p>Plus d&#8217;information seront disponibles dans les prochains mois.<\/p>\n<p>En esp\u00e9rant\u00a0 vous y voir avec vos Schapendoes.<\/p>\n<p>&nbsp;<\/p>\n<p>&nbsp;<\/p>\n<p>&nbsp;<\/p>\n<p>&nbsp;<\/p>\n<p>&nbsp;<\/p>\n<h1>2025 Activit\u00e9s<\/h1>\n<p>2025 marquera le 20e anniversaire de la reconnaissance par le CCC.<\/p>\n<p>Les activit\u00e9s en 2025 sont gratuites pour tous les membres du club des Schapendoes du Canada !<\/p>\n<p><a href=\"http:\/\/schapendoesclub.ca\/wp-content\/uploads\/2025\/09\/Schapie_20th.jpg\"><img loading=\"lazy\" decoding=\"async\" class=\"alignnone size-medium wp-image-1861\" src=\"http:\/\/schapendoesclub.ca\/wp-content\/uploads\/2025\/09\/Schapie_20th-300x267.jpg\" alt=\"\" width=\"300\" height=\"267\" data-wp-pid=\"1861\" srcset=\"http:\/\/schapendoesclub.ca\/wp-content\/uploads\/2025\/09\/Schapie_20th-300x267.jpg 300w, http:\/\/schapendoesclub.ca\/wp-content\/uploads\/2025\/09\/Schapie_20th-1024x913.jpg 1024w, http:\/\/schapendoesclub.ca\/wp-content\/uploads\/2025\/09\/Schapie_20th-768x685.jpg 768w, http:\/\/schapendoesclub.ca\/wp-content\/uploads\/2025\/09\/Schapie_20th-600x535.jpg 600w, http:\/\/schapendoesclub.ca\/wp-content\/uploads\/2025\/09\/Schapie_20th-800x713.jpg 800w, http:\/\/schapendoesclub.ca\/wp-content\/uploads\/2025\/09\/Schapie_20th.jpg 1218w\" sizes=\"auto, (max-width: 300px) 100vw, 300px\" \/><\/a><\/p>\n<p>&nbsp;<\/p>\n<h2>Pique-nique du printemps au Qu\u00e9bec<\/h2>\n<p>Voici les d\u00e9tails \u00e0 propos du pique-nique du Club des Schapendoes du Canada cet automne au Qu\u00e9bec:<\/p>\n<p>Date: Samedi, 20 Septembre 2025<br class=\"html-br\" \/>Heure: 9h00 \u00e0 15h00<br class=\"html-br\" \/>Endroit: Guides Canins, 1200A Mnt Poirier, Saint-Lazare, QC J7T 0L7<a href=\"http:\/\/schapendoesclub.ca\/wp-content\/uploads\/2025\/01\/Activites25Mai2024.jpg\"><img loading=\"lazy\" decoding=\"async\" class=\" wp-image-1747 alignright\" src=\"http:\/\/schapendoesclub.ca\/wp-content\/uploads\/2025\/01\/Activites25Mai2024-300x226.jpg\" alt=\"\" width=\"329\" height=\"248\" data-wp-pid=\"1747\" srcset=\"http:\/\/schapendoesclub.ca\/wp-content\/uploads\/2025\/01\/Activites25Mai2024-300x226.jpg 300w, http:\/\/schapendoesclub.ca\/wp-content\/uploads\/2025\/01\/Activites25Mai2024-1024x771.jpg 1024w, http:\/\/schapendoesclub.ca\/wp-content\/uploads\/2025\/01\/Activites25Mai2024-768x578.jpg 768w, http:\/\/schapendoesclub.ca\/wp-content\/uploads\/2025\/01\/Activites25Mai2024-600x452.jpg 600w, http:\/\/schapendoesclub.ca\/wp-content\/uploads\/2025\/01\/Activites25Mai2024-1536x1157.jpg 1536w, http:\/\/schapendoesclub.ca\/wp-content\/uploads\/2025\/01\/Activites25Mai2024-800x602.jpg 800w, http:\/\/schapendoesclub.ca\/wp-content\/uploads\/2025\/01\/Activites25Mai2024.jpg 2048w\" sizes=\"auto, (max-width: 329px) 100vw, 329px\" \/><\/a><\/p>\n<div class=\"x14z9mp xat24cr x1lziwak x1vvkbs xtlvy1s x126k92a\">\n<div dir=\"auto\">\u00c9tant donn\u00e9 que l&#8217;activit\u00e9 \u00e0 lieu chez Guides Canins nous aurons un instructeur le matin. Voici les activit\u00e9s:<\/div>\n<div dir=\"auto\">&#8211; 9h00 &#8211; Arriv\u00e9e des participants<\/div>\n<\/div>\n<div class=\"x14z9mp xat24cr x1lziwak x1vvkbs xtlvy1s x126k92a\">\n<div dir=\"auto\">&#8211; 9h30 &#8211; 10h25: Initiation \u00e0 l&#8217;agilit\u00e9<\/div>\n<div dir=\"auto\">\n<p>&#8211; 10h30 &#8211; 11h30: Pour ceux qui font d\u00e9ja de l&#8217;agilit\u00e9: parcous d&#8217;agilit\u00e9 avec commentaires de l&#8217;instructeure et comp\u00e9tition amicale.<\/p>\n<div dir=\"auto\">&#8211; 11h30 &#8211; 12:25: Ob\u00e9issance de base et trucs pour tous.<\/div>\n<\/div>\n<div dir=\"auto\">&#8211; 12h30 to 13h30: Diner<\/div>\n<div dir=\"auto\">&#8211; 13h30 to 15h00: Marche dans les sentiers<\/div>\n<\/div>\n<h2><\/h2>\n<h2><\/h2>\n<p>&nbsp;<\/p>\n<p>&nbsp;<\/p>\n<h2>Pique-nique de l&#8217;automne en Ontario<\/h2>\n<p>Voici les informations pour le BBQ du Club des Schapendoes du Canada cet automne en Ontario.<\/p>\n<p>Date: Smaedi 27 Septembre 2025<br class=\"html-br\" \/>Heure: 10h00 \u00e0 15h00<br class=\"html-br\" \/>Endroit: Tottenham Conservation Area, 6787 4th Line, Tottenham, ON L0G 1W0<a href=\"http:\/\/schapendoesclub.ca\/wp-content\/uploads\/2025\/01\/Activites20October2024.jpg\"><img loading=\"lazy\" decoding=\"async\" class=\" wp-image-1749 alignright\" src=\"http:\/\/schapendoesclub.ca\/wp-content\/uploads\/2025\/01\/Activites20October2024-300x225.jpg\" alt=\"\" width=\"344\" height=\"258\" data-wp-pid=\"1749\" srcset=\"http:\/\/schapendoesclub.ca\/wp-content\/uploads\/2025\/01\/Activites20October2024-300x225.jpg 300w, http:\/\/schapendoesclub.ca\/wp-content\/uploads\/2025\/01\/Activites20October2024-1024x768.jpg 1024w, http:\/\/schapendoesclub.ca\/wp-content\/uploads\/2025\/01\/Activites20October2024-768x576.jpg 768w, http:\/\/schapendoesclub.ca\/wp-content\/uploads\/2025\/01\/Activites20October2024-600x450.jpg 600w, http:\/\/schapendoesclub.ca\/wp-content\/uploads\/2025\/01\/Activites20October2024-1536x1152.jpg 1536w, http:\/\/schapendoesclub.ca\/wp-content\/uploads\/2025\/01\/Activites20October2024-800x600.jpg 800w, http:\/\/schapendoesclub.ca\/wp-content\/uploads\/2025\/01\/Activites20October2024.jpg 2048w\" sizes=\"auto, (max-width: 344px) 100vw, 344px\" \/><\/a><\/p>\n<p>Nous serons dans le pvaillon priv\u00e9 \u00e0 l&#8217;arri\u00e8re de la zone de conservation. Une courte marche pour se rendre \u00e0 la plage, et pr\u00e8s du parcous de disc golf. Nous avons lou\u00e9 une belle batisse sous laquelle il y a des tables de pique-nique.<\/p>\n<p>Activity schedule<br class=\"html-br\" \/>10:00 \u2013 10:30 =&gt; Accueil des participants<br class=\"html-br\" \/>10:30 \u2013 12:00 =&gt; Marche dans les sentiers<br class=\"html-br\" \/>12:00 \u2013 1:00 =&gt; Diner<br class=\"html-br\" \/>1:00 \u2013 3:00 =&gt; Jeux et activit\u00e9es (parcours agilit\u00e9, cabine de photos, tirages, et plus).<\/p>\n<p>&nbsp;<\/p>\n<p>&nbsp;<\/p>\n","protected":false},"excerpt":{"rendered":"<p>2026 Activit\u00e9s Pr\u00e9vues Specialit\u00e9 Nationale La prochaine sp\u00e9cialit\u00e9 nationale aura lieu les 29 et 30 August, 2026 \u00e0 Maxville, Ontario. Plus d&#8217;information seront disponibles dans les prochains mois. En esp\u00e9rant\u00a0 vous y voir avec vos Schapendoes. &nbsp; &nbsp; &nbsp; &nbsp;<\/p>\n","protected":false},"author":2,"featured_media":0,"parent":0,"menu_order":0,"comment_status":"closed","ping_status":"closed","template":"","meta":{"_monsterinsights_skip_tracking":false,"_monsterinsights_sitenote_active":false,"_monsterinsights_sitenote_note":"","_monsterinsights_sitenote_category":0,"footnotes":""},"tags":[],"class_list":["post-562","page","type-page","status-publish","hentry"],"translation":{"provider":"WPGlobus","version":"3.0.2","language":"fr","enabled_languages":["en","fr"],"languages":{"en":{"title":true,"content":true,"excerpt":false},"fr":{"title":true,"content":true,"excerpt":false}}},"yoast_head":"<!-- This site is optimized with the Yoast SEO plugin v27.4 - https:\/\/yoast.com\/product\/yoast-seo-wordpress\/ -->\n<title>Ev\u00e8nements - Club des Schapendoes du Canada<\/title>\n<meta name=\"robots\" content=\"index, follow, max-snippet:-1, max-image-preview:large, max-video-preview:-1\" \/>\n<link rel=\"canonical\" href=\"https:\/\/schapendoesclub.ca\/events\/\" \/>\n<meta name=\"twitter:label1\" content=\"Est. reading time\" \/>\n\t<meta name=\"twitter:data1\" content=\"3 minutes\" \/>\n<!-- \/ Yoast SEO plugin. -->","yoast_head_json":{"title":"Ev\u00e8nements - Club des Schapendoes du Canada","robots":{"index":"index","follow":"follow","max-snippet":"max-snippet:-1","max-image-preview":"max-image-preview:large","max-video-preview":"max-video-preview:-1"},"canonical":"https:\/\/schapendoesclub.ca\/events\/","twitter_misc":{"Est. reading time":"3 minutes"},"schema":{"@context":"https:\/\/schema.org","@graph":[{"@type":"WebPage","@id":"https:\/\/schapendoesclub.ca\/events\/","url":"https:\/\/schapendoesclub.ca\/events\/","name":"Ev\u00e8nements - Club des Schapendoes du Canada","isPartOf":{"@id":"https:\/\/schapendoesclub.ca\/fr\/#website"},"primaryImageOfPage":{"@id":"https:\/\/schapendoesclub.ca\/events\/#primaryimage"},"image":{"@id":"https:\/\/schapendoesclub.ca\/events\/#primaryimage"},"thumbnailUrl":"http:\/\/schapendoesclub.ca\/wp-content\/uploads\/2025\/01\/NationalSpecialty2024-240x300.jpg","datePublished":"2014-07-06T21:43:38+00:00","dateModified":"2025-12-08T22:38:24+00:00","breadcrumb":{"@id":"https:\/\/schapendoesclub.ca\/events\/#breadcrumb"},"inLanguage":"fr-FR","potentialAction":[{"@type":"ReadAction","target":["https:\/\/schapendoesclub.ca\/events\/"]}]},{"@type":"ImageObject","inLanguage":"fr-FR","@id":"https:\/\/schapendoesclub.ca\/events\/#primaryimage","url":"http:\/\/schapendoesclub.ca\/wp-content\/uploads\/2025\/01\/NationalSpecialty2024-240x300.jpg","contentUrl":"http:\/\/schapendoesclub.ca\/wp-content\/uploads\/2025\/01\/NationalSpecialty2024-240x300.jpg"},{"@type":"BreadcrumbList","@id":"https:\/\/schapendoesclub.ca\/events\/#breadcrumb","itemListElement":[{"@type":"ListItem","position":1,"name":"Home","item":"https:\/\/schapendoesclub.ca\/"},{"@type":"ListItem","position":2,"name":"Events"}]},{"@type":"WebSite","@id":"https:\/\/schapendoesclub.ca\/fr\/#website","url":"https:\/\/schapendoesclub.ca\/fr\/","name":"Club des Schapendoes du Canada","description":"The Schapendoes Breed of Dogs in Canada","potentialAction":[{"@type":"SearchAction","target":{"@type":"EntryPoint","urlTemplate":"https:\/\/schapendoesclub.ca\/fr\/?s={search_term_string}"},"query-input":{"@type":"PropertyValueSpecification","valueRequired":true,"valueName":"search_term_string"}}],"inLanguage":"fr-FR"}]}},"jetpack_sharing_enabled":true,"jetpack_shortlink":"https:\/\/wp.me\/P4I34Z-94","_links":{"self":[{"href":"http:\/\/schapendoesclub.ca\/fr\/wp-json\/wp\/v2\/pages\/562","targetHints":{"allow":["GET"]}}],"collection":[{"href":"http:\/\/schapendoesclub.ca\/fr\/wp-json\/wp\/v2\/pages"}],"about":[{"href":"http:\/\/schapendoesclub.ca\/fr\/wp-json\/wp\/v2\/types\/page"}],"author":[{"embeddable":true,"href":"http:\/\/schapendoesclub.ca\/fr\/wp-json\/wp\/v2\/users\/2"}],"replies":[{"embeddable":true,"href":"http:\/\/schapendoesclub.ca\/fr\/wp-json\/wp\/v2\/comments?post=562"}],"version-history":[{"count":83,"href":"http:\/\/schapendoesclub.ca\/fr\/wp-json\/wp\/v2\/pages\/562\/revisions"}],"predecessor-version":[{"id":1931,"href":"http:\/\/schapendoesclub.ca\/fr\/wp-json\/wp\/v2\/pages\/562\/revisions\/1931"}],"wp:attachment":[{"href":"http:\/\/schapendoesclub.ca\/fr\/wp-json\/wp\/v2\/media?parent=562"}],"wp:term":[{"taxonomy":"post_tag","embeddable":true,"href":"http:\/\/schapendoesclub.ca\/fr\/wp-json\/wp\/v2\/tags?post=562"}],"curies":[{"name":"wp","href":"https:\/\/api.w.org\/{rel}","templated":true}]}}