{"id":559,"date":"2014-07-06T17:41:31","date_gmt":"2014-07-06T21:41:31","guid":{"rendered":"http:\/\/witmerevents.darleen.com\/?page_id=559"},"modified":"2025-01-06T11:48:39","modified_gmt":"2025-01-06T16:48:39","slug":"rescue","status":"publish","type":"page","link":"http:\/\/schapendoesclub.ca\/fr\/rescue\/","title":{"rendered":"Programme d\u2019adoption"},"content":{"rendered":"<p><strong>Mission<\/strong><\/p>\n<p>Recueillir et relocaliser les Schapendoes qui sont abandonn\u00e9s, maltrait\u00e9s, errants, trouv\u00e9s dans un refuge ou dont les propri\u00e9taires ne peuvent plus prendre soin d\u2019eux pour toutes sortes de raisons. Informer les \u00e9leveurs des chiens qui ont besoin d\u2019aide.<\/p>\n<p><strong>Politique<\/strong><\/p>\n<p>L\u2019\u00e9leveur du chien doit \u00eatre contacter en premier lieu. Il est de sa responsabilit\u00e9 de reprendre un chien et de lui trouver un nouveau foyer. Si l\u2019\u00e9leveur n\u2019est pas connu, s\u2019il ne peut pas ou ne veut pas reprendre le chien, le programme de sauvetage du Club des Schapendoes du Canada prendra en charge le chien et s\u2019occupera de lui trouver une nouvelle famille.<\/p>\n<p><strong>Proc\u00e9dures d\u2019adoption<\/strong><\/p>\n<p>Vous \u00eates int\u00e9ress\u00e9 \u00e0 adopter un Schapendoes qui se cherche une nouvelle famille, veuillez compl\u00e9ter le formulaire de demande d\u2019adoption. Un entretien t\u00e9l\u00e9phonique et la visite de votre r\u00e9sidence pourraient \u00eatre n\u00e9cessaires pour d\u00e9terminer s\u2019il y a compatibilit\u00e9 entre les besoins du Schapendoes se cherchant un nouveau foyer et votre style de vie ou situation familiale.<\/p>\n<p>Si vous d\u00e9sirez adopter un Schapendoes assez rapidement, il est pr\u00e9f\u00e9rable de contacter les \u00e9leveurs afin de v\u00e9rifier les prochaines disponibilit\u00e9s.<\/p>\n<p>&nbsp;<\/p>\n<p><strong><a href=\"http:\/\/schapendoesclub.ca\/wp-content\/uploads\/2015\/08\/Rescue-French.doc\" target=\"_blank\" rel=\"noopener\">Formulaire de demande d\u2019adoption en Fran\u00e7ais<\/a><\/strong><\/p>\n<p><a href=\"http:\/\/schapendoesclub.ca\/wp-content\/uploads\/2014\/09\/Rescue-English.pdf\" target=\"_blank\" rel=\"noopener\"><strong>Formulaire de demande d&#8217;adoption en Anglais<\/strong><\/a><\/p>\n<p>&nbsp;<\/p>\n<p>&nbsp;<\/p>\n<h2><strong>Une fois le formulaire compl\u00e9t\u00e9 soit<\/strong><\/h2>\n<p><strong>1. Num\u00e9riser et envoyer par courriel \u00e0<\/strong>\u00a0<a href=\"mailto:phloxinette@hotmail.com\">Th\u00e9r\u00e8se Pag\u00e9<\/a><\/p>\n<p><strong>2. Poster le formulaire \u00e0 :<\/strong><br \/>\nTh\u00e9r\u00e8se Pag\u00e9<br \/>\n61, rue Tremblay<br \/>\nGatineau, Qc<br \/>\nJ8L 3M7<\/p>\n","protected":false},"excerpt":{"rendered":"<p>Mission Recueillir et relocaliser les Schapendoes qui sont abandonn\u00e9s, maltrait\u00e9s, errants, trouv\u00e9s dans un refuge ou dont les propri\u00e9taires ne peuvent plus prendre soin d\u2019eux pour toutes sortes de raisons. Informer les \u00e9leveurs des chiens qui ont besoin d\u2019aide. Politique<\/p>\n","protected":false},"author":2,"featured_media":0,"parent":0,"menu_order":0,"comment_status":"closed","ping_status":"closed","template":"","meta":{"_monsterinsights_skip_tracking":false,"_monsterinsights_sitenote_active":false,"_monsterinsights_sitenote_note":"","_monsterinsights_sitenote_category":0,"footnotes":""},"tags":[],"class_list":["post-559","page","type-page","status-publish","hentry"],"translation":{"provider":"WPGlobus","version":"3.0.2","language":"fr","enabled_languages":["en","fr"],"languages":{"en":{"title":true,"content":true,"excerpt":false},"fr":{"title":true,"content":true,"excerpt":false}}},"yoast_head":"<!-- This site is optimized with the Yoast SEO plugin v27.4 - https:\/\/yoast.com\/product\/yoast-seo-wordpress\/ -->\n<title>Programme d\u2019adoption - Club des Schapendoes du Canada<\/title>\n<meta name=\"robots\" content=\"index, follow, max-snippet:-1, max-image-preview:large, max-video-preview:-1\" \/>\n<link rel=\"canonical\" href=\"http:\/\/schapendoesclub.ca\/fr\/rescue\/\" \/>\n<meta name=\"twitter:label1\" content=\"Est. reading time\" \/>\n\t<meta name=\"twitter:data1\" content=\"1 minute\" \/>\n<!-- \/ Yoast SEO plugin. -->","yoast_head_json":{"title":"Programme d\u2019adoption - Club des Schapendoes du Canada","robots":{"index":"index","follow":"follow","max-snippet":"max-snippet:-1","max-image-preview":"max-image-preview:large","max-video-preview":"max-video-preview:-1"},"canonical":"http:\/\/schapendoesclub.ca\/fr\/rescue\/","twitter_misc":{"Est. reading time":"1 minute"},"schema":{"@context":"https:\/\/schema.org","@graph":[{"@type":"WebPage","@id":"http:\/\/schapendoesclub.ca\/fr\/rescue\/","url":"http:\/\/schapendoesclub.ca\/fr\/rescue\/","name":"Programme d\u2019adoption - Club des Schapendoes du Canada","isPartOf":{"@id":"http:\/\/schapendoesclub.ca\/#website"},"datePublished":"2014-07-06T21:41:31+00:00","dateModified":"2025-01-06T16:48:39+00:00","breadcrumb":{"@id":"http:\/\/schapendoesclub.ca\/fr\/rescue\/#breadcrumb"},"inLanguage":"fr-FR","potentialAction":[{"@type":"ReadAction","target":["http:\/\/schapendoesclub.ca\/fr\/rescue\/"]}]},{"@type":"BreadcrumbList","@id":"http:\/\/schapendoesclub.ca\/fr\/rescue\/#breadcrumb","itemListElement":[{"@type":"ListItem","position":1,"name":"Home","item":"https:\/\/schapendoesclub.ca\/"},{"@type":"ListItem","position":2,"name":"Programme d\u2019adoption"}]},{"@type":"WebSite","@id":"http:\/\/schapendoesclub.ca\/#website","url":"http:\/\/schapendoesclub.ca\/","name":"Club des Schapendoes du Canada","description":"The Schapendoes Breed of Dogs in Canada","potentialAction":[{"@type":"SearchAction","target":{"@type":"EntryPoint","urlTemplate":"http:\/\/schapendoesclub.ca\/?s={search_term_string}"},"query-input":{"@type":"PropertyValueSpecification","valueRequired":true,"valueName":"search_term_string"}}],"inLanguage":"fr-FR"}]}},"jetpack_sharing_enabled":true,"jetpack_shortlink":"https:\/\/wp.me\/P4I34Z-91","_links":{"self":[{"href":"http:\/\/schapendoesclub.ca\/fr\/wp-json\/wp\/v2\/pages\/559","targetHints":{"allow":["GET"]}}],"collection":[{"href":"http:\/\/schapendoesclub.ca\/fr\/wp-json\/wp\/v2\/pages"}],"about":[{"href":"http:\/\/schapendoesclub.ca\/fr\/wp-json\/wp\/v2\/types\/page"}],"author":[{"embeddable":true,"href":"http:\/\/schapendoesclub.ca\/fr\/wp-json\/wp\/v2\/users\/2"}],"replies":[{"embeddable":true,"href":"http:\/\/schapendoesclub.ca\/fr\/wp-json\/wp\/v2\/comments?post=559"}],"version-history":[{"count":13,"href":"http:\/\/schapendoesclub.ca\/fr\/wp-json\/wp\/v2\/pages\/559\/revisions"}],"predecessor-version":[{"id":1709,"href":"http:\/\/schapendoesclub.ca\/fr\/wp-json\/wp\/v2\/pages\/559\/revisions\/1709"}],"wp:attachment":[{"href":"http:\/\/schapendoesclub.ca\/fr\/wp-json\/wp\/v2\/media?parent=559"}],"wp:term":[{"taxonomy":"post_tag","embeddable":true,"href":"http:\/\/schapendoesclub.ca\/fr\/wp-json\/wp\/v2\/tags?post=559"}],"curies":[{"name":"wp","href":"https:\/\/api.w.org\/{rel}","templated":true}]}}