{"id":1762,"date":"2025-01-06T15:15:35","date_gmt":"2025-01-06T20:15:35","guid":{"rendered":"https:\/\/schapendoesclub.ca\/?page_id=1762"},"modified":"2025-12-08T17:35:52","modified_gmt":"2025-12-08T22:35:52","slug":"upcoming-events","status":"publish","type":"page","link":"http:\/\/schapendoesclub.ca\/fr\/upcoming-events\/","title":{"rendered":"\u00c9v\u00e8nements \u00e0 venir"},"content":{"rendered":"<p>La prochaine sp\u00e9cialit\u00e9 nationale aura lieu les 29 et 30 Aout, 2026 \u00e0 Maxville, Ontario.<\/p>\n<p>Plus d\u2019information seront disponibles dans les prochains mois.<\/p>\n<p>En esp\u00e9rant\u00a0 vous y voir avec vos Schapendoes.<\/p>\n","protected":false},"excerpt":{"rendered":"<p>La prochaine sp\u00e9cialit\u00e9 nationale aura lieu les 29 et 30 Aout, 2026 \u00e0 Maxville, Ontario. Plus d\u2019information seront disponibles dans les prochains mois. En esp\u00e9rant\u00a0 vous y voir avec vos Schapendoes.<\/p>\n","protected":false},"author":5,"featured_media":0,"parent":0,"menu_order":0,"comment_status":"closed","ping_status":"closed","template":"","meta":{"_monsterinsights_skip_tracking":false,"_monsterinsights_sitenote_active":false,"_monsterinsights_sitenote_note":"","_monsterinsights_sitenote_category":0,"footnotes":""},"tags":[],"class_list":["post-1762","page","type-page","status-publish","hentry"],"translation":{"provider":"WPGlobus","version":"3.0.2","language":"fr","enabled_languages":["en","fr"],"languages":{"en":{"title":true,"content":true,"excerpt":false},"fr":{"title":true,"content":true,"excerpt":false}}},"yoast_head":"<!-- This site is optimized with the Yoast SEO plugin v27.4 - https:\/\/yoast.com\/product\/yoast-seo-wordpress\/ -->\n<title>\u00c9v\u00e8nements \u00e0 venir - Club des Schapendoes du Canada<\/title>\n<meta name=\"robots\" content=\"index, follow, max-snippet:-1, max-image-preview:large, max-video-preview:-1\" \/>\n<link rel=\"canonical\" href=\"http:\/\/schapendoesclub.ca\/upcoming-events\/\" \/>\n<meta name=\"twitter:label1\" content=\"Est. reading time\" \/>\n\t<meta name=\"twitter:data1\" content=\"1 minute\" \/>\n<!-- \/ Yoast SEO plugin. -->","yoast_head_json":{"title":"\u00c9v\u00e8nements \u00e0 venir - Club des Schapendoes du Canada","robots":{"index":"index","follow":"follow","max-snippet":"max-snippet:-1","max-image-preview":"max-image-preview:large","max-video-preview":"max-video-preview:-1"},"canonical":"http:\/\/schapendoesclub.ca\/upcoming-events\/","twitter_misc":{"Est. reading time":"1 minute"},"schema":{"@context":"https:\/\/schema.org","@graph":[{"@type":"WebPage","@id":"http:\/\/schapendoesclub.ca\/upcoming-events\/","url":"http:\/\/schapendoesclub.ca\/upcoming-events\/","name":"\u00c9v\u00e8nements \u00e0 venir - Club des Schapendoes du Canada","isPartOf":{"@id":"https:\/\/schapendoesclub.ca\/fr\/#website"},"datePublished":"2025-01-06T20:15:35+00:00","dateModified":"2025-12-08T22:35:52+00:00","breadcrumb":{"@id":"http:\/\/schapendoesclub.ca\/upcoming-events\/#breadcrumb"},"inLanguage":"fr-FR","potentialAction":[{"@type":"ReadAction","target":["http:\/\/schapendoesclub.ca\/upcoming-events\/"]}]},{"@type":"BreadcrumbList","@id":"http:\/\/schapendoesclub.ca\/upcoming-events\/#breadcrumb","itemListElement":[{"@type":"ListItem","position":1,"name":"Home","item":"https:\/\/schapendoesclub.ca\/"},{"@type":"ListItem","position":2,"name":"Upcoming events"}]},{"@type":"WebSite","@id":"https:\/\/schapendoesclub.ca\/fr\/#website","url":"https:\/\/schapendoesclub.ca\/fr\/","name":"Club des Schapendoes du Canada","description":"The Schapendoes Breed of Dogs in Canada","potentialAction":[{"@type":"SearchAction","target":{"@type":"EntryPoint","urlTemplate":"https:\/\/schapendoesclub.ca\/fr\/?s={search_term_string}"},"query-input":{"@type":"PropertyValueSpecification","valueRequired":true,"valueName":"search_term_string"}}],"inLanguage":"fr-FR"}]}},"jetpack_sharing_enabled":true,"jetpack_shortlink":"https:\/\/wp.me\/P4I34Z-sq","_links":{"self":[{"href":"http:\/\/schapendoesclub.ca\/fr\/wp-json\/wp\/v2\/pages\/1762","targetHints":{"allow":["GET"]}}],"collection":[{"href":"http:\/\/schapendoesclub.ca\/fr\/wp-json\/wp\/v2\/pages"}],"about":[{"href":"http:\/\/schapendoesclub.ca\/fr\/wp-json\/wp\/v2\/types\/page"}],"author":[{"embeddable":true,"href":"http:\/\/schapendoesclub.ca\/fr\/wp-json\/wp\/v2\/users\/5"}],"replies":[{"embeddable":true,"href":"http:\/\/schapendoesclub.ca\/fr\/wp-json\/wp\/v2\/comments?post=1762"}],"version-history":[{"count":8,"href":"http:\/\/schapendoesclub.ca\/fr\/wp-json\/wp\/v2\/pages\/1762\/revisions"}],"predecessor-version":[{"id":1930,"href":"http:\/\/schapendoesclub.ca\/fr\/wp-json\/wp\/v2\/pages\/1762\/revisions\/1930"}],"wp:attachment":[{"href":"http:\/\/schapendoesclub.ca\/fr\/wp-json\/wp\/v2\/media?parent=1762"}],"wp:term":[{"taxonomy":"post_tag","embeddable":true,"href":"http:\/\/schapendoesclub.ca\/fr\/wp-json\/wp\/v2\/tags?post=1762"}],"curies":[{"name":"wp","href":"https:\/\/api.w.org\/{rel}","templated":true}]}}