{"id":1663,"date":"2025-01-05T12:16:51","date_gmt":"2025-01-05T17:16:51","guid":{"rendered":"https:\/\/schapendoesclub.ca\/?page_id=1663"},"modified":"2025-12-21T19:13:45","modified_gmt":"2025-12-22T00:13:45","slug":"club-info","status":"publish","type":"page","link":"http:\/\/schapendoesclub.ca\/fr\/club-info\/","title":{"rendered":"Information sur le Club"},"content":{"rendered":"<p>&nbsp;<\/p>\r\n<!-- \/wp:post-content -->\r\n\r\n<!-- wp:paragraph -->\r\n<p>Avec une petite population globale de la race, nous avons tous un r\u00f4le sp\u00e9cial dans l\u2019avenir des Schapendoes au Canada. Qu&#8217;il s&#8217;agisse de nos \u00e9leveurs qui assurent l&#8217;avenir, ou des familles qui, sans le savoir, font la promotion des Schapendoes lors de leurs promenades et activit\u00e9s quotidiennes.<\/p>\r\n<!-- \/wp:paragraph -->\r\n\r\n<!-- wp:paragraph -->\r\n<p>Pour qu&#8217;une race soit reconnue par le Club Canin Canadien (CCC), la race doit r\u00e9pondre \u00e0 un certain nombre de qualifications, notamment :<\/p>\r\n<!-- \/wp:paragraph -->\r\n\r\n<!-- wp:list -->\r\n<ul class=\"wp-block-list\"><!-- wp:list-item -->\r\n<li>Avoir un club de race national au Canada<\/li>\r\n<!-- \/wp:list-item -->\r\n\r\n<!-- wp:list-item -->\r\n<li>\u00catre reconnu par le registre de son pays d&#8217;origine<\/li>\r\n<!-- \/wp:list-item -->\r\n\r\n<!-- wp:list-item -->\r\n<li>Avoir une population au Canada<\/li>\r\n<!-- \/wp:list-item --><\/ul>\r\n<!-- \/wp:list -->\r\n\r\n<!-- wp:paragraph -->\r\n<p>Le Club Schapendoes du Canada est le club national de race enregistr\u00e9 aupr\u00e8s du Club Canin Canadien pour assurer la reconnaissance de la race. Certaines exigences du CCC doivent \u00eatre respect\u00e9es pour assurer la reconnaissance continue de la race Schapendoes au Canada. Parmi ces exigences, il y a d&#8217;avoir un conseil d&#8217;administration actif et d&#8217;organiser une sp\u00e9cialit\u00e9 nationale au moins tous les deux ans. Les d\u00e9tails de ces exigences peuvent \u00eatre trouv\u00e9s sur le site Web du CCC.<\/p>\r\n<!-- \/wp:paragraph -->\r\n\r\n<!-- wp:paragraph -->\r\n<p>Le Club des Schapendoes du Canada organise des \u00e9v\u00e9nements comme des pique-niques, des promenades et des concours de conformation pour que tous les amateurs de Schapendoes se r\u00e9unissent afin de profiter de la compagnie des autres et de l&#8217;amour de nos chiens.<\/p>\r\n<!-- \/wp:paragraph -->\r\n\r\n<!-- wp:paragraph -->\r\n<p>Le Club des Schapendoes du Canada publie \u00e9galement un bulletin d&#8217;information pour partager les \u00e9v\u00e9nements et les r\u00e9alisations des Schapendoes \u00e0 travers le pays.<\/p>\r\n<!-- \/wp:paragraph -->\r\n\r\n<!-- wp:paragraph -->\r\n<p><a href=\"https:\/\/drive.google.com\/file\/d\/1mKL8F2GgeAqO8hqVploQhXDhjZqFOHw6\/view?usp=sharing\"><img loading=\"lazy\" decoding=\"async\" class=\"alignnone wp-image-1939 size-medium\" src=\"http:\/\/schapendoesclub.ca\/wp-content\/uploads\/2025\/12\/Schapendoes_infolettre_2025-232x300.jpg\" alt=\"\" width=\"232\" height=\"300\" data-wp-pid=\"1939\" srcset=\"http:\/\/schapendoesclub.ca\/wp-content\/uploads\/2025\/12\/Schapendoes_infolettre_2025-232x300.jpg 232w, http:\/\/schapendoesclub.ca\/wp-content\/uploads\/2025\/12\/Schapendoes_infolettre_2025-600x775.jpg 600w, http:\/\/schapendoesclub.ca\/wp-content\/uploads\/2025\/12\/Schapendoes_infolettre_2025-619x800.jpg 619w, http:\/\/schapendoesclub.ca\/wp-content\/uploads\/2025\/12\/Schapendoes_infolettre_2025.jpg 750w\" sizes=\"auto, (max-width: 232px) 100vw, 232px\" \/><\/a><a href=\"https:\/\/drive.google.com\/file\/d\/19CSSSTmWr_RUM8XEOkRQQBXp6USoATTx\/view?usp=drive_link\"><img loading=\"lazy\" decoding=\"async\" class=\"alignnone wp-image-1883 size-medium\" src=\"http:\/\/schapendoesclub.ca\/wp-content\/uploads\/2025\/09\/Spring_2025_Schapendoes-Newsletter-232x300.jpg\" alt=\"\" width=\"232\" height=\"300\" data-wp-pid=\"1883\" srcset=\"http:\/\/schapendoesclub.ca\/wp-content\/uploads\/2025\/09\/Spring_2025_Schapendoes-Newsletter-232x300.jpg 232w, http:\/\/schapendoesclub.ca\/wp-content\/uploads\/2025\/09\/Spring_2025_Schapendoes-Newsletter-790x1024.jpg 790w, http:\/\/schapendoesclub.ca\/wp-content\/uploads\/2025\/09\/Spring_2025_Schapendoes-Newsletter-768x995.jpg 768w, http:\/\/schapendoesclub.ca\/wp-content\/uploads\/2025\/09\/Spring_2025_Schapendoes-Newsletter-600x777.jpg 600w, http:\/\/schapendoesclub.ca\/wp-content\/uploads\/2025\/09\/Spring_2025_Schapendoes-Newsletter-618x800.jpg 618w, http:\/\/schapendoesclub.ca\/wp-content\/uploads\/2025\/09\/Spring_2025_Schapendoes-Newsletter.jpg 870w\" sizes=\"auto, (max-width: 232px) 100vw, 232px\" \/><\/a><a href=\"https:\/\/drive.google.com\/file\/d\/1mlu_fho3CnYipAg7Mx86756LdafzLbEc\/view?usp=drive_link\"><img loading=\"lazy\" decoding=\"async\" class=\"alignnone wp-image-1736 size-medium\" src=\"http:\/\/schapendoesclub.ca\/wp-content\/uploads\/2025\/01\/SchapendoesConnection_WinterSpring_2023-251x300.jpg\" alt=\"\" width=\"251\" height=\"300\" data-wp-pid=\"1736\" srcset=\"http:\/\/schapendoesclub.ca\/wp-content\/uploads\/2025\/01\/SchapendoesConnection_WinterSpring_2023-251x300.jpg 251w, http:\/\/schapendoesclub.ca\/wp-content\/uploads\/2025\/01\/SchapendoesConnection_WinterSpring_2023-856x1024.jpg 856w, http:\/\/schapendoesclub.ca\/wp-content\/uploads\/2025\/01\/SchapendoesConnection_WinterSpring_2023-768x918.jpg 768w, http:\/\/schapendoesclub.ca\/wp-content\/uploads\/2025\/01\/SchapendoesConnection_WinterSpring_2023-600x718.jpg 600w, http:\/\/schapendoesclub.ca\/wp-content\/uploads\/2025\/01\/SchapendoesConnection_WinterSpring_2023-669x800.jpg 669w, http:\/\/schapendoesclub.ca\/wp-content\/uploads\/2025\/01\/SchapendoesConnection_WinterSpring_2023.jpg 1077w\" sizes=\"auto, (max-width: 251px) 100vw, 251px\" \/><\/a><a href=\"https:\/\/drive.google.com\/file\/d\/1jqTTGXSwIvnqsyI6jSFdz4cPpD9XLEc3\/view?usp=drive_link\"><img loading=\"lazy\" decoding=\"async\" class=\"alignnone wp-image-1739 size-medium\" src=\"http:\/\/schapendoesclub.ca\/wp-content\/uploads\/2025\/01\/SchapendoesConnection_FallWinter_2021-231x300.jpg\" alt=\"\" width=\"231\" height=\"300\" data-wp-pid=\"1739\" srcset=\"http:\/\/schapendoesclub.ca\/wp-content\/uploads\/2025\/01\/SchapendoesConnection_FallWinter_2021-231x300.jpg 231w, http:\/\/schapendoesclub.ca\/wp-content\/uploads\/2025\/01\/SchapendoesConnection_FallWinter_2021-787x1024.jpg 787w, http:\/\/schapendoesclub.ca\/wp-content\/uploads\/2025\/01\/SchapendoesConnection_FallWinter_2021-768x999.jpg 768w, http:\/\/schapendoesclub.ca\/wp-content\/uploads\/2025\/01\/SchapendoesConnection_FallWinter_2021-600x781.jpg 600w, http:\/\/schapendoesclub.ca\/wp-content\/uploads\/2025\/01\/SchapendoesConnection_FallWinter_2021-615x800.jpg 615w, http:\/\/schapendoesclub.ca\/wp-content\/uploads\/2025\/01\/SchapendoesConnection_FallWinter_2021.jpg 989w\" sizes=\"auto, (max-width: 231px) 100vw, 231px\" \/><\/a><a href=\"https:\/\/drive.google.com\/file\/d\/1okTHeNJ3XuOcLXG0gsRGpSLWwZuWc8Ry\/view?usp=drive_link\"><img loading=\"lazy\" decoding=\"async\" class=\"alignnone wp-image-1742 size-medium\" src=\"http:\/\/schapendoesclub.ca\/wp-content\/uploads\/2025\/01\/SchapendoesConnection_Summer_2021-232x300.jpg\" alt=\"\" width=\"232\" height=\"300\" data-wp-pid=\"1742\" srcset=\"http:\/\/schapendoesclub.ca\/wp-content\/uploads\/2025\/01\/SchapendoesConnection_Summer_2021-232x300.jpg 232w, http:\/\/schapendoesclub.ca\/wp-content\/uploads\/2025\/01\/SchapendoesConnection_Summer_2021-791x1024.jpg 791w, http:\/\/schapendoesclub.ca\/wp-content\/uploads\/2025\/01\/SchapendoesConnection_Summer_2021-768x994.jpg 768w, http:\/\/schapendoesclub.ca\/wp-content\/uploads\/2025\/01\/SchapendoesConnection_Summer_2021-600x776.jpg 600w, http:\/\/schapendoesclub.ca\/wp-content\/uploads\/2025\/01\/SchapendoesConnection_Summer_2021-618x800.jpg 618w, http:\/\/schapendoesclub.ca\/wp-content\/uploads\/2025\/01\/SchapendoesConnection_Summer_2021.jpg 994w\" sizes=\"auto, (max-width: 232px) 100vw, 232px\" \/><\/a><a href=\"https:\/\/drive.google.com\/file\/d\/1iAENgme1fCm-TbiaQ_0dkNG8VU7DsiKg\/view?usp=drive_link\"><img loading=\"lazy\" decoding=\"async\" class=\"alignnone wp-image-1896 size-medium\" src=\"http:\/\/schapendoesclub.ca\/wp-content\/uploads\/2025\/09\/Fall_2020_Schapendoes-Newsletter-1-231x300.jpg\" alt=\"\" width=\"231\" height=\"300\" data-wp-pid=\"1896\" srcset=\"http:\/\/schapendoesclub.ca\/wp-content\/uploads\/2025\/09\/Fall_2020_Schapendoes-Newsletter-1-231x300.jpg 231w, http:\/\/schapendoesclub.ca\/wp-content\/uploads\/2025\/09\/Fall_2020_Schapendoes-Newsletter-1-788x1024.jpg 788w, http:\/\/schapendoesclub.ca\/wp-content\/uploads\/2025\/09\/Fall_2020_Schapendoes-Newsletter-1-768x997.jpg 768w, http:\/\/schapendoesclub.ca\/wp-content\/uploads\/2025\/09\/Fall_2020_Schapendoes-Newsletter-1-600x779.jpg 600w, http:\/\/schapendoesclub.ca\/wp-content\/uploads\/2025\/09\/Fall_2020_Schapendoes-Newsletter-1-616x800.jpg 616w, http:\/\/schapendoesclub.ca\/wp-content\/uploads\/2025\/09\/Fall_2020_Schapendoes-Newsletter-1.jpg 810w\" sizes=\"auto, (max-width: 231px) 100vw, 231px\" \/><\/a><\/p>","protected":false},"excerpt":{"rendered":"<p>&nbsp; Avec une petite population globale de la race, nous avons tous un r\u00f4le sp\u00e9cial dans l\u2019avenir des Schapendoes au Canada. Qu&#8217;il s&#8217;agisse de nos \u00e9leveurs qui assurent l&#8217;avenir, ou des familles qui, sans le savoir, font la promotion des<\/p>\n","protected":false},"author":5,"featured_media":0,"parent":0,"menu_order":0,"comment_status":"closed","ping_status":"closed","template":"","meta":{"_monsterinsights_skip_tracking":false,"_monsterinsights_sitenote_active":false,"_monsterinsights_sitenote_note":"","_monsterinsights_sitenote_category":0,"footnotes":""},"tags":[],"class_list":["post-1663","page","type-page","status-publish","hentry"],"translation":{"provider":"WPGlobus","version":"3.0.2","language":"fr","enabled_languages":["en","fr"],"languages":{"en":{"title":true,"content":true,"excerpt":false},"fr":{"title":true,"content":true,"excerpt":false}}},"yoast_head":"<!-- This site is optimized with the Yoast SEO plugin v27.4 - https:\/\/yoast.com\/product\/yoast-seo-wordpress\/ -->\n<title>Information sur le Club - Club des Schapendoes du Canada<\/title>\n<meta name=\"robots\" content=\"index, follow, max-snippet:-1, max-image-preview:large, max-video-preview:-1\" \/>\n<link rel=\"canonical\" href=\"https:\/\/schapendoesclub.ca\/club-info\/\" \/>\n<meta name=\"twitter:label1\" content=\"Est. reading time\" \/>\n\t<meta name=\"twitter:data1\" content=\"3 minutes\" \/>\n<!-- \/ Yoast SEO plugin. -->","yoast_head_json":{"title":"Information sur le Club - Club des Schapendoes du Canada","robots":{"index":"index","follow":"follow","max-snippet":"max-snippet:-1","max-image-preview":"max-image-preview:large","max-video-preview":"max-video-preview:-1"},"canonical":"https:\/\/schapendoesclub.ca\/club-info\/","twitter_misc":{"Est. reading time":"3 minutes"},"schema":{"@context":"https:\/\/schema.org","@graph":[{"@type":"WebPage","@id":"https:\/\/schapendoesclub.ca\/club-info\/","url":"https:\/\/schapendoesclub.ca\/club-info\/","name":"Information sur le Club - Club des Schapendoes du Canada","isPartOf":{"@id":"https:\/\/schapendoesclub.ca\/fr\/#website"},"primaryImageOfPage":{"@id":"https:\/\/schapendoesclub.ca\/club-info\/#primaryimage"},"image":{"@id":"https:\/\/schapendoesclub.ca\/club-info\/#primaryimage"},"thumbnailUrl":"http:\/\/schapendoesclub.ca\/wp-content\/uploads\/2025\/12\/Schapendoes_newsletter_2025-233x300.jpg","datePublished":"2025-01-05T17:16:51+00:00","dateModified":"2025-12-22T00:13:45+00:00","breadcrumb":{"@id":"https:\/\/schapendoesclub.ca\/club-info\/#breadcrumb"},"inLanguage":"fr-FR","potentialAction":[{"@type":"ReadAction","target":["https:\/\/schapendoesclub.ca\/club-info\/"]}]},{"@type":"ImageObject","inLanguage":"fr-FR","@id":"https:\/\/schapendoesclub.ca\/club-info\/#primaryimage","url":"http:\/\/schapendoesclub.ca\/wp-content\/uploads\/2025\/12\/Schapendoes_newsletter_2025-233x300.jpg","contentUrl":"http:\/\/schapendoesclub.ca\/wp-content\/uploads\/2025\/12\/Schapendoes_newsletter_2025-233x300.jpg"},{"@type":"BreadcrumbList","@id":"https:\/\/schapendoesclub.ca\/club-info\/#breadcrumb","itemListElement":[{"@type":"ListItem","position":1,"name":"Home","item":"https:\/\/schapendoesclub.ca\/"},{"@type":"ListItem","position":2,"name":"Club Information"}]},{"@type":"WebSite","@id":"https:\/\/schapendoesclub.ca\/fr\/#website","url":"https:\/\/schapendoesclub.ca\/fr\/","name":"Club des Schapendoes du Canada","description":"The Schapendoes Breed of Dogs in Canada","potentialAction":[{"@type":"SearchAction","target":{"@type":"EntryPoint","urlTemplate":"https:\/\/schapendoesclub.ca\/fr\/?s={search_term_string}"},"query-input":{"@type":"PropertyValueSpecification","valueRequired":true,"valueName":"search_term_string"}}],"inLanguage":"fr-FR"}]}},"jetpack_sharing_enabled":true,"jetpack_shortlink":"https:\/\/wp.me\/P4I34Z-qP","_links":{"self":[{"href":"http:\/\/schapendoesclub.ca\/fr\/wp-json\/wp\/v2\/pages\/1663","targetHints":{"allow":["GET"]}}],"collection":[{"href":"http:\/\/schapendoesclub.ca\/fr\/wp-json\/wp\/v2\/pages"}],"about":[{"href":"http:\/\/schapendoesclub.ca\/fr\/wp-json\/wp\/v2\/types\/page"}],"author":[{"embeddable":true,"href":"http:\/\/schapendoesclub.ca\/fr\/wp-json\/wp\/v2\/users\/5"}],"replies":[{"embeddable":true,"href":"http:\/\/schapendoesclub.ca\/fr\/wp-json\/wp\/v2\/comments?post=1663"}],"version-history":[{"count":29,"href":"http:\/\/schapendoesclub.ca\/fr\/wp-json\/wp\/v2\/pages\/1663\/revisions"}],"predecessor-version":[{"id":1973,"href":"http:\/\/schapendoesclub.ca\/fr\/wp-json\/wp\/v2\/pages\/1663\/revisions\/1973"}],"wp:attachment":[{"href":"http:\/\/schapendoesclub.ca\/fr\/wp-json\/wp\/v2\/media?parent=1663"}],"wp:term":[{"taxonomy":"post_tag","embeddable":true,"href":"http:\/\/schapendoesclub.ca\/fr\/wp-json\/wp\/v2\/tags?post=1663"}],"curies":[{"name":"wp","href":"https:\/\/api.w.org\/{rel}","templated":true}]}}