{"id":1621,"date":"2025-01-04T15:53:10","date_gmt":"2025-01-04T20:53:10","guid":{"rendered":"https:\/\/schapendoesclub.ca\/?page_id=1621"},"modified":"2026-04-20T16:56:15","modified_gmt":"2026-04-20T20:56:15","slug":"breeder-information","status":"publish","type":"page","link":"http:\/\/schapendoesclub.ca\/fr\/breeder-information\/","title":{"rendered":"Information des \u00e9leveurs"},"content":{"rendered":"\r\n\r\n\r\n<h1><strong>Ontario<\/strong><\/h1>\r\n\r\n\r\n\r\n<h3><a href=\"https:\/\/www.messyhairkennels.com\/home\">Messy Hair Kennels<\/a><\/h3>\r\n<p>Mes filles, Ashley et Amanda, et moi-m\u00eame, Chari, avons d\u00e9cid\u00e9 de devenir \u00e9leveuses de ces merveilleux Schapendoes il y a de nombreuses ann\u00e9es.\u00a0 Messy Hair Kennel a \u00e9t\u00e9 fond\u00e9 en 2012, mais notre amour pour les Schapendoes a commenc\u00e9 bien avant cela avec notre premier Schapendoes m\u00e2le, Mugsy, qui \u00e9tait issu de la premi\u00e8re port\u00e9e Schapendoes n\u00e9e au Canada reconnue par Raymonde Bri\u00e8re.\u00a0<a href=\"http:\/\/schapendoesclub.ca\/wp-content\/uploads\/2025\/01\/MHK_picture.jpg\"><img loading=\"lazy\" decoding=\"async\" class=\"size-medium wp-image-1842 alignright\" src=\"http:\/\/schapendoesclub.ca\/wp-content\/uploads\/2025\/01\/MHK_picture-300x225.jpg\" alt=\"\" width=\"300\" height=\"225\" data-wp-pid=\"1842\" srcset=\"http:\/\/schapendoesclub.ca\/wp-content\/uploads\/2025\/01\/MHK_picture-300x225.jpg 300w, http:\/\/schapendoesclub.ca\/wp-content\/uploads\/2025\/01\/MHK_picture-1024x768.jpg 1024w, http:\/\/schapendoesclub.ca\/wp-content\/uploads\/2025\/01\/MHK_picture-768x576.jpg 768w, http:\/\/schapendoesclub.ca\/wp-content\/uploads\/2025\/01\/MHK_picture-600x450.jpg 600w, http:\/\/schapendoesclub.ca\/wp-content\/uploads\/2025\/01\/MHK_picture-1536x1152.jpg 1536w, http:\/\/schapendoesclub.ca\/wp-content\/uploads\/2025\/01\/MHK_picture-800x600.jpg 800w, http:\/\/schapendoesclub.ca\/wp-content\/uploads\/2025\/01\/MHK_picture.jpg 2048w\" sizes=\"auto, (max-width: 300px) 100vw, 300px\" \/><\/a><\/p>\r\n<p>Nous choisissons s\u00e9lectivement les accouplements que nous faisons parmi les lign\u00e9es des championnats canadiens et europ\u00e9ens. Tous nos chiens sont test\u00e9s OFA (hanche, coude et c\u0153ur) et CAER (yeux). Les chiots sont \u00e9lev\u00e9s dans un foyer affectueux, et sont \u00e9lev\u00e9s pour animaux de compagnie, la conformation ou la performance.\u00a0 Tous les chiots sont test\u00e9s pour leur temp\u00e9rament et plac\u00e9s dans des foyers assortis.<\/p>\r\n<p>Nous offrons une garantie de sant\u00e9 et un accompagnement illimit\u00e9 aux familles de nos chiots tout au long de leur vie.\u00a0 Tous les chiots sont examin\u00e9s par le v\u00e9t\u00e9rinaire avec leur premi\u00e8re vaccination, et micropuc\u00e9s avant de quitter notre maison. Nous sommes fiers d&#8217;aider nos chiots \u00e0 r\u00e9ussir lors de leur transition vers leur foyer en les entra\u00eenant avant leur d\u00e9part. Chaque chiot est entrain\u00e9 en cage, socialis\u00e9 dans nos maisons avec des diff\u00e9rentes personnes et nos autres chiens, et nous interagissons avec eux en toute s\u00e9curit\u00e9 au sein de notre communaut\u00e9.<\/p>\r\n<p>Si vous souhaitez en savoir plus sur notre chenil, nous serons plus qu&#8217;heureux de vous accueillir chez nous sur rendez-vous, ou n&#8217;h\u00e9sitez pas \u00e0 nous contacter via notre site Web, par e-mail, par t\u00e9l\u00e9phone, sur Facebook ou sur Instagram.<\/p>\r\n<p>Chari O&#8217;Leary, Amanda Campbell et Ashley Campbell<br \/><a href=\"mailto:messyhair@rogers.com\">messyhair@rogers.com<\/a><br \/>416-333-5261<\/p>\r\n\r\n\r\n\r\n\r\n\r\n<p>&nbsp;<\/p>\r\n<h1><strong>Qu\u00e9bec<\/strong><\/h1>\r\n\r\n\r\n\r\n<h3><a href=\"http:\/\/www.schapendoesdubouleaublanc.com\/\">\u00c9levage du Bouleau Blanc<\/a><\/h3>\r\n\r\n\r\n\r\n<p>L&#8217;\u00e9levage du Bouleau Blanc et ses Schapendoes est un petit \u00e9levage en milieu familial depuis 23 ans. Nous \u00e9levons des chiens de qualit\u00e9 issus de lign\u00e9es de champions europ\u00e9ens. La sant\u00e9, le temp\u00e9rament, le type et la conformation sont toujours les crit\u00e8res de s\u00e9lection des chiens reproducteur<a href=\"http:\/\/schapendoesclub.ca\/wp-content\/uploads\/2025\/01\/Colette.jpeg\"><img loading=\"lazy\" decoding=\"async\" class=\"size-medium wp-image-1830 alignright\" src=\"http:\/\/schapendoesclub.ca\/wp-content\/uploads\/2025\/01\/Colette-200x300.jpeg\" alt=\"\" width=\"200\" height=\"300\" data-wp-pid=\"1830\" srcset=\"http:\/\/schapendoesclub.ca\/wp-content\/uploads\/2025\/01\/Colette-200x300.jpeg 200w, http:\/\/schapendoesclub.ca\/wp-content\/uploads\/2025\/01\/Colette.jpeg 427w\" sizes=\"auto, (max-width: 200px) 100vw, 200px\" \/><\/a>s.<\/p>\r\n<p>\u00a0Plus de 35 ann\u00e9es d&#8217;exp\u00e9rience en tant qu\u2019\u00e9ducateur canin et \u00e9leveure me permettent de vous offrir des chiots \u00e9quilibr\u00e9s gr\u00e2ce \u00e0 leur \u00e9ducation en milieu familial, \u00e0 un programme de socialisation avant leur d\u00e9part, \u00e0 l&#8217;adaptation en cage et \u00e0 un accompagnement apr\u00e8s leur d\u00e9part. Les chiots sont \u00e9valu\u00e9s pour r\u00e9pondre aux besoins de la famille et du chien, l&#8217;objectif principal \u00e9tant une relation harmonieuse entre les deux.<\/p>\r\n<p>J&#8217;accouple deux fois par an maximum. J&#8217;ai deux chiens \u00e0 la maison qui sont mes partenaires de vie. Mes autres chiens vivent en famille d&#8217;accueil, chez des amis de longue date et de la famille. Mes familles sont fantastiques et partagent le m\u00eame amour de la race que moi. Chaque chien en famille d&#8217;accueil vient me visiter r\u00e9guli\u00e8rement pour assurer une bonne relation avec sa famille \u00e9largie. Gr\u00e2ce \u00e0 cette fa\u00e7on de faire, je m&#8217;assure que chaque chien \u00e0 un vie exceptionnellement stimulante et un environnement optimal dans lequel il se d\u00e9veloppe et s&#8217;amuse au quotidien, et ce tout au long de sa vie.<\/p>\r\n<p>\u200b Je vous invite \u00e0 nous rendre visite sur rendez-vous . Il me fera grand plaisir de vous pr\u00e9senter ma famille Schapendoes.<\/p>\r\n<p>Schapendoessement votre !<\/p>\r\n<p>Colette Peiffer, \u00e9leveure passionn\u00e9e<\/p>\r\n<p>&nbsp;<\/p>\r\n<h3><strong>Schapendoes de la Vall\u00e9e<\/strong><\/h3>\r\n<p>Pionniers de la race au Canada, c&#8217;est en 2000 que nous accueillons Muscade (Rikadoes) de France qui sera accoupl\u00e9e en 2002 pour sa premi\u00e8re port\u00e9e avec Fisban import\u00e9 par Raymonde Bri\u00e8re. Notre int\u00e9r\u00eat pour cette race n&#8217;a fait que s&#8217;accro\u00eetre avec les ann\u00e9es en raison des nombreuses qualit\u00e9s de ce petit chien de berger joyeux et rustique.<a href=\"http:\/\/schapendoesclub.ca\/wp-content\/uploads\/2025\/01\/SchapendoesVallee.jpg\"><img loading=\"lazy\" decoding=\"async\" class=\"size-medium wp-image-1837 alignright\" src=\"http:\/\/schapendoesclub.ca\/wp-content\/uploads\/2025\/01\/SchapendoesVallee-300x225.jpg\" alt=\"\" width=\"300\" height=\"225\" data-wp-pid=\"1837\" srcset=\"http:\/\/schapendoesclub.ca\/wp-content\/uploads\/2025\/01\/SchapendoesVallee-300x225.jpg 300w, http:\/\/schapendoesclub.ca\/wp-content\/uploads\/2025\/01\/SchapendoesVallee-768x576.jpg 768w, http:\/\/schapendoesclub.ca\/wp-content\/uploads\/2025\/01\/SchapendoesVallee-600x450.jpg 600w, http:\/\/schapendoesclub.ca\/wp-content\/uploads\/2025\/01\/SchapendoesVallee-800x600.jpg 800w, http:\/\/schapendoesclub.ca\/wp-content\/uploads\/2025\/01\/SchapendoesVallee.jpg 1024w\" sizes=\"auto, (max-width: 300px) 100vw, 300px\" \/><\/a><\/p>\r\n<p>Impliqu\u00e9s dans la cr\u00e9ation du Club des Schapendoes du Canada ainsi que dans le processus de reconnaissance de la race par le CKC, nos\u00a0efforts ont toujours \u00e9t\u00e9 orient\u00e9s \u00e0 maintenir les standards de la race et \u00e0 offrir des chiots en sant\u00e9 via notre \u00e9levage familial et un programme de socialisation bien \u00e9tabli.<\/p>\r\n<p>Depuis 2016, nous travaillons en partenariat avec Colette Peiffer de l&#8217;\u00e9levage du Bouleau Blanc.<\/p>\r\n<p>Situ\u00e9 en plein c\u0153ur de la Vall\u00e9e Missisquoi en Estrie, sur un domaine de 72 hectares, nos chiens profitent de cette belle nature \u00e0 travers champs, for\u00eats et rivi\u00e8re.<\/p>\r\n<p>Nous vous invitons \u00e0 venir rencontrer Emma, Rosie, Zo\u00e9 et \u00e0 l&#8217;occasion Moab (petit m\u00e2le r\u00e9cemment arriv\u00e9 de Hollande).<\/p>\r\n<p>Andr\u00e9e Martel\/Gilles Brouillette<br \/><a href=\"mailto:anmartel.137@gmail.com\">anmartel.137@gmail.com<\/a><br \/>514-239-2758<br \/><a href=\"mailto:gbrouil137@gmail.com\">gbrouil137@gmail.com<\/a><br \/>514-978-5069<\/p>\r\n\r\n\r\n\r\n<p>&nbsp;<\/p>","protected":false},"excerpt":{"rendered":"<p>Ontario Messy Hair Kennels Mes filles, Ashley et Amanda, et moi-m\u00eame, Chari, avons d\u00e9cid\u00e9 de devenir \u00e9leveuses de ces merveilleux Schapendoes il y a de nombreuses ann\u00e9es.\u00a0 Messy Hair Kennel a \u00e9t\u00e9 fond\u00e9 en 2012, mais notre amour pour les<\/p>\n","protected":false},"author":5,"featured_media":0,"parent":0,"menu_order":0,"comment_status":"closed","ping_status":"closed","template":"","meta":{"_monsterinsights_skip_tracking":false,"_monsterinsights_sitenote_active":false,"_monsterinsights_sitenote_note":"","_monsterinsights_sitenote_category":0,"footnotes":""},"tags":[],"class_list":["post-1621","page","type-page","status-publish","hentry"],"translation":{"provider":"WPGlobus","version":"3.0.2","language":"fr","enabled_languages":["en","fr"],"languages":{"en":{"title":true,"content":true,"excerpt":false},"fr":{"title":true,"content":true,"excerpt":false}}},"yoast_head":"<!-- This site is optimized with the Yoast SEO plugin v27.4 - https:\/\/yoast.com\/product\/yoast-seo-wordpress\/ -->\n<title>Information des \u00e9leveurs - Club des Schapendoes du Canada<\/title>\n<meta name=\"robots\" content=\"index, follow, max-snippet:-1, max-image-preview:large, max-video-preview:-1\" \/>\n<link rel=\"canonical\" href=\"https:\/\/schapendoesclub.ca\/breeder-information\/\" \/>\n<meta name=\"twitter:label1\" content=\"Est. reading time\" \/>\n\t<meta name=\"twitter:data1\" content=\"4 minutes\" \/>\n<!-- \/ Yoast SEO plugin. -->","yoast_head_json":{"title":"Information des \u00e9leveurs - Club des Schapendoes du Canada","robots":{"index":"index","follow":"follow","max-snippet":"max-snippet:-1","max-image-preview":"max-image-preview:large","max-video-preview":"max-video-preview:-1"},"canonical":"https:\/\/schapendoesclub.ca\/breeder-information\/","twitter_misc":{"Est. reading time":"4 minutes"},"schema":{"@context":"https:\/\/schema.org","@graph":[{"@type":"WebPage","@id":"https:\/\/schapendoesclub.ca\/breeder-information\/","url":"https:\/\/schapendoesclub.ca\/breeder-information\/","name":"Information des \u00e9leveurs - Club des Schapendoes du Canada","isPartOf":{"@id":"https:\/\/schapendoesclub.ca\/fr\/#website"},"primaryImageOfPage":{"@id":"https:\/\/schapendoesclub.ca\/breeder-information\/#primaryimage"},"image":{"@id":"https:\/\/schapendoesclub.ca\/breeder-information\/#primaryimage"},"thumbnailUrl":"http:\/\/schapendoesclub.ca\/wp-content\/uploads\/2025\/01\/MHK_picture-300x225.jpg","datePublished":"2025-01-04T20:53:10+00:00","dateModified":"2026-04-20T20:56:15+00:00","breadcrumb":{"@id":"https:\/\/schapendoesclub.ca\/breeder-information\/#breadcrumb"},"inLanguage":"fr-FR","potentialAction":[{"@type":"ReadAction","target":["https:\/\/schapendoesclub.ca\/breeder-information\/"]}]},{"@type":"ImageObject","inLanguage":"fr-FR","@id":"https:\/\/schapendoesclub.ca\/breeder-information\/#primaryimage","url":"http:\/\/schapendoesclub.ca\/wp-content\/uploads\/2025\/01\/MHK_picture-300x225.jpg","contentUrl":"http:\/\/schapendoesclub.ca\/wp-content\/uploads\/2025\/01\/MHK_picture-300x225.jpg"},{"@type":"BreadcrumbList","@id":"https:\/\/schapendoesclub.ca\/breeder-information\/#breadcrumb","itemListElement":[{"@type":"ListItem","position":1,"name":"Home","item":"https:\/\/schapendoesclub.ca\/"},{"@type":"ListItem","position":2,"name":"Breeder Information"}]},{"@type":"WebSite","@id":"https:\/\/schapendoesclub.ca\/fr\/#website","url":"https:\/\/schapendoesclub.ca\/fr\/","name":"Club des Schapendoes du Canada","description":"The Schapendoes Breed of Dogs in Canada","potentialAction":[{"@type":"SearchAction","target":{"@type":"EntryPoint","urlTemplate":"https:\/\/schapendoesclub.ca\/fr\/?s={search_term_string}"},"query-input":{"@type":"PropertyValueSpecification","valueRequired":true,"valueName":"search_term_string"}}],"inLanguage":"fr-FR"}]}},"jetpack_sharing_enabled":true,"jetpack_shortlink":"https:\/\/wp.me\/P4I34Z-q9","_links":{"self":[{"href":"http:\/\/schapendoesclub.ca\/fr\/wp-json\/wp\/v2\/pages\/1621","targetHints":{"allow":["GET"]}}],"collection":[{"href":"http:\/\/schapendoesclub.ca\/fr\/wp-json\/wp\/v2\/pages"}],"about":[{"href":"http:\/\/schapendoesclub.ca\/fr\/wp-json\/wp\/v2\/types\/page"}],"author":[{"embeddable":true,"href":"http:\/\/schapendoesclub.ca\/fr\/wp-json\/wp\/v2\/users\/5"}],"replies":[{"embeddable":true,"href":"http:\/\/schapendoesclub.ca\/fr\/wp-json\/wp\/v2\/comments?post=1621"}],"version-history":[{"count":25,"href":"http:\/\/schapendoesclub.ca\/fr\/wp-json\/wp\/v2\/pages\/1621\/revisions"}],"predecessor-version":[{"id":1980,"href":"http:\/\/schapendoesclub.ca\/fr\/wp-json\/wp\/v2\/pages\/1621\/revisions\/1980"}],"wp:attachment":[{"href":"http:\/\/schapendoesclub.ca\/fr\/wp-json\/wp\/v2\/media?parent=1621"}],"wp:term":[{"taxonomy":"post_tag","embeddable":true,"href":"http:\/\/schapendoesclub.ca\/fr\/wp-json\/wp\/v2\/tags?post=1621"}],"curies":[{"name":"wp","href":"https:\/\/api.w.org\/{rel}","templated":true}]}}