{"id":1585,"date":"2025-01-04T13:41:33","date_gmt":"2025-01-04T18:41:33","guid":{"rendered":"https:\/\/schapendoesclub.ca\/?page_id=1585"},"modified":"2025-01-05T15:15:32","modified_gmt":"2025-01-05T20:15:32","slug":"scent-detection","status":"publish","type":"page","link":"http:\/\/schapendoesclub.ca\/fr\/health\/activities\/scent-detection\/","title":{"rendered":"D\u00e9tection d&#8217;odeur"},"content":{"rendered":"<p>&nbsp;<\/p>\r\n<!-- \/wp:post-content -->\r\n\r\n<!-- wp:paragraph -->\r\n<p>La d\u00e9tection d\u2019odeur vise \u00e0 promouvoir des relations positives entre les chiens et leurs ma\u00eetres, bas\u00e9es sur la confiance et le respect. La d\u00e9tection d&#8217;odeur encourage la participation de TOUS les chiens de race pure ou mixte, de compagnie ou de champions titr\u00e9s ainsi que les chiens et\/ou ma\u00eetres physiquement handicap\u00e9s.<\/p>\r\n<!-- \/wp:paragraph -->\r\n\r\n<!-- wp:paragraph -->\r\n<p>Une activit\u00e9 accessible \u00e0 tous les chiens pour relever le d\u00e9fi de localiser une odeur et de communiquer avec pr\u00e9cision l&#8217;emplacement de l&#8217;odeur \u00e0 leur ma\u00eetre. Cette activit\u00e9 utilise le sens naturel le plus d\u00e9velopp\u00e9 du chien pour d\u00e9tecter une odeur cach\u00e9e dans toutes sortes d\u2019environnements.<\/p>\r\n<!-- \/wp:paragraph -->\r\n\r\n<!-- wp:paragraph -->\r\n<p>Au c\u0153ur de la d\u00e9tection des odeurs se trouve la capacit\u00e9 du chien \u00e0 apprendre \u00e0 distinguer des odeurs particuli\u00e8res et \u00e0 suivre cette odeur jusqu\u2019\u00e0 sa source. La source peut se trouver dans un contenant, \u00e0 l\u2019int\u00e9rieur d\u2019un b\u00e2timent ou \u00e0 l\u2019ext\u00e9rieur, en plein air. Ce n&#8217;est pas simple, mais cela met les ma\u00eetres et les chiens au d\u00e9fi dans un partenariat qui am\u00e9liore la confiance et l&#8217;autonomie de travail du partenaire canin. Cela renforce la confiance des chiens pour travailler seuls et n\u00e9cessite beaucoup de concentration de la part des chiens.<\/p>\r\n<!-- \/wp:paragraph -->\r\n\r\n<!-- wp:image {\"id\":1587,\"width\":\"541px\",\"height\":\"auto\",\"sizeSlug\":\"full\",\"linkDestination\":\"media\",\"align\":\"center\"} -->\r\n<figure class=\"wp-block-image aligncenter size-full is-resized\"><a href=\"https:\/\/schapendoesclub.ca\/wp-content\/uploads\/2025\/01\/image.png\"><img loading=\"lazy\" decoding=\"async\" width=\"1024\" height=\"666\" class=\"wp-image-1587\" style=\"width: 541px; height: auto;\" src=\"https:\/\/schapendoesclub.ca\/wp-content\/uploads\/2025\/01\/image.png\" alt=\"\" srcset=\"http:\/\/schapendoesclub.ca\/wp-content\/uploads\/2025\/01\/image.png 1024w, http:\/\/schapendoesclub.ca\/wp-content\/uploads\/2025\/01\/image-300x195.png 300w, http:\/\/schapendoesclub.ca\/wp-content\/uploads\/2025\/01\/image-768x500.png 768w, http:\/\/schapendoesclub.ca\/wp-content\/uploads\/2025\/01\/image-600x390.png 600w\" sizes=\"auto, (max-width: 1024px) 100vw, 1024px\" \/><\/a><\/figure>\r\n<!-- \/wp:image -->\r\n\r\n<!-- wp:paragraph -->\r\n<p>La d\u00e9tection d\u2019odeur est con\u00e7ue pour que les chiens de tous niveaux d\u2019entrainement puissent participer. La recherche d\u00e9butante consistera en un r\u00e9cipient contenant l\u2019odeur de th\u00e9 des bois dans l\u2019un des 5 contenants. Au fur et \u00e0 mesure que les chiens gagnent en comp\u00e9tences, diff\u00e9rentes odeurs sont incorpor\u00e9es dans les recherches, ce qui am\u00e9liorera vos niveaux de performance et de confiance, ainsi que ceux de votre chien. Une recherche de niveau expert peut avoir un nombre inconnu d\u2019odeurs cach\u00e9es dans plusieurs pi\u00e8ces. C\u2019est \u00e0 l\u2019\u00e9quipe d\u2019avoir confiance pour d\u00e9terminer qu\u2019elle a enti\u00e8rement inspect\u00e9e les pi\u00e8ces et que toutes les odeurs cach\u00e9es ont \u00e9t\u00e9 trouv\u00e9es.<\/p>\r\n<!-- \/wp:paragraph -->\r\n\r\n<!-- wp:paragraph -->\r\n<p>La d\u00e9tection d\u2019odeur est offerte par le CCC (Club Canin Canadien) et SDDA (Sporting Detection Dogs Association).<\/p>","protected":false},"excerpt":{"rendered":"<p>&nbsp; La d\u00e9tection d\u2019odeur vise \u00e0 promouvoir des relations positives entre les chiens et leurs ma\u00eetres, bas\u00e9es sur la confiance et le respect. La d\u00e9tection d&#8217;odeur encourage la participation de TOUS les chiens de race pure ou mixte, de compagnie<\/p>\n","protected":false},"author":5,"featured_media":0,"parent":600,"menu_order":0,"comment_status":"closed","ping_status":"closed","template":"","meta":{"_monsterinsights_skip_tracking":false,"_monsterinsights_sitenote_active":false,"_monsterinsights_sitenote_note":"","_monsterinsights_sitenote_category":0,"footnotes":""},"tags":[],"class_list":["post-1585","page","type-page","status-publish","hentry"],"translation":{"provider":"WPGlobus","version":"3.0.2","language":"fr","enabled_languages":["en","fr"],"languages":{"en":{"title":true,"content":true,"excerpt":false},"fr":{"title":true,"content":true,"excerpt":false}}},"yoast_head":"<!-- This site is optimized with the Yoast SEO plugin v27.4 - https:\/\/yoast.com\/product\/yoast-seo-wordpress\/ -->\n<title>D\u00e9tection d&#039;odeur - Club des Schapendoes du Canada<\/title>\n<meta name=\"robots\" content=\"index, follow, max-snippet:-1, max-image-preview:large, max-video-preview:-1\" \/>\n<link rel=\"canonical\" href=\"http:\/\/schapendoesclub.ca\/fr\/health\/activities\/scent-detection\/\" \/>\n<meta name=\"twitter:label1\" content=\"Est. reading time\" \/>\n\t<meta name=\"twitter:data1\" content=\"2 minutes\" \/>\n<!-- \/ Yoast SEO plugin. -->","yoast_head_json":{"title":"D\u00e9tection d'odeur - Club des Schapendoes du Canada","robots":{"index":"index","follow":"follow","max-snippet":"max-snippet:-1","max-image-preview":"max-image-preview:large","max-video-preview":"max-video-preview:-1"},"canonical":"http:\/\/schapendoesclub.ca\/fr\/health\/activities\/scent-detection\/","twitter_misc":{"Est. reading time":"2 minutes"},"schema":{"@context":"https:\/\/schema.org","@graph":[{"@type":"WebPage","@id":"http:\/\/schapendoesclub.ca\/fr\/health\/activities\/scent-detection\/","url":"http:\/\/schapendoesclub.ca\/fr\/health\/activities\/scent-detection\/","name":"D\u00e9tection d'odeur - Club des Schapendoes du Canada","isPartOf":{"@id":"https:\/\/schapendoesclub.ca\/fr\/#website"},"primaryImageOfPage":{"@id":"http:\/\/schapendoesclub.ca\/fr\/health\/activities\/scent-detection\/#primaryimage"},"image":{"@id":"http:\/\/schapendoesclub.ca\/fr\/health\/activities\/scent-detection\/#primaryimage"},"thumbnailUrl":"https:\/\/schapendoesclub.ca\/wp-content\/uploads\/2025\/01\/image.png","datePublished":"2025-01-04T18:41:33+00:00","dateModified":"2025-01-05T20:15:32+00:00","breadcrumb":{"@id":"http:\/\/schapendoesclub.ca\/fr\/health\/activities\/scent-detection\/#breadcrumb"},"inLanguage":"fr-FR","potentialAction":[{"@type":"ReadAction","target":["http:\/\/schapendoesclub.ca\/fr\/health\/activities\/scent-detection\/"]}]},{"@type":"ImageObject","inLanguage":"fr-FR","@id":"http:\/\/schapendoesclub.ca\/fr\/health\/activities\/scent-detection\/#primaryimage","url":"https:\/\/schapendoesclub.ca\/wp-content\/uploads\/2025\/01\/image.png","contentUrl":"https:\/\/schapendoesclub.ca\/wp-content\/uploads\/2025\/01\/image.png"},{"@type":"BreadcrumbList","@id":"http:\/\/schapendoesclub.ca\/fr\/health\/activities\/scent-detection\/#breadcrumb","itemListElement":[{"@type":"ListItem","position":1,"name":"Home","item":"https:\/\/schapendoesclub.ca\/"},{"@type":"ListItem","position":2,"name":"A propos du Schapendoes","item":"http:\/\/schapendoesclub.ca\/fr\/health\/"},{"@type":"ListItem","position":3,"name":"Activites","item":"https:\/\/schapendoesclub.ca\/fr\/health\/activities\/"},{"@type":"ListItem","position":4,"name":"D\u00e9tection d&#8217;odeur"}]},{"@type":"WebSite","@id":"https:\/\/schapendoesclub.ca\/fr\/#website","url":"https:\/\/schapendoesclub.ca\/fr\/","name":"Club des Schapendoes du Canada","description":"The Schapendoes Breed of Dogs in Canada","potentialAction":[{"@type":"SearchAction","target":{"@type":"EntryPoint","urlTemplate":"https:\/\/schapendoesclub.ca\/fr\/?s={search_term_string}"},"query-input":{"@type":"PropertyValueSpecification","valueRequired":true,"valueName":"search_term_string"}}],"inLanguage":"fr-FR"}]}},"jetpack_sharing_enabled":true,"jetpack_shortlink":"https:\/\/wp.me\/P4I34Z-pz","_links":{"self":[{"href":"http:\/\/schapendoesclub.ca\/fr\/wp-json\/wp\/v2\/pages\/1585","targetHints":{"allow":["GET"]}}],"collection":[{"href":"http:\/\/schapendoesclub.ca\/fr\/wp-json\/wp\/v2\/pages"}],"about":[{"href":"http:\/\/schapendoesclub.ca\/fr\/wp-json\/wp\/v2\/types\/page"}],"author":[{"embeddable":true,"href":"http:\/\/schapendoesclub.ca\/fr\/wp-json\/wp\/v2\/users\/5"}],"replies":[{"embeddable":true,"href":"http:\/\/schapendoesclub.ca\/fr\/wp-json\/wp\/v2\/comments?post=1585"}],"version-history":[{"count":8,"href":"http:\/\/schapendoesclub.ca\/fr\/wp-json\/wp\/v2\/pages\/1585\/revisions"}],"predecessor-version":[{"id":1688,"href":"http:\/\/schapendoesclub.ca\/fr\/wp-json\/wp\/v2\/pages\/1585\/revisions\/1688"}],"up":[{"embeddable":true,"href":"http:\/\/schapendoesclub.ca\/fr\/wp-json\/wp\/v2\/pages\/600"}],"wp:attachment":[{"href":"http:\/\/schapendoesclub.ca\/fr\/wp-json\/wp\/v2\/media?parent=1585"}],"wp:term":[{"taxonomy":"post_tag","embeddable":true,"href":"http:\/\/schapendoesclub.ca\/fr\/wp-json\/wp\/v2\/tags?post=1585"}],"curies":[{"name":"wp","href":"https:\/\/api.w.org\/{rel}","templated":true}]}}