{"id":1486,"date":"2017-06-10T11:03:15","date_gmt":"2017-06-10T15:03:15","guid":{"rendered":"http:\/\/schapendoesclub.ca\/?page_id=1486"},"modified":"2025-01-06T11:32:11","modified_gmt":"2025-01-06T16:32:11","slug":"dog-bags","status":"publish","type":"page","link":"http:\/\/schapendoesclub.ca\/fr\/dog-bags\/","title":{"rendered":"Sacs \u00e0 chiens"},"content":{"rendered":"<p><strong>Sacs \u00e0 chiens<\/strong><a href=\"http:\/\/schapendoesclub.ca\/wp-content\/uploads\/2017\/06\/Checker-Bag.jpg\"><img loading=\"lazy\" decoding=\"async\" class=\"size-medium wp-image-1467 alignright\" src=\"http:\/\/schapendoesclub.ca\/wp-content\/uploads\/2017\/06\/Checker-Bag-300x225.jpg\" alt=\"Checker Bag\" width=\"300\" height=\"225\" data-wp-pid=\"1467\" srcset=\"http:\/\/schapendoesclub.ca\/wp-content\/uploads\/2017\/06\/Checker-Bag-300x225.jpg 300w, http:\/\/schapendoesclub.ca\/wp-content\/uploads\/2017\/06\/Checker-Bag-600x450.jpg 600w, http:\/\/schapendoesclub.ca\/wp-content\/uploads\/2017\/06\/Checker-Bag.jpg 640w\" sizes=\"auto, (max-width: 300px) 100vw, 300px\" \/><\/a> <a href=\"http:\/\/schapendoesclub.ca\/wp-content\/uploads\/2017\/06\/Checker-Bag-.jpg\"><img loading=\"lazy\" decoding=\"async\" class=\"size-medium wp-image-1464 alignright\" src=\"http:\/\/schapendoesclub.ca\/wp-content\/uploads\/2017\/06\/Checker-Bag--300x225.jpg\" alt=\"Checker Bag\" width=\"300\" height=\"225\" data-wp-pid=\"1464\" srcset=\"http:\/\/schapendoesclub.ca\/wp-content\/uploads\/2017\/06\/Checker-Bag--300x225.jpg 300w, http:\/\/schapendoesclub.ca\/wp-content\/uploads\/2017\/06\/Checker-Bag--600x450.jpg 600w, http:\/\/schapendoesclub.ca\/wp-content\/uploads\/2017\/06\/Checker-Bag-.jpg 640w\" sizes=\"auto, (max-width: 300px) 100vw, 300px\" \/><\/a><\/p>\n<p>Sac pour mon chien!<\/p>\n<p>Dimension:<br \/>\n14&#8243; x 6&#8243; x 16&#8242;<\/p>\n<p>1 poche int\u00e9rieure<br \/>\n1 poche ext\u00e9rieure<\/p>\n<p>Couleurs:<br \/>\nBleu<br \/>\n<a href=\"http:\/\/schapendoesclub.ca\/wp-content\/uploads\/2017\/06\/Checker-Bag-4-.jpg\"><img loading=\"lazy\" decoding=\"async\" class=\"size-medium wp-image-1466 alignright\" src=\"http:\/\/schapendoesclub.ca\/wp-content\/uploads\/2017\/06\/Checker-Bag-4--300x225.jpg\" alt=\"Checker Bag 4\" width=\"300\" height=\"225\" data-wp-pid=\"1466\" srcset=\"http:\/\/schapendoesclub.ca\/wp-content\/uploads\/2017\/06\/Checker-Bag-4--300x225.jpg 300w, http:\/\/schapendoesclub.ca\/wp-content\/uploads\/2017\/06\/Checker-Bag-4--600x450.jpg 600w, http:\/\/schapendoesclub.ca\/wp-content\/uploads\/2017\/06\/Checker-Bag-4-.jpg 640w\" sizes=\"auto, (max-width: 300px) 100vw, 300px\" \/><\/a> <a href=\"http:\/\/schapendoesclub.ca\/wp-content\/uploads\/2017\/06\/Checker-Bag-2.jpg\"><img loading=\"lazy\" decoding=\"async\" class=\"size-medium wp-image-1465 alignright\" src=\"http:\/\/schapendoesclub.ca\/wp-content\/uploads\/2017\/06\/Checker-Bag-2-300x225.jpg\" alt=\"Checker Bag 2\" width=\"300\" height=\"225\" data-wp-pid=\"1465\" srcset=\"http:\/\/schapendoesclub.ca\/wp-content\/uploads\/2017\/06\/Checker-Bag-2-300x225.jpg 300w, http:\/\/schapendoesclub.ca\/wp-content\/uploads\/2017\/06\/Checker-Bag-2-600x450.jpg 600w, http:\/\/schapendoesclub.ca\/wp-content\/uploads\/2017\/06\/Checker-Bag-2.jpg 640w\" sizes=\"auto, (max-width: 300px) 100vw, 300px\" \/><\/a><\/p>\n<p>Gris<\/p>\n<p>Prix:<br \/>\n$35.00 CAD<\/p>\n<p>Vous voulez commander ? Envoyez-nous un courriel!<br \/>\ncpeiffer@cgocable.ca<br \/>\nCout de livraison: extra<\/p>\n","protected":false},"excerpt":{"rendered":"<p>Sacs \u00e0 chiens Sac pour mon chien! Dimension: 14&#8243; x 6&#8243; x 16&#8242; 1 poche int\u00e9rieure 1 poche ext\u00e9rieure Couleurs: Bleu Gris Prix: $35.00 CAD Vous voulez commander ? Envoyez-nous un courriel! cpeiffer@cgocable.ca Cout de livraison: extra<\/p>\n","protected":false},"author":2,"featured_media":0,"parent":0,"menu_order":0,"comment_status":"closed","ping_status":"closed","template":"","meta":{"_monsterinsights_skip_tracking":false,"_monsterinsights_sitenote_active":false,"_monsterinsights_sitenote_note":"","_monsterinsights_sitenote_category":0,"footnotes":""},"tags":[],"class_list":["post-1486","page","type-page","status-publish","hentry"],"translation":{"provider":"WPGlobus","version":"3.0.2","language":"fr","enabled_languages":["en","fr"],"languages":{"en":{"title":true,"content":true,"excerpt":false},"fr":{"title":true,"content":true,"excerpt":false}}},"yoast_head":"<!-- This site is optimized with the Yoast SEO plugin v27.4 - https:\/\/yoast.com\/product\/yoast-seo-wordpress\/ -->\n<title>Sacs \u00e0 chiens - Club des Schapendoes du Canada<\/title>\n<meta name=\"robots\" content=\"index, follow, max-snippet:-1, max-image-preview:large, max-video-preview:-1\" \/>\n<link rel=\"canonical\" href=\"http:\/\/schapendoesclub.ca\/fr\/dog-bags\/\" \/>\n<meta name=\"twitter:label1\" content=\"Est. reading time\" \/>\n\t<meta name=\"twitter:data1\" content=\"1 minute\" \/>\n<!-- \/ Yoast SEO plugin. -->","yoast_head_json":{"title":"Sacs \u00e0 chiens - Club des Schapendoes du Canada","robots":{"index":"index","follow":"follow","max-snippet":"max-snippet:-1","max-image-preview":"max-image-preview:large","max-video-preview":"max-video-preview:-1"},"canonical":"http:\/\/schapendoesclub.ca\/fr\/dog-bags\/","twitter_misc":{"Est. reading time":"1 minute"},"schema":{"@context":"https:\/\/schema.org","@graph":[{"@type":"WebPage","@id":"http:\/\/schapendoesclub.ca\/fr\/dog-bags\/","url":"http:\/\/schapendoesclub.ca\/fr\/dog-bags\/","name":"Sacs \u00e0 chiens - Club des Schapendoes du Canada","isPartOf":{"@id":"https:\/\/schapendoesclub.ca\/fr\/#website"},"primaryImageOfPage":{"@id":"http:\/\/schapendoesclub.ca\/fr\/dog-bags\/#primaryimage"},"image":{"@id":"http:\/\/schapendoesclub.ca\/fr\/dog-bags\/#primaryimage"},"thumbnailUrl":"http:\/\/schapendoesclub.ca\/wp-content\/uploads\/2017\/06\/Checker-Bag-300x225.jpg","datePublished":"2017-06-10T15:03:15+00:00","dateModified":"2025-01-06T16:32:11+00:00","breadcrumb":{"@id":"http:\/\/schapendoesclub.ca\/fr\/dog-bags\/#breadcrumb"},"inLanguage":"fr-FR","potentialAction":[{"@type":"ReadAction","target":["http:\/\/schapendoesclub.ca\/fr\/dog-bags\/"]}]},{"@type":"ImageObject","inLanguage":"fr-FR","@id":"http:\/\/schapendoesclub.ca\/fr\/dog-bags\/#primaryimage","url":"http:\/\/schapendoesclub.ca\/wp-content\/uploads\/2017\/06\/Checker-Bag-300x225.jpg","contentUrl":"http:\/\/schapendoesclub.ca\/wp-content\/uploads\/2017\/06\/Checker-Bag-300x225.jpg"},{"@type":"BreadcrumbList","@id":"http:\/\/schapendoesclub.ca\/fr\/dog-bags\/#breadcrumb","itemListElement":[{"@type":"ListItem","position":1,"name":"Home","item":"https:\/\/schapendoesclub.ca\/"},{"@type":"ListItem","position":2,"name":"Sacs \u00e0 chiens"}]},{"@type":"WebSite","@id":"https:\/\/schapendoesclub.ca\/fr\/#website","url":"https:\/\/schapendoesclub.ca\/fr\/","name":"Club des Schapendoes du Canada","description":"The Schapendoes Breed of Dogs in Canada","potentialAction":[{"@type":"SearchAction","target":{"@type":"EntryPoint","urlTemplate":"https:\/\/schapendoesclub.ca\/fr\/?s={search_term_string}"},"query-input":{"@type":"PropertyValueSpecification","valueRequired":true,"valueName":"search_term_string"}}],"inLanguage":"fr-FR"}]}},"jetpack_sharing_enabled":true,"jetpack_shortlink":"https:\/\/wp.me\/P4I34Z-nY","_links":{"self":[{"href":"http:\/\/schapendoesclub.ca\/fr\/wp-json\/wp\/v2\/pages\/1486","targetHints":{"allow":["GET"]}}],"collection":[{"href":"http:\/\/schapendoesclub.ca\/fr\/wp-json\/wp\/v2\/pages"}],"about":[{"href":"http:\/\/schapendoesclub.ca\/fr\/wp-json\/wp\/v2\/types\/page"}],"author":[{"embeddable":true,"href":"http:\/\/schapendoesclub.ca\/fr\/wp-json\/wp\/v2\/users\/2"}],"replies":[{"embeddable":true,"href":"http:\/\/schapendoesclub.ca\/fr\/wp-json\/wp\/v2\/comments?post=1486"}],"version-history":[{"count":3,"href":"http:\/\/schapendoesclub.ca\/fr\/wp-json\/wp\/v2\/pages\/1486\/revisions"}],"predecessor-version":[{"id":1704,"href":"http:\/\/schapendoesclub.ca\/fr\/wp-json\/wp\/v2\/pages\/1486\/revisions\/1704"}],"wp:attachment":[{"href":"http:\/\/schapendoesclub.ca\/fr\/wp-json\/wp\/v2\/media?parent=1486"}],"wp:term":[{"taxonomy":"post_tag","embeddable":true,"href":"http:\/\/schapendoesclub.ca\/fr\/wp-json\/wp\/v2\/tags?post=1486"}],"curies":[{"name":"wp","href":"https:\/\/api.w.org\/{rel}","templated":true}]}}