{"id":1062,"date":"2014-10-30T16:37:06","date_gmt":"2014-10-30T20:37:06","guid":{"rendered":"http:\/\/schapendoesclub.ca\/?page_id=1062"},"modified":"2025-12-07T08:21:48","modified_gmt":"2025-12-07T13:21:48","slug":"canadian-history","status":"publish","type":"page","link":"http:\/\/schapendoesclub.ca\/fr\/health\/canadian-history\/","title":{"rendered":"Histoire canadienne"},"content":{"rendered":"<p><strong>Les d\u00e9buts de la race au Canada\u00a0\u00a0\u00a0\u00a0\u00a0 <\/strong><\/p>\n<p>La belle aventure du Schapendoes commence le 19 mai 1998 avec l\u2019arriv\u00e9e au Canada, plus pr\u00e9cis\u00e9ment \u00e0 Qu\u00e9bec, de deux chiots noir et blanc nomm\u00e9s O\u2019Fisban et O\u2019Thasna de la Vall\u00e9e des Troglodytes.<a href=\"http:\/\/schapendoesclub.ca\/wp-content\/uploads\/2014\/09\/Ramond-first-schapendoes.png\"><img loading=\"lazy\" decoding=\"async\" class=\"size-full wp-image-1034 alignright\" src=\"http:\/\/schapendoesclub.ca\/wp-content\/uploads\/2014\/09\/Ramond-first-schapendoes.png\" alt=\"First Canadian Schapendoes\" width=\"491\" height=\"410\" data-wp-pid=\"1034\" \/><\/a><\/p>\n<p>Mais bien avant cela, il y a eu mon coup de coeur pour cette race inconnue \u00e0 l\u2019\u00e9poque au Canada et aux \u00c9tats-Unis. C\u2019est d\u2019ailleurs tout \u00e0 fait par hasard, en faisant une recherche dans l\u2019encyclop\u00e9die \u00abMon chien, Mon ami\u00bb des \u00c9ditions Atlas de France, que j\u2019ai pu voir pour la premi\u00e8re fois le Schapendoes. \u00c0 partir de ce moment, j\u2019ai cherch\u00e9 tout ce que je pouvais trouver sur cette race qui m\u2019avait tant charm\u00e9e par sa bonne bouille \u00e9chevel\u00e9e, son allure, son gabarit, son caract\u00e8re et sa sant\u00e9 que l\u2019on disait sans probl\u00e8me.<\/p>\n<p>Mais o\u00f9 trouver mes premiers Schapendoes? \u00c0 cette \u00e9poque, je sais \u00e0 partir de mes recherches que le Schapendoes est en France depuis 1987 gr\u00e2ce \u00e0 madame F. Charbonnier, une \u00e9leveure de Bearded Collie qui, elle aussi, eut un coup de foudre lors d\u2019une exposition canine pour ce petit cousin de sa race favorite. C\u2019est donc dans ce pays que je concentre mes recherches et que je d\u00e9cide finalement d\u2019adopter mes premiers Schapendoes de l\u2019\u00e9levage de madame Marie-Claude Couty, \u00e9leveure qui remporte de nombreux pris lors d\u2019expositions canines. Il me semble que cela est un bon gage de s\u00e9rieux et de qualit\u00e9 et je la contacte donc.<\/p>\n<p>Le 19 mai 1998, me voil\u00e0 donc de retour au Qu\u00e9bec avec mes deux schapendoes. Commence alors mes d\u00e9marches pour l\u2019enregistrement de O\u2019Fisban et O\u2019Thasna au Club canin canadien et pour faire reconna\u00eetre cette nouvelle race. Le CCC reconna\u00eetra la race en 2002 sous le nom de Dutch Sheepdog.<\/p>\n<p>D\u2019autres schapendoes seront \u00e9galement import\u00e9s d\u2019Europe au cours des premi\u00e8res ann\u00e9es dont<\/p>\n<ul>\n<li>Roane Sammie de la Vall\u00e9e du Doux 2000<\/li>\n<li>Ricadoes du Pr\u00e9 aux Vanneaux 2000<\/li>\n<li>Schrapdoes du Pr\u00e9 aux Vanneaux 2001<\/li>\n<li>Amco Logan Ionne Van de Korte Toren 2002<\/li>\n<li>Xalibu the Hicker de Olde Grise 2003<\/li>\n<li>Ietje Lindy Zanne van de Korte Toren 2003<\/li>\n<li>Futje Van Von Adam\u2019s Zotteln 2004<\/li>\n<\/ul>\n<p>Nous pouvons dire que ces schapendoes sont les parents des premiers schapendoes n\u00e9s au Qu\u00e9bec et au Canada.<\/p>\n<p>Le 12 novembre 2000, O\u2019Thasna donne naissance aux premiers schapendoes canadiens. Ils sont au nombre de huit (8), soit 3 m\u00e2les et 5 femelles. Ils seront adopt\u00e9s par des familles du Qu\u00e9bec, de l\u2019Ontario, de la Colombie-Britannique et de l\u2019\u00c9tat de Washington. Trois (3) d\u2019entre eux seront les parents de quelques futures port\u00e9es au Canada dont D\u00e9fi (Du Bouleau Blanc), Cl\u00e9o (Marie L\u00e9tourneau) et Fluffy (David Delafen\u00eatre en Colombie-Britannique).<\/p>\n<p>\u00c0 part la port\u00e9e de 2000, Thasna et Fisban seront les parents de trois autres port\u00e9es. Quant \u00e0 Fisban, il sera le p\u00e8re de la port\u00e9e dont est issue Tayana de la Bergerie (Schapannro) et de quelques 3 autres port\u00e9es avant d\u2019\u00eatre mis \u00e0 la retraite en juin 2008.<\/p>\n<p>On retrouve le nom de O\u2019Fisban de la Vall\u00e9e des Troglodytes sur le pedigree de nombreux schapendoes en Am\u00e9rique du Nord, que ce soit en tant que p\u00e8re, en tant que grand-p\u00e8re et m\u00eame en tant qu\u2019arri\u00e8re-grand-p\u00e8re. C\u2019est donc dire qu\u2019il laisse et laissera sa marque sur le d\u00e9veloppement de la race dans notre pays.<\/p>\n<p>Tous les premiers chiens fondateurs de la race au Canada se retrouvent au Qu\u00e9bec. On peut, sans trop se tromper, dire que le Qu\u00e9bec est le berceau de la race au Canada.<\/p>\n<p>La race est maintenant relativement connue et implant\u00e9e dans tout le Canada. Et si le Qu\u00e9bec est toujours la province o\u00f9 l\u2019on retrouve le plus d\u2019\u00e9leveurs et le plus de naissances, de nombreux schapendoes sont n\u00e9s ailleurs au Canada au cours des derni\u00e8res ann\u00e9es, principalement en Ontario.<\/p>\n<p><strong>Quelques dates importantes<br \/>\n<\/strong>1998\u00a0\u00a0 Importation des premiers schapendoes<br \/>\n1999\u00a0\u00a0 Inscription de la race sur la liste des chiens de races diverses du CCC<br \/>\n2005\u00a0\u00a0 Reconnaissance de la race par le CCC<br \/>\n2005\u00a0\u00a0 O\u2019Fisban de la Vall\u00e9e des Troglodytes est le 1er schapendoes (Dutch Sheepdog) \u00e0 \u00eatre<br \/>\nenregistr\u00e9 au CCC<br \/>\n2006\u00a0\u00a0D\u00e9but des comp\u00e9titions en conformation de la race dans le groupe des chiens de<br \/>\nberger (groupe 7)<\/p>\n","protected":false},"excerpt":{"rendered":"<p>Les d\u00e9buts de la race au Canada\u00a0\u00a0\u00a0\u00a0\u00a0 La belle aventure du Schapendoes commence le 19 mai 1998 avec l\u2019arriv\u00e9e au Canada, plus pr\u00e9cis\u00e9ment \u00e0 Qu\u00e9bec, de deux chiots noir et blanc nomm\u00e9s O\u2019Fisban et O\u2019Thasna de la Vall\u00e9e des Troglodytes.<\/p>\n","protected":false},"author":2,"featured_media":0,"parent":547,"menu_order":0,"comment_status":"closed","ping_status":"closed","template":"","meta":{"_monsterinsights_skip_tracking":false,"_monsterinsights_sitenote_active":false,"_monsterinsights_sitenote_note":"","_monsterinsights_sitenote_category":0,"footnotes":""},"tags":[49,47,13,10,48,33,50,20,45,30,21,41,22,38,37,39,40,44,43,42,36,29,24,31,25,46,17],"class_list":["post-1062","page","type-page","status-publish","hentry","tag-breeder","tag-brushing","tag-ckc","tag-club","tag-combing","tag-competition","tag-contacts","tag-dog","tag-dogs","tag-dutch-sheep-dog","tag-exercise","tag-family-pet","tag-fun","tag-grooming","tag-hairy-dog","tag-holland","tag-netherlands","tag-new-pet","tag-puppies","tag-puppy","tag-rare-breed","tag-schapendoes","tag-see-saw","tag-sheep-dog","tag-teeter-totter","tag-teeth","tag-tunnels"],"translation":{"provider":"WPGlobus","version":"3.0.2","language":"fr","enabled_languages":["en","fr"],"languages":{"en":{"title":true,"content":true,"excerpt":false},"fr":{"title":true,"content":true,"excerpt":false}}},"yoast_head":"<!-- This site is optimized with the Yoast SEO plugin v27.4 - https:\/\/yoast.com\/product\/yoast-seo-wordpress\/ -->\n<title>Histoire canadienne - Club des Schapendoes du Canada<\/title>\n<meta name=\"robots\" content=\"index, follow, max-snippet:-1, max-image-preview:large, max-video-preview:-1\" \/>\n<link rel=\"canonical\" href=\"https:\/\/schapendoesclub.ca\/fr\/health\/canadian-history\/\" \/>\n<meta name=\"twitter:label1\" content=\"Est. reading time\" \/>\n\t<meta name=\"twitter:data1\" content=\"2 minutes\" \/>\n<!-- \/ Yoast SEO plugin. -->","yoast_head_json":{"title":"Histoire canadienne - Club des Schapendoes du Canada","robots":{"index":"index","follow":"follow","max-snippet":"max-snippet:-1","max-image-preview":"max-image-preview:large","max-video-preview":"max-video-preview:-1"},"canonical":"https:\/\/schapendoesclub.ca\/fr\/health\/canadian-history\/","twitter_misc":{"Est. reading time":"2 minutes"},"schema":{"@context":"https:\/\/schema.org","@graph":[{"@type":"WebPage","@id":"https:\/\/schapendoesclub.ca\/fr\/health\/canadian-history\/","url":"https:\/\/schapendoesclub.ca\/fr\/health\/canadian-history\/","name":"Histoire canadienne - Club des Schapendoes du Canada","isPartOf":{"@id":"https:\/\/schapendoesclub.ca\/fr\/#website"},"primaryImageOfPage":{"@id":"https:\/\/schapendoesclub.ca\/fr\/health\/canadian-history\/#primaryimage"},"image":{"@id":"https:\/\/schapendoesclub.ca\/fr\/health\/canadian-history\/#primaryimage"},"thumbnailUrl":"http:\/\/schapendoesclub.ca\/wp-content\/uploads\/2014\/09\/Ramond-first-schapendoes.png","datePublished":"2014-10-30T20:37:06+00:00","dateModified":"2025-12-07T13:21:48+00:00","breadcrumb":{"@id":"https:\/\/schapendoesclub.ca\/fr\/health\/canadian-history\/#breadcrumb"},"inLanguage":"fr-FR","potentialAction":[{"@type":"ReadAction","target":["https:\/\/schapendoesclub.ca\/fr\/health\/canadian-history\/"]}]},{"@type":"ImageObject","inLanguage":"fr-FR","@id":"https:\/\/schapendoesclub.ca\/fr\/health\/canadian-history\/#primaryimage","url":"http:\/\/schapendoesclub.ca\/wp-content\/uploads\/2014\/09\/Ramond-first-schapendoes.png","contentUrl":"http:\/\/schapendoesclub.ca\/wp-content\/uploads\/2014\/09\/Ramond-first-schapendoes.png"},{"@type":"BreadcrumbList","@id":"https:\/\/schapendoesclub.ca\/fr\/health\/canadian-history\/#breadcrumb","itemListElement":[{"@type":"ListItem","position":1,"name":"Home","item":"https:\/\/schapendoesclub.ca\/"},{"@type":"ListItem","position":2,"name":"A propos du Schapendoes","item":"http:\/\/schapendoesclub.ca\/fr\/health\/"},{"@type":"ListItem","position":3,"name":"Histoire canadienne"}]},{"@type":"WebSite","@id":"https:\/\/schapendoesclub.ca\/fr\/#website","url":"https:\/\/schapendoesclub.ca\/fr\/","name":"Club des Schapendoes du Canada","description":"The Schapendoes Breed of Dogs in Canada","potentialAction":[{"@type":"SearchAction","target":{"@type":"EntryPoint","urlTemplate":"https:\/\/schapendoesclub.ca\/fr\/?s={search_term_string}"},"query-input":{"@type":"PropertyValueSpecification","valueRequired":true,"valueName":"search_term_string"}}],"inLanguage":"fr-FR"}]}},"jetpack_sharing_enabled":false,"jetpack_shortlink":"https:\/\/wp.me\/P4I34Z-h8","_links":{"self":[{"href":"http:\/\/schapendoesclub.ca\/fr\/wp-json\/wp\/v2\/pages\/1062","targetHints":{"allow":["GET"]}}],"collection":[{"href":"http:\/\/schapendoesclub.ca\/fr\/wp-json\/wp\/v2\/pages"}],"about":[{"href":"http:\/\/schapendoesclub.ca\/fr\/wp-json\/wp\/v2\/types\/page"}],"author":[{"embeddable":true,"href":"http:\/\/schapendoesclub.ca\/fr\/wp-json\/wp\/v2\/users\/2"}],"replies":[{"embeddable":true,"href":"http:\/\/schapendoesclub.ca\/fr\/wp-json\/wp\/v2\/comments?post=1062"}],"version-history":[{"count":10,"href":"http:\/\/schapendoesclub.ca\/fr\/wp-json\/wp\/v2\/pages\/1062\/revisions"}],"predecessor-version":[{"id":1907,"href":"http:\/\/schapendoesclub.ca\/fr\/wp-json\/wp\/v2\/pages\/1062\/revisions\/1907"}],"up":[{"embeddable":true,"href":"http:\/\/schapendoesclub.ca\/fr\/wp-json\/wp\/v2\/pages\/547"}],"wp:attachment":[{"href":"http:\/\/schapendoesclub.ca\/fr\/wp-json\/wp\/v2\/media?parent=1062"}],"wp:term":[{"taxonomy":"post_tag","embeddable":true,"href":"http:\/\/schapendoesclub.ca\/fr\/wp-json\/wp\/v2\/tags?post=1062"}],"curies":[{"name":"wp","href":"https:\/\/api.w.org\/{rel}","templated":true}]}}